{"id":46544,"date":"2025-09-12T13:40:21","date_gmt":"2025-09-12T11:40:21","guid":{"rendered":"https:\/\/www.elementishop.com\/downloads\/"},"modified":"2026-01-15T14:26:16","modified_gmt":"2026-01-15T13:26:16","slug":"downloads","status":"publish","type":"page","link":"https:\/\/www.elementishop.com\/nl\/downloads\/","title":{"rendered":"downloads"},"content":{"rendered":"\n<p>\u00a0<\/p>\n\n<section style=\"margin:24px;\">\n<h1 style=\"margin: 0 0 8px; font: 800 40px\/1.15 system-ui,-apple-system,'Segoe UI',Roboto,Arial; letter-spacing: .2px;\">Elementi Downloads<\/h1>\n<p style=\"margin: 0; font-size: 16px; line-height: 1.85; color: #475467;\">Hier vindt u alle <strong>Elementi catalogi<\/strong> en<br\/><strong>Elementi gebruiksaanwijzingen<\/strong> voor haarden en betonnen meubelen.<br\/>Open de documenten direct als PDF-bestand in uw browser.<\/p>\n<\/section>\n\n<section style=\"margin: 32px 24px;\">\n<h2 style=\"margin: 0 0 12px; font: 800 26px\/1.3 system-ui,-apple-system,'Segoe UI',Roboto,Arial;\">Elementi catalogi 2026<\/h2>\n<p><!-- Flex \u5bb9\u5668\uff1a\u81ea\u52a8\u6362\u884c\u3001\u7b49\u9ad8 --><\/p>\n<ul style=\"list-style: none; padding: 0; margin: 0 -8px; display: flex; flex-wrap: wrap; align-items: stretch;\" role=\"list\"><!-- \u5361\u7247 -->\n<li style=\"box-sizing: border-box; padding: 8px; flex: 1 1 280px; max-width: 100%;\">\n<div style=\"height: 100%; background: #fff; border: 1px solid #EEF1F4; border-radius: 14px; padding: 16px 16px 64px; box-shadow: 0 6px 24px rgba(17,20,24,.04); position: relative; display: block;\">\n<h3 style=\"margin: 0 0 6px; font: 700 18px\/1.35 system-ui,-apple-system,'Segoe UI',Roboto,Arial;\">Elementi brandcatalogus 2026<\/h3>\n<p style=\"margin: 0; color: #475467; font-size: 14px; line-height: 1.7;\">Het volledige overzicht van de Elementi FIRE collectie.<\/p>\n<p><a style=\"position: absolute; left: 16px; right: 16px; bottom: 16px; display: flex; align-items: center; justify-content: center; gap: 10px; text-decoration: none; background: #111418; color: #fff; border-radius: 12px; padding: 10px 12px;\" href=\"https:\/\/www.elementishop.com\/wp-content\/uploads\/2025\/07\/2026_ELEMENTI_GAS.pdf\" target=\"_blank\" rel=\"noopener noreferrer\"><br\/><img loading=\"lazy\" decoding=\"async\" style=\"display: block;\" src=\"https:\/\/www.elementishop.com\/wp-content\/uploads\/2025\/09\/PDF_icon.svg_.png\" alt=\"\" width=\"28\" height=\"28\"\/><br\/><span style=\"font-size: 14px; font-weight: bold; letter-spacing: .02em;\">Bekijk PDF<\/span><br\/><\/a><\/p>\n<\/div>\n<\/li>\n<li style=\"box-sizing: border-box; padding: 8px; flex: 1 1 280px; max-width: 100%;\">\n<div style=\"height: 100%; background: #fff; border: 1px solid #EEF1F4; border-radius: 14px; padding: 16px 16px 64px; box-shadow: 0 6px 24px rgba(17,20,24,.04); position: relative; display: block;\">\n<h3 style=\"margin: 0 0 6px; font: 700 18px\/1.35 system-ui,-apple-system,'Segoe UI',Roboto,Arial;\">Elementi HOME Catalogus 2026<\/h3>\n<p style=\"margin: 0; color: #475467; font-size: 14px; line-height: 1.7;\">Producten en innovaties uit het assortiment van Elementi HOME.<\/p>\n<p><a style=\"position: absolute; left: 16px; right: 16px; bottom: 16px; display: flex; align-items: center; justify-content: center; gap: 10px; text-decoration: none; background: #111418; color: #fff; border-radius: 12px; padding: 10px 12px;\" href=\"https:\/\/www.elementishop.com\/wp-content\/uploads\/2025\/07\/2026_ELEMENTI_HOME.pdf\" target=\"_blank\" rel=\"noopener noreferrer\"><br\/><img loading=\"lazy\" decoding=\"async\" style=\"display: block;\" src=\"https:\/\/www.elementishop.com\/wp-content\/uploads\/2025\/09\/PDF_icon.svg_.png\" alt=\"\" width=\"28\" height=\"28\"\/><br\/><span style=\"font-size: 14px; font-weight: bold; letter-spacing: .02em;\">Bekijk PDF<\/span><br\/><\/a><\/p>\n<\/div>\n<\/li>\n<\/ul>\n<\/section>\n\n<section style=\"margin: 32px 24px;\">\n<h2 style=\"margin: 0 0 12px; font: 800 26px\/1.3 system-ui,-apple-system,'Segoe UI',Roboto,Arial;\">Elementi catalogi 2025<\/h2>\n<p><!-- Flex \u5bb9\u5668\uff1a\u81ea\u52a8\u6362\u884c\u3001\u7b49\u9ad8 --><\/p>\n<ul style=\"list-style: none; padding: 0; margin: 0 -8px; display: flex; flex-wrap: wrap; align-items: stretch;\" role=\"list\"><!-- \u5361\u7247 -->\n<li style=\"box-sizing: border-box; padding: 8px; flex: 1 1 280px; max-width: 100%;\">\n<div style=\"height: 100%; background: #fff; border: 1px solid #EEF1F4; border-radius: 14px; padding: 16px 16px 64px; box-shadow: 0 6px 24px rgba(17,20,24,.04); position: relative; display: block;\">\n<h3 style=\"margin: 0 0 6px; font: 700 18px\/1.35 system-ui,-apple-system,'Segoe UI',Roboto,Arial;\">Elementi WATER catalogus 2025<\/h3>\n<p style=\"margin: 0; color: #475467; font-size: 14px; line-height: 1.7;\">Het volledige overzicht van de Elementi WATER collectie.<\/p>\n<p><a style=\"position: absolute; left: 16px; right: 16px; bottom: 16px; display: flex; align-items: center; justify-content: center; gap: 10px; text-decoration: none; background: #111418; color: #fff; border-radius: 12px; padding: 10px 12px;\" href=\"https:\/\/www.elementishop.com\/wp-content\/uploads\/2025\/07\/2025_ELEMENTI_WATER.pdf\" target=\"_blank\" rel=\"noopener noreferrer\"><br\/><img loading=\"lazy\" decoding=\"async\" style=\"display: block;\" src=\"https:\/\/www.elementishop.com\/wp-content\/uploads\/2025\/09\/PDF_icon.svg_.png\" alt=\"\" width=\"28\" height=\"28\"\/><br\/><span style=\"font-size: 14px; font-weight: bold; letter-spacing: .02em;\">Bekijk PDF<\/span><br\/><\/a><\/p>\n<\/div>\n<\/li>\n<li style=\"box-sizing: border-box; padding: 8px; flex: 1 1 280px; max-width: 100%;\">\n<div style=\"height: 100%; background: #fff; border: 1px solid #EEF1F4; border-radius: 14px; padding: 16px 16px 64px; box-shadow: 0 6px 24px rgba(17,20,24,.04); position: relative; display: block;\">\n<h3 style=\"margin: 0 0 6px; font: 700 18px\/1.35 system-ui,-apple-system,'Segoe UI',Roboto,Arial;\">Elementi HOME Catalogus 2025<\/h3>\n<p style=\"margin: 0; color: #475467; font-size: 14px; line-height: 1.7;\">Producten en innovaties uit het assortiment van Elementi HOME.<\/p>\n<p><a style=\"position: absolute; left: 16px; right: 16px; bottom: 16px; display: flex; align-items: center; justify-content: center; gap: 10px; text-decoration: none; background: #111418; color: #fff; border-radius: 12px; padding: 10px 12px;\" href=\"https:\/\/www.elementishop.com\/wp-content\/uploads\/2025\/07\/2025_ELEMENTI_HOME.pdf\" target=\"_blank\" rel=\"noopener noreferrer\"><br\/><img loading=\"lazy\" decoding=\"async\" style=\"display: block;\" src=\"https:\/\/www.elementishop.com\/wp-content\/uploads\/2025\/09\/PDF_icon.svg_.png\" alt=\"\" width=\"28\" height=\"28\"\/><br\/><span style=\"font-size: 14px; font-weight: bold; letter-spacing: .02em;\">Bekijk PDF<\/span><br\/><\/a><\/p>\n<\/div>\n<\/li>\n<li style=\"box-sizing: border-box; padding: 8px; flex: 1 1 280px; max-width: 100%;\">\n<div style=\"height: 100%; background: #fff; border: 1px solid #EEF1F4; border-radius: 14px; padding: 16px 16px 64px; box-shadow: 0 6px 24px rgba(17,20,24,.04); position: relative; display: block;\">\n<h3 style=\"margin: 0 0 6px; font: 700 18px\/1.35 system-ui,-apple-system,'Segoe UI',Roboto,Arial;\">Elementi GAS catalogus 2025<\/h3>\n<p style=\"margin: 0; color: #475467; font-size: 14px; line-height: 1.7;\">Alle haarden en accessoires uit de GAS-serie in \u00e9\u00e9n oogopslag.<\/p>\n<p><a style=\"position: absolute; left: 16px; right: 16px; bottom: 16px; display: flex; align-items: center; justify-content: center; gap: 10px; text-decoration: none; background: #111418; color: #fff; border-radius: 12px; padding: 10px 12px;\" href=\"https:\/\/www.elementishop.com\/wp-content\/uploads\/2025\/07\/2025_ELEMENTI_GAS.pdf\" target=\"_blank\" rel=\"noopener noreferrer\"><br\/><img loading=\"lazy\" decoding=\"async\" style=\"display: block;\" src=\"https:\/\/www.elementishop.com\/wp-content\/uploads\/2025\/09\/PDF_icon.svg_.png\" alt=\"\" width=\"28\" height=\"28\"\/><br\/><span style=\"font-size: 14px; font-weight: bold; letter-spacing: .02em;\">Bekijk PDF<\/span><br\/><\/a><\/p>\n<\/div>\n<\/li>\n<li style=\"box-sizing: border-box; padding: 8px; flex: 1 1 280px; max-width: 100%;\">\n<div style=\"height: 100%; background: #fff; border: 1px solid #EEF1F4; border-radius: 14px; padding: 16px 16px 64px; box-shadow: 0 6px 24px rgba(17,20,24,.04); position: relative; display: block;\">\n<h3 style=\"margin: 0 0 6px; font: 700 18px\/1.35 system-ui,-apple-system,'Segoe UI',Roboto,Arial;\">Elementi ECO BRAND catalogus 2026<\/h3>\n<p style=\"margin: 0; color: #475467; font-size: 14px; line-height: 1.7;\">Duurzame haarden uit de ECO FIRE collectie.<\/p>\n<p><a style=\"position: absolute; left: 16px; right: 16px; bottom: 16px; display: flex; align-items: center; justify-content: center; gap: 10px; text-decoration: none; background: #111418; color: #fff; border-radius: 12px; padding: 10px 12px;\" href=\"https:\/\/www.elementishop.com\/wp-content\/uploads\/2025\/07\/2025_ELEMENTI_ECO_FIRE.pdf\" target=\"_blank\" rel=\"noopener noreferrer\"><br\/><img loading=\"lazy\" decoding=\"async\" style=\"display: block;\" src=\"https:\/\/www.elementishop.com\/wp-content\/uploads\/2025\/09\/PDF_icon.svg_.png\" alt=\"\" width=\"28\" height=\"28\"\/><br\/><span style=\"font-size: 14px; font-weight: bold; letter-spacing: .02em;\">Bekijk PDF<\/span><br\/><\/a><\/p>\n<\/div>\n<\/li>\n<\/ul>\n<\/section>\n\n<section style=\"margin: 32px 24px;\">\n<h2 style=\"margin: 0 0 12px; font: 800 26px\/1.3 system-ui,-apple-system,'Segoe UI',Roboto,Arial;\">Gebruiksaanwijzing Elementi<\/h2>\n<ul style=\"list-style: none; padding: 0; margin: 0 -8px; display: flex; flex-wrap: wrap; align-items: stretch;\" role=\"list\">\n<li style=\"box-sizing: border-box; padding: 8px; flex: 1 1 320px; max-width: 100%;\">\n<div style=\"height: 100%; background: #fff; border: 1px solid #EEF1F4; border-radius: 14px; padding: 16px 16px 64px; box-shadow: 0 6px 24px rgba(17,20,24,.04); position: relative; display: block;\">\n<h3 style=\"margin: 0 0 6px; font: 700 18px\/1.35 system-ui,-apple-system,'Segoe UI',Roboto,Arial;\">Elementi gesinterd keramisch meubel handleiding<\/h3>\n<p style=\"margin: 0; color: #475467; font-size: 14px; line-height: 1.7;\">Universele gebruiksaanwijzing voor de meubelserie Elementi van gesinterd keramiek, beschikbaar in zes talen.<\/p>\n<p><a style=\"position: absolute; left: 16px; right: 16px; bottom: 16px; display: flex; align-items: center; justify-content: center; gap: 10px; text-decoration: none; background: #111418; color: #fff; border-radius: 12px; padding: 10px 12px;\" href=\"https:\/\/www.elementishop.com\/wp-content\/uploads\/2025\/07\/2025_ELEMENTI_Furniture_Manual_MultiLang_A5.pdf\" target=\"_blank\" rel=\"noopener noreferrer\"><br\/><img loading=\"lazy\" decoding=\"async\" style=\"display: block;\" src=\"https:\/\/www.elementishop.com\/wp-content\/uploads\/2025\/09\/PDF_icon.svg_.png\" alt=\"\" width=\"28\" height=\"28\"\/><br\/><span style=\"font-size: 14px; font-weight: bold; letter-spacing: .02em;\">Bekijk PDF<\/span><br\/><\/a><\/p>\n<\/div>\n<\/li>\n<li style=\"box-sizing: border-box; padding: 8px; flex: 1 1 320px; max-width: 100%;\">\n<div style=\"height: 100%; background: #fff; border: 1px solid #EEF1F4; border-radius: 14px; padding: 16px 16px 64px; box-shadow: 0 6px 24px rgba(17,20,24,.04); position: relative; display: block;\">\n<h3 style=\"margin: 0 0 6px; font: 700 18px\/1.35 system-ui,-apple-system,'Segoe UI',Roboto,Arial;\">Elementi GRC Home Gids<\/h3>\n<p style=\"margin: 0; color: #475467; font-size: 14px; line-height: 1.7;\">Gedetailleerde gebruiksaanwijzing voor de GRC Home serie.<\/p>\n<p><a style=\"position: absolute; left: 16px; right: 16px; bottom: 16px; display: flex; align-items: center; justify-content: center; gap: 10px; text-decoration: none; background: #111418; color: #fff; border-radius: 12px; padding: 10px 12px;\" href=\"https:\/\/www.elementishop.com\/wp-content\/uploads\/2025\/07\/2025_ELEMENTI_GRC_Home_Manual_A5.pdf\" target=\"_blank\" rel=\"noopener noreferrer\"><br\/><img loading=\"lazy\" decoding=\"async\" style=\"display: block;\" src=\"https:\/\/www.elementishop.com\/wp-content\/uploads\/2025\/09\/PDF_icon.svg_.png\" alt=\"\" width=\"28\" height=\"28\"\/><br\/><span style=\"font-size: 14px; font-weight: bold; letter-spacing: .02em;\">Bekijk PDF<\/span><br\/><\/a><\/p>\n<\/div>\n<\/li>\n<\/ul>\n<\/section>\n\n<p>\u00a0<\/p>\n","protected":false},"excerpt":{"rendered":"<p>\u00a0 Elementi Downloads Hier vindt u alle Elementi catalogi enElementi gebruiksaanwijzingen voor haarden en betonnen meubelen.Open de documenten direct als [&hellip;]<\/p>\n","protected":false},"author":1,"featured_media":0,"parent":0,"menu_order":0,"comment_status":"closed","ping_status":"closed","template":"","meta":{"site-sidebar-layout":"default","site-content-layout":"","ast-site-content-layout":"default","site-content-style":"default","site-sidebar-style":"default","ast-global-header-display":"","ast-banner-title-visibility":"","ast-main-header-display":"","ast-hfb-above-header-display":"","ast-hfb-below-header-display":"","ast-hfb-mobile-header-display":"","site-post-title":"","ast-breadcrumbs-content":"","ast-featured-img":"","footer-sml-layout":"","ast-disable-related-posts":"","theme-transparent-header-meta":"","adv-header-id-meta":"","stick-header-meta":"","header-above-stick-meta":"","header-main-stick-meta":"","header-below-stick-meta":"","astra-migrate-meta-layouts":"default","ast-page-background-enabled":"default","ast-page-background-meta":{"desktop":{"background-color":"var(--ast-global-color-5)","background-image":"","background-repeat":"repeat","background-position":"center center","background-size":"auto","background-attachment":"scroll","background-type":"","background-media":"","overlay-type":"","overlay-color":"","overlay-opacity":"","overlay-gradient":""},"tablet":{"background-color":"","background-image":"","background-repeat":"repeat","background-position":"center center","background-size":"auto","background-attachment":"scroll","background-type":"","background-media":"","overlay-type":"","overlay-color":"","overlay-opacity":"","overlay-gradient":""},"mobile":{"background-color":"","background-image":"","background-repeat":"repeat","background-position":"center center","background-size":"auto","background-attachment":"scroll","background-type":"","background-media":"","overlay-type":"","overlay-color":"","overlay-opacity":"","overlay-gradient":""}},"ast-content-background-meta":{"desktop":{"background-color":"var(--ast-global-color-4)","background-image":"","background-repeat":"repeat","background-position":"center center","background-size":"auto","background-attachment":"scroll","background-type":"","background-media":"","overlay-type":"","overlay-color":"","overlay-opacity":"","overlay-gradient":""},"tablet":{"background-color":"var(--ast-global-color-4)","background-image":"","background-repeat":"repeat","background-position":"center center","background-size":"auto","background-attachment":"scroll","background-type":"","background-media":"","overlay-type":"","overlay-color":"","overlay-opacity":"","overlay-gradient":""},"mobile":{"background-color":"var(--ast-global-color-4)","background-image":"","background-repeat":"repeat","background-position":"center center","background-size":"auto","background-attachment":"scroll","background-type":"","background-media":"","overlay-type":"","overlay-color":"","overlay-opacity":"","overlay-gradient":""}},"footnotes":""},"class_list":["post-46544","page","type-page","status-publish","hentry"],"yoast_head":"<!-- This site is optimized with the Yoast SEO Premium plugin v27.4 (Yoast SEO v27.4) - https:\/\/yoast.com\/product\/yoast-seo-premium-wordpress\/ -->\n<title>downloads - Elementi<\/title>\n<meta name=\"robots\" content=\"index, follow, max-snippet:-1, max-image-preview:large, max-video-preview:-1\" \/>\n<link rel=\"canonical\" href=\"https:\/\/www.elementishop.com\/nl\/downloads\/\" \/>\n<meta property=\"og:locale\" content=\"nl_NL\" \/>\n<meta property=\"og:type\" content=\"article\" \/>\n<meta property=\"og:title\" content=\"downloads - Elementi\" \/>\n<meta property=\"og:description\" content=\"\u00a0 Elementi Downloads Hier vindt u alle Elementi catalogi enElementi gebruiksaanwijzingen voor haarden en betonnen meubelen.Open de documenten direct als [&hellip;]\" \/>\n<meta property=\"og:url\" content=\"https:\/\/www.elementishop.com\/nl\/downloads\/\" \/>\n<meta property=\"og:site_name\" content=\"Elementi\" \/>\n<meta property=\"article:modified_time\" content=\"2026-01-15T13:26:16+00:00\" \/>\n<meta property=\"og:image\" content=\"https:\/\/www.elementishop.com\/wp-content\/uploads\/2025\/09\/PDF_icon.svg_.png\" \/>\n<meta name=\"twitter:card\" content=\"summary_large_image\" \/>\n<meta name=\"twitter:label1\" content=\"Geschatte leestijd\" \/>\n\t<meta name=\"twitter:data1\" content=\"1 minuut\" \/>\n<script type=\"application\/ld+json\" class=\"yoast-schema-graph\">{\"@context\":\"https:\\\/\\\/schema.org\",\"@graph\":[{\"@type\":\"WebPage\",\"@id\":\"https:\\\/\\\/www.elementishop.com\\\/nl\\\/downloads\\\/\",\"url\":\"https:\\\/\\\/www.elementishop.com\\\/nl\\\/downloads\\\/\",\"name\":\"downloads - Elementi\",\"isPartOf\":{\"@id\":\"https:\\\/\\\/www.elementishop.com\\\/nl\\\/#website\"},\"primaryImageOfPage\":{\"@id\":\"https:\\\/\\\/www.elementishop.com\\\/nl\\\/downloads\\\/#primaryimage\"},\"image\":{\"@id\":\"https:\\\/\\\/www.elementishop.com\\\/nl\\\/downloads\\\/#primaryimage\"},\"thumbnailUrl\":\"https:\\\/\\\/www.elementishop.com\\\/wp-content\\\/uploads\\\/2025\\\/09\\\/PDF_icon.svg_.png\",\"datePublished\":\"2025-09-12T11:40:21+00:00\",\"dateModified\":\"2026-01-15T13:26:16+00:00\",\"breadcrumb\":{\"@id\":\"https:\\\/\\\/www.elementishop.com\\\/nl\\\/downloads\\\/#breadcrumb\"},\"inLanguage\":\"nl-NL\",\"potentialAction\":[{\"@type\":\"ReadAction\",\"target\":[\"https:\\\/\\\/www.elementishop.com\\\/nl\\\/downloads\\\/\"]}]},{\"@type\":\"ImageObject\",\"inLanguage\":\"nl-NL\",\"@id\":\"https:\\\/\\\/www.elementishop.com\\\/nl\\\/downloads\\\/#primaryimage\",\"url\":\"https:\\\/\\\/www.elementishop.com\\\/wp-content\\\/uploads\\\/2025\\\/09\\\/PDF_icon.svg_.png\",\"contentUrl\":\"https:\\\/\\\/www.elementishop.com\\\/wp-content\\\/uploads\\\/2025\\\/09\\\/PDF_icon.svg_.png\"},{\"@type\":\"BreadcrumbList\",\"@id\":\"https:\\\/\\\/www.elementishop.com\\\/nl\\\/downloads\\\/#breadcrumb\",\"itemListElement\":[{\"@type\":\"ListItem\",\"position\":1,\"name\":\"Home\",\"item\":\"https:\\\/\\\/www.elementishop.com\\\/nl\\\/home\\\/\"},{\"@type\":\"ListItem\",\"position\":2,\"name\":\"downloads\"}]},{\"@type\":\"WebSite\",\"@id\":\"https:\\\/\\\/www.elementishop.com\\\/nl\\\/#website\",\"url\":\"https:\\\/\\\/www.elementishop.com\\\/nl\\\/\",\"name\":\"Elementi\",\"description\":\"Feuerstellen und Betonm\u00f6bel direkt vom Hersteller\",\"publisher\":{\"@id\":\"https:\\\/\\\/www.elementishop.com\\\/nl\\\/#organization\"},\"alternateName\":\"ELEMENTI\",\"potentialAction\":[{\"@type\":\"SearchAction\",\"target\":{\"@type\":\"EntryPoint\",\"urlTemplate\":\"https:\\\/\\\/www.elementishop.com\\\/nl\\\/?s={search_term_string}\"},\"query-input\":{\"@type\":\"PropertyValueSpecification\",\"valueRequired\":true,\"valueName\":\"search_term_string\"}}],\"inLanguage\":\"nl-NL\"},{\"@type\":\"Organization\",\"@id\":\"https:\\\/\\\/www.elementishop.com\\\/nl\\\/#organization\",\"name\":\"Elementi\",\"alternateName\":\"Ocean Rock EU GmbH\",\"url\":\"https:\\\/\\\/www.elementishop.com\\\/nl\\\/\",\"logo\":{\"@type\":\"ImageObject\",\"inLanguage\":\"nl-NL\",\"@id\":\"https:\\\/\\\/www.elementishop.com\\\/nl\\\/#\\\/schema\\\/logo\\\/image\\\/\",\"url\":\"https:\\\/\\\/www.elementishop.com\\\/wp-content\\\/uploads\\\/2024\\\/10\\\/Elementi_icon.png\",\"contentUrl\":\"https:\\\/\\\/www.elementishop.com\\\/wp-content\\\/uploads\\\/2024\\\/10\\\/Elementi_icon.png\",\"width\":32,\"height\":32,\"caption\":\"Elementi\"},\"image\":{\"@id\":\"https:\\\/\\\/www.elementishop.com\\\/nl\\\/#\\\/schema\\\/logo\\\/image\\\/\"},\"sameAs\":[\"https:\\\/\\\/www.youtube.com\\\/channel\\\/UCfS6nYgGKEK48J8PewFrWNQ\",\"https:\\\/\\\/www.instagram.com\\\/elementi.eu\\\/\",\"https:\\\/\\\/de.pinterest.com\\\/elementieurope\\\/_saved\\\/\",\"https:\\\/\\\/www.tiktok.com\\\/@elementi_spain?_t=8ovjXwJeKp7&_r=1\"],\"description\":\"ELEMENTI entwickelt hochwertige Gas-Feuerstellen und M\u00f6bel aus GFRC-Beton f\u00fcr den europ\u00e4ischen Markt \u2013 CE\\\/EN-konform mit passendem Zubeh\u00f6r.\",\"email\":\"info@elementieu.com\",\"telephone\":\"017623120610\",\"foundingDate\":\"2013-09-01\",\"vatID\":\"DE355807255\",\"taxID\":\"12257580929\",\"numberOfEmployees\":{\"@type\":\"QuantitativeValue\",\"minValue\":\"1\",\"maxValue\":\"10\"},\"publishingPrinciples\":\"https:\\\/\\\/www.elementishop.com\\\/ueber-uns\\\/\",\"ownershipFundingInfo\":\"https:\\\/\\\/www.elementishop.com\\\/impressum\\\/\",\"correctionsPolicy\":\"https:\\\/\\\/www.elementishop.com\\\/agb\\\/\",\"ethicsPolicy\":\"https:\\\/\\\/www.elementishop.com\\\/ueber-uns\\\/\",\"hasMerchantReturnPolicy\":{\"@type\":\"MerchantReturnPolicy\",\"merchantReturnLink\":\"https:\\\/\\\/www.elementishop.com\\\/widerrufsrecht\\\/\"}}]}<\/script>\n<!-- \/ Yoast SEO Premium plugin. -->","yoast_head_json":{"title":"downloads - Elementi","robots":{"index":"index","follow":"follow","max-snippet":"max-snippet:-1","max-image-preview":"max-image-preview:large","max-video-preview":"max-video-preview:-1"},"canonical":"https:\/\/www.elementishop.com\/nl\/downloads\/","og_locale":"nl_NL","og_type":"article","og_title":"downloads - Elementi","og_description":"\u00a0 Elementi Downloads Hier vindt u alle Elementi catalogi enElementi gebruiksaanwijzingen voor haarden en betonnen meubelen.Open de documenten direct als [&hellip;]","og_url":"https:\/\/www.elementishop.com\/nl\/downloads\/","og_site_name":"Elementi","article_modified_time":"2026-01-15T13:26:16+00:00","og_image":[{"url":"https:\/\/www.elementishop.com\/wp-content\/uploads\/2025\/09\/PDF_icon.svg_.png","type":"","width":"","height":""}],"twitter_card":"summary_large_image","twitter_misc":{"Geschatte leestijd":"1 minuut"},"schema":{"@context":"https:\/\/schema.org","@graph":[{"@type":"WebPage","@id":"https:\/\/www.elementishop.com\/nl\/downloads\/","url":"https:\/\/www.elementishop.com\/nl\/downloads\/","name":"downloads - Elementi","isPartOf":{"@id":"https:\/\/www.elementishop.com\/nl\/#website"},"primaryImageOfPage":{"@id":"https:\/\/www.elementishop.com\/nl\/downloads\/#primaryimage"},"image":{"@id":"https:\/\/www.elementishop.com\/nl\/downloads\/#primaryimage"},"thumbnailUrl":"https:\/\/www.elementishop.com\/wp-content\/uploads\/2025\/09\/PDF_icon.svg_.png","datePublished":"2025-09-12T11:40:21+00:00","dateModified":"2026-01-15T13:26:16+00:00","breadcrumb":{"@id":"https:\/\/www.elementishop.com\/nl\/downloads\/#breadcrumb"},"inLanguage":"nl-NL","potentialAction":[{"@type":"ReadAction","target":["https:\/\/www.elementishop.com\/nl\/downloads\/"]}]},{"@type":"ImageObject","inLanguage":"nl-NL","@id":"https:\/\/www.elementishop.com\/nl\/downloads\/#primaryimage","url":"https:\/\/www.elementishop.com\/wp-content\/uploads\/2025\/09\/PDF_icon.svg_.png","contentUrl":"https:\/\/www.elementishop.com\/wp-content\/uploads\/2025\/09\/PDF_icon.svg_.png"},{"@type":"BreadcrumbList","@id":"https:\/\/www.elementishop.com\/nl\/downloads\/#breadcrumb","itemListElement":[{"@type":"ListItem","position":1,"name":"Home","item":"https:\/\/www.elementishop.com\/nl\/home\/"},{"@type":"ListItem","position":2,"name":"downloads"}]},{"@type":"WebSite","@id":"https:\/\/www.elementishop.com\/nl\/#website","url":"https:\/\/www.elementishop.com\/nl\/","name":"Elementi","description":"Feuerstellen und Betonm\u00f6bel direkt vom Hersteller","publisher":{"@id":"https:\/\/www.elementishop.com\/nl\/#organization"},"alternateName":"ELEMENTI","potentialAction":[{"@type":"SearchAction","target":{"@type":"EntryPoint","urlTemplate":"https:\/\/www.elementishop.com\/nl\/?s={search_term_string}"},"query-input":{"@type":"PropertyValueSpecification","valueRequired":true,"valueName":"search_term_string"}}],"inLanguage":"nl-NL"},{"@type":"Organization","@id":"https:\/\/www.elementishop.com\/nl\/#organization","name":"Elementi","alternateName":"Ocean Rock EU GmbH","url":"https:\/\/www.elementishop.com\/nl\/","logo":{"@type":"ImageObject","inLanguage":"nl-NL","@id":"https:\/\/www.elementishop.com\/nl\/#\/schema\/logo\/image\/","url":"https:\/\/www.elementishop.com\/wp-content\/uploads\/2024\/10\/Elementi_icon.png","contentUrl":"https:\/\/www.elementishop.com\/wp-content\/uploads\/2024\/10\/Elementi_icon.png","width":32,"height":32,"caption":"Elementi"},"image":{"@id":"https:\/\/www.elementishop.com\/nl\/#\/schema\/logo\/image\/"},"sameAs":["https:\/\/www.youtube.com\/channel\/UCfS6nYgGKEK48J8PewFrWNQ","https:\/\/www.instagram.com\/elementi.eu\/","https:\/\/de.pinterest.com\/elementieurope\/_saved\/","https:\/\/www.tiktok.com\/@elementi_spain?_t=8ovjXwJeKp7&_r=1"],"description":"ELEMENTI entwickelt hochwertige Gas-Feuerstellen und M\u00f6bel aus GFRC-Beton f\u00fcr den europ\u00e4ischen Markt \u2013 CE\/EN-konform mit passendem Zubeh\u00f6r.","email":"info@elementieu.com","telephone":"017623120610","foundingDate":"2013-09-01","vatID":"DE355807255","taxID":"12257580929","numberOfEmployees":{"@type":"QuantitativeValue","minValue":"1","maxValue":"10"},"publishingPrinciples":"https:\/\/www.elementishop.com\/ueber-uns\/","ownershipFundingInfo":"https:\/\/www.elementishop.com\/impressum\/","correctionsPolicy":"https:\/\/www.elementishop.com\/agb\/","ethicsPolicy":"https:\/\/www.elementishop.com\/ueber-uns\/","hasMerchantReturnPolicy":{"@type":"MerchantReturnPolicy","merchantReturnLink":"https:\/\/www.elementishop.com\/widerrufsrecht\/"}}]}},"_links":{"self":[{"href":"https:\/\/www.elementishop.com\/nl\/wp-json\/wp\/v2\/pages\/46544","targetHints":{"allow":["GET"]}}],"collection":[{"href":"https:\/\/www.elementishop.com\/nl\/wp-json\/wp\/v2\/pages"}],"about":[{"href":"https:\/\/www.elementishop.com\/nl\/wp-json\/wp\/v2\/types\/page"}],"author":[{"embeddable":true,"href":"https:\/\/www.elementishop.com\/nl\/wp-json\/wp\/v2\/users\/1"}],"replies":[{"embeddable":true,"href":"https:\/\/www.elementishop.com\/nl\/wp-json\/wp\/v2\/comments?post=46544"}],"version-history":[{"count":4,"href":"https:\/\/www.elementishop.com\/nl\/wp-json\/wp\/v2\/pages\/46544\/revisions"}],"predecessor-version":[{"id":50365,"href":"https:\/\/www.elementishop.com\/nl\/wp-json\/wp\/v2\/pages\/46544\/revisions\/50365"}],"wp:attachment":[{"href":"https:\/\/www.elementishop.com\/nl\/wp-json\/wp\/v2\/media?parent=46544"}],"curies":[{"name":"wp","href":"https:\/\/api.w.org\/{rel}","templated":true}]}}