{"id":46541,"date":"2024-12-12T16:59:07","date_gmt":"2024-12-12T15:59:07","guid":{"rendered":"https:\/\/www.elementishop.com\/verzend-en-betalingsvoorwaarden\/"},"modified":"2025-11-11T09:55:51","modified_gmt":"2025-11-11T08:55:51","slug":"verzend-en-betalingsvoorwaarden","status":"publish","type":"page","link":"https:\/\/www.elementishop.com\/nl\/verzend-en-betalingsvoorwaarden\/","title":{"rendered":"Verzend- en betalingsvoorwaarden"},"content":{"rendered":"<div style=\"border: 1px solid #d6d3d1; border-left: 6px solid #d97706; padding: 1em 1.5em; background: #fdfaf6; border-radius: 8px; margin: 2em;\">\n<p><strong>Verzendvoorwaarden:<\/strong><\/p>\n<p>Levering<br \/>\nAfhankelijk van de grootte en het gewicht van uw bestelling wordt de verzending uitgevoerd via DHL, Hermes of een transportbedrijf. Levering aan Packstations is niet mogelijk.<\/p>\n<p><strong>Vrachtverzending<\/strong><br \/>\nAlle vuurtafels worden vanwege hun hoge gewicht per transporteur verzonden. De levering vindt plaats tot aan de stoeprand van uw woning. Dit betekent dat de chauffeurs niet verplicht zijn het product naar binnen te dragen.<\/p>\n<p><strong>Duitsland<\/strong><\/p>\n<p>Wij leveren uw bestelling gemakkelijk bij u thuis.<br \/>\nVoor kleinere bestellingen die per pakketdienst worden verzonden, rekenen wij <strong>\u20ac5,99<\/strong> per pakket.<br \/>\nVoor <strong>grote of zware goederen<\/strong> bedragen de verzendkosten <strong>\u20ac19,99<\/strong>.<br \/>\n<strong>Palletleveringen<\/strong> worden berekend met een vast tarief van <strong>\u20ac49,99<\/strong> of <strong>\u20ac79,99<\/strong> per pallet (afhankelijk van het leveringsgebied, het volume of het gewicht).<\/p>\n<p>Voor bestellingen boven \u20ac500 is de verzending gratis.<br \/>\nOnze standaardlevering vindt plaats tot aan de stoeprand.<br \/>\nVoor palletleveringen kunnen in bepaalde gevallen extra kosten gelden:<br \/>\nLevering in afgelegen gebieden of op eilanden: +\u20ac35 per zending<br \/>\nLevering op een vast tijdstip: +\u20ac25 per zending<br \/>\nExtra leverpoging na een mislukte eerste levering: +\u20ac45 per poging<br \/>\nAnnulering na verzending: +\u20ac45 plus de daadwerkelijk gemaakte transportkosten<\/p>\n<p><strong>EU-landen<\/strong><\/p>\n<p>Wij leveren ook betrouwbaar naar andere EU-landen.<br \/>\nVoor kleinere bestellingen die per pakketdienst worden verzonden, rekenen wij <strong>\u20ac17,99<\/strong> per pakket.<br \/>\n<strong>Palletleveringen<\/strong> worden berekend met een vast tarief van <strong>\u20ac99,99<\/strong> of <strong>\u20ac149,99<\/strong> per pallet (afhankelijk van het leveringsgebied, het volume of het gewicht).<\/p>\n<p>Voor bestellingen boven \u20ac500 nemen wij de verzendkosten voor onze rekening.<br \/>\nDe standaardlevering vindt plaats tot aan de stoeprand.<br \/>\nVoor palletleveringen kunnen de volgende extra kosten gelden:<br \/>\nLevering in afgelegen gebieden of op eilanden: +\u20ac35 per zending<br \/>\nLevering op een vast tijdstip: +\u20ac25 per zending<br \/>\nExtra leverpoging na een mislukte eerste levering: +\u20ac45 per poging<br \/>\nAnnulering na verzending: +\u20ac45 plus de daadwerkelijk gemaakte transportkosten<\/p>\n<p><strong>Zwitserland<\/strong><\/p>\n<p>Wij leveren ook in Zwitserland.<br \/>\nVoor kleinere bestellingen die per pakketdienst worden verzonden, rekenen wij <strong>\u20ac29,99<\/strong> per pakket.<br \/>\n<strong>Palletleveringen<\/strong> worden berekend met een vast tarief van <strong>\u20ac149,99<\/strong> of <strong>\u20ac199,99<\/strong> per pallet (afhankelijk van het leveringsgebied, het volume of het gewicht).<br \/>\nDe vermelde prijzen zijn inclusief alle toepasselijke douanerechten en invoerbelastingen. U als koper hoeft geen extra kosten te betalen bij levering.<\/p>\n<p><strong>Verzending naar andere landen<\/strong><br \/>\nVerzending naar andere bestemmingen kan op aanvraag worden aangeboden.<br \/>\nStuur ons een e-mail met de artikelnaam, hoeveelheid en het afleveradres, inclusief land en postcode. Wij laten u weten of levering naar de gewenste bestemming mogelijk is en welke verzendkosten van toepassing zijn.<\/p>\n<p>De verzendkosten kunnen pas worden berekend zodra de artikelen zich in het winkelwagentje bevinden.<\/p>\n<p>Als u gebruik maakt van uw herroepingsrecht en de goederen retourneert, vergoeden wij de volledige aankoopprijs van de geretourneerde producten. De retourkosten zijn voor rekening van de koper. Tenzij u ons anders instrueert, trekken wij deze retourkosten af van de reeds betaalde verzendkosten van de oorspronkelijke levering, aangezien wij de ophaling van de goederen bij u thuis organiseren.<\/p>\n<\/div>\n","protected":false},"excerpt":{"rendered":"<p>Verzendvoorwaarden: Levering Afhankelijk van de grootte en het gewicht van uw bestelling wordt de verzending uitgevoerd via DHL, Hermes of [&hellip;]<\/p>\n","protected":false},"author":1,"featured_media":0,"parent":0,"menu_order":0,"comment_status":"closed","ping_status":"closed","template":"","meta":{"site-sidebar-layout":"default","site-content-layout":"","ast-site-content-layout":"default","site-content-style":"default","site-sidebar-style":"default","ast-global-header-display":"","ast-banner-title-visibility":"","ast-main-header-display":"","ast-hfb-above-header-display":"","ast-hfb-below-header-display":"","ast-hfb-mobile-header-display":"","site-post-title":"","ast-breadcrumbs-content":"","ast-featured-img":"","footer-sml-layout":"","ast-disable-related-posts":"","theme-transparent-header-meta":"","adv-header-id-meta":"","stick-header-meta":"","header-above-stick-meta":"","header-main-stick-meta":"","header-below-stick-meta":"","astra-migrate-meta-layouts":"default","ast-page-background-enabled":"default","ast-page-background-meta":{"desktop":{"background-color":"var(--ast-global-color-5)","background-image":"","background-repeat":"repeat","background-position":"center center","background-size":"auto","background-attachment":"scroll","background-type":"","background-media":"","overlay-type":"","overlay-color":"","overlay-opacity":"","overlay-gradient":""},"tablet":{"background-color":"","background-image":"","background-repeat":"repeat","background-position":"center center","background-size":"auto","background-attachment":"scroll","background-type":"","background-media":"","overlay-type":"","overlay-color":"","overlay-opacity":"","overlay-gradient":""},"mobile":{"background-color":"","background-image":"","background-repeat":"repeat","background-position":"center center","background-size":"auto","background-attachment":"scroll","background-type":"","background-media":"","overlay-type":"","overlay-color":"","overlay-opacity":"","overlay-gradient":""}},"ast-content-background-meta":{"desktop":{"background-color":"var(--ast-global-color-4)","background-image":"","background-repeat":"repeat","background-position":"center center","background-size":"auto","background-attachment":"scroll","background-type":"","background-media":"","overlay-type":"","overlay-color":"","overlay-opacity":"","overlay-gradient":""},"tablet":{"background-color":"var(--ast-global-color-4)","background-image":"","background-repeat":"repeat","background-position":"center center","background-size":"auto","background-attachment":"scroll","background-type":"","background-media":"","overlay-type":"","overlay-color":"","overlay-opacity":"","overlay-gradient":""},"mobile":{"background-color":"var(--ast-global-color-4)","background-image":"","background-repeat":"repeat","background-position":"center center","background-size":"auto","background-attachment":"scroll","background-type":"","background-media":"","overlay-type":"","overlay-color":"","overlay-opacity":"","overlay-gradient":""}},"footnotes":""},"class_list":["post-46541","page","type-page","status-publish","hentry"],"yoast_head":"<!-- This site is optimized with the Yoast SEO Premium plugin v27.6 (Yoast SEO v27.6) - https:\/\/yoast.com\/product\/yoast-seo-premium-wordpress\/ -->\n<title>Verzend- en betalingsvoorwaarden - Elementi<\/title>\n<meta name=\"robots\" content=\"index, follow, max-snippet:-1, max-image-preview:large, max-video-preview:-1\" \/>\n<link rel=\"canonical\" href=\"https:\/\/www.elementishop.com\/nl\/verzend-en-betalingsvoorwaarden\/\" \/>\n<meta property=\"og:locale\" content=\"nl_NL\" \/>\n<meta property=\"og:type\" content=\"article\" \/>\n<meta property=\"og:title\" content=\"Verzend- en betalingsvoorwaarden - Elementi\" \/>\n<meta property=\"og:description\" content=\"Verzendvoorwaarden: Levering Afhankelijk van de grootte en het gewicht van uw bestelling wordt de verzending uitgevoerd via DHL, Hermes of [&hellip;]\" \/>\n<meta property=\"og:url\" content=\"https:\/\/www.elementishop.com\/nl\/verzend-en-betalingsvoorwaarden\/\" \/>\n<meta property=\"og:site_name\" content=\"Elementi\" \/>\n<meta property=\"article:modified_time\" content=\"2025-11-11T08:55:51+00:00\" \/>\n<meta property=\"og:image\" content=\"https:\/\/www.elementishop.com\/wp-content\/uploads\/2025\/05\/EAG13-CW-13-1.webp\" \/>\n\t<meta property=\"og:image:width\" content=\"1920\" \/>\n\t<meta property=\"og:image:height\" content=\"1280\" \/>\n\t<meta property=\"og:image:type\" content=\"image\/webp\" \/>\n<meta name=\"twitter:card\" content=\"summary_large_image\" \/>\n<meta name=\"twitter:label1\" content=\"Geschatte leestijd\" \/>\n\t<meta name=\"twitter:data1\" content=\"3 minuten\" \/>\n<script type=\"application\/ld+json\" class=\"yoast-schema-graph\">{\"@context\":\"https:\\\/\\\/schema.org\",\"@graph\":[{\"@type\":\"WebPage\",\"@id\":\"https:\\\/\\\/www.elementishop.com\\\/nl\\\/verzend-en-betalingsvoorwaarden\\\/\",\"url\":\"https:\\\/\\\/www.elementishop.com\\\/nl\\\/verzend-en-betalingsvoorwaarden\\\/\",\"name\":\"Verzend- en betalingsvoorwaarden - Elementi\",\"isPartOf\":{\"@id\":\"https:\\\/\\\/www.elementishop.com\\\/nl\\\/#website\"},\"datePublished\":\"2024-12-12T15:59:07+00:00\",\"dateModified\":\"2025-11-11T08:55:51+00:00\",\"breadcrumb\":{\"@id\":\"https:\\\/\\\/www.elementishop.com\\\/nl\\\/verzend-en-betalingsvoorwaarden\\\/#breadcrumb\"},\"inLanguage\":\"nl-NL\",\"potentialAction\":[{\"@type\":\"ReadAction\",\"target\":[\"https:\\\/\\\/www.elementishop.com\\\/nl\\\/verzend-en-betalingsvoorwaarden\\\/\"]}]},{\"@type\":\"BreadcrumbList\",\"@id\":\"https:\\\/\\\/www.elementishop.com\\\/nl\\\/verzend-en-betalingsvoorwaarden\\\/#breadcrumb\",\"itemListElement\":[{\"@type\":\"ListItem\",\"position\":1,\"name\":\"Home\",\"item\":\"https:\\\/\\\/www.elementishop.com\\\/nl\\\/home\\\/\"},{\"@type\":\"ListItem\",\"position\":2,\"name\":\"Verzend- en betalingsvoorwaarden\"}]},{\"@type\":\"WebSite\",\"@id\":\"https:\\\/\\\/www.elementishop.com\\\/nl\\\/#website\",\"url\":\"https:\\\/\\\/www.elementishop.com\\\/nl\\\/\",\"name\":\"Elementi\",\"description\":\"Feuerstellen und Betonm\u00f6bel direkt vom Hersteller\",\"publisher\":{\"@id\":\"https:\\\/\\\/www.elementishop.com\\\/nl\\\/#organization\"},\"alternateName\":\"ELEMENTI\",\"potentialAction\":[{\"@type\":\"SearchAction\",\"target\":{\"@type\":\"EntryPoint\",\"urlTemplate\":\"https:\\\/\\\/www.elementishop.com\\\/nl\\\/?s={search_term_string}\"},\"query-input\":{\"@type\":\"PropertyValueSpecification\",\"valueRequired\":true,\"valueName\":\"search_term_string\"}}],\"inLanguage\":\"nl-NL\"},{\"@type\":\"Organization\",\"@id\":\"https:\\\/\\\/www.elementishop.com\\\/nl\\\/#organization\",\"name\":\"Elementi\",\"alternateName\":\"Ocean Rock EU GmbH\",\"url\":\"https:\\\/\\\/www.elementishop.com\\\/nl\\\/\",\"logo\":{\"@type\":\"ImageObject\",\"inLanguage\":\"nl-NL\",\"@id\":\"https:\\\/\\\/www.elementishop.com\\\/nl\\\/#\\\/schema\\\/logo\\\/image\\\/\",\"url\":\"https:\\\/\\\/www.elementishop.com\\\/wp-content\\\/uploads\\\/2024\\\/10\\\/Elementi_icon.png\",\"contentUrl\":\"https:\\\/\\\/www.elementishop.com\\\/wp-content\\\/uploads\\\/2024\\\/10\\\/Elementi_icon.png\",\"width\":32,\"height\":32,\"caption\":\"Elementi\"},\"image\":{\"@id\":\"https:\\\/\\\/www.elementishop.com\\\/nl\\\/#\\\/schema\\\/logo\\\/image\\\/\"},\"sameAs\":[\"https:\\\/\\\/www.youtube.com\\\/channel\\\/UCfS6nYgGKEK48J8PewFrWNQ\",\"https:\\\/\\\/www.instagram.com\\\/elementi.eu\\\/\",\"https:\\\/\\\/de.pinterest.com\\\/elementieurope\\\/_saved\\\/\",\"https:\\\/\\\/www.tiktok.com\\\/@elementi_spain?_t=8ovjXwJeKp7&_r=1\"],\"description\":\"ELEMENTI entwickelt hochwertige Gas-Feuerstellen und M\u00f6bel aus GFRC-Beton f\u00fcr den europ\u00e4ischen Markt \u2013 CE\\\/EN-konform mit passendem Zubeh\u00f6r.\",\"email\":\"info@elementieu.com\",\"telephone\":\"017623120610\",\"foundingDate\":\"2013-09-01\",\"vatID\":\"DE355807255\",\"taxID\":\"12257580929\",\"numberOfEmployees\":{\"@type\":\"QuantitativeValue\",\"minValue\":\"1\",\"maxValue\":\"10\"},\"publishingPrinciples\":\"https:\\\/\\\/www.elementishop.com\\\/ueber-uns\\\/\",\"ownershipFundingInfo\":\"https:\\\/\\\/www.elementishop.com\\\/impressum\\\/\",\"correctionsPolicy\":\"https:\\\/\\\/www.elementishop.com\\\/agb\\\/\",\"ethicsPolicy\":\"https:\\\/\\\/www.elementishop.com\\\/ueber-uns\\\/\",\"hasMerchantReturnPolicy\":{\"@type\":\"MerchantReturnPolicy\",\"merchantReturnLink\":\"https:\\\/\\\/www.elementishop.com\\\/widerrufsrecht\\\/\"}}]}<\/script>\n<!-- \/ Yoast SEO Premium plugin. -->","yoast_head_json":{"title":"Verzend- en betalingsvoorwaarden - Elementi","robots":{"index":"index","follow":"follow","max-snippet":"max-snippet:-1","max-image-preview":"max-image-preview:large","max-video-preview":"max-video-preview:-1"},"canonical":"https:\/\/www.elementishop.com\/nl\/verzend-en-betalingsvoorwaarden\/","og_locale":"nl_NL","og_type":"article","og_title":"Verzend- en betalingsvoorwaarden - Elementi","og_description":"Verzendvoorwaarden: Levering Afhankelijk van de grootte en het gewicht van uw bestelling wordt de verzending uitgevoerd via DHL, Hermes of [&hellip;]","og_url":"https:\/\/www.elementishop.com\/nl\/verzend-en-betalingsvoorwaarden\/","og_site_name":"Elementi","article_modified_time":"2025-11-11T08:55:51+00:00","og_image":[{"width":1920,"height":1280,"url":"https:\/\/www.elementishop.com\/wp-content\/uploads\/2025\/05\/EAG13-CW-13-1.webp","type":"image\/webp"}],"twitter_card":"summary_large_image","twitter_misc":{"Geschatte leestijd":"3 minuten"},"schema":{"@context":"https:\/\/schema.org","@graph":[{"@type":"WebPage","@id":"https:\/\/www.elementishop.com\/nl\/verzend-en-betalingsvoorwaarden\/","url":"https:\/\/www.elementishop.com\/nl\/verzend-en-betalingsvoorwaarden\/","name":"Verzend- en betalingsvoorwaarden - Elementi","isPartOf":{"@id":"https:\/\/www.elementishop.com\/nl\/#website"},"datePublished":"2024-12-12T15:59:07+00:00","dateModified":"2025-11-11T08:55:51+00:00","breadcrumb":{"@id":"https:\/\/www.elementishop.com\/nl\/verzend-en-betalingsvoorwaarden\/#breadcrumb"},"inLanguage":"nl-NL","potentialAction":[{"@type":"ReadAction","target":["https:\/\/www.elementishop.com\/nl\/verzend-en-betalingsvoorwaarden\/"]}]},{"@type":"BreadcrumbList","@id":"https:\/\/www.elementishop.com\/nl\/verzend-en-betalingsvoorwaarden\/#breadcrumb","itemListElement":[{"@type":"ListItem","position":1,"name":"Home","item":"https:\/\/www.elementishop.com\/nl\/home\/"},{"@type":"ListItem","position":2,"name":"Verzend- en betalingsvoorwaarden"}]},{"@type":"WebSite","@id":"https:\/\/www.elementishop.com\/nl\/#website","url":"https:\/\/www.elementishop.com\/nl\/","name":"Elementi","description":"Feuerstellen und Betonm\u00f6bel direkt vom Hersteller","publisher":{"@id":"https:\/\/www.elementishop.com\/nl\/#organization"},"alternateName":"ELEMENTI","potentialAction":[{"@type":"SearchAction","target":{"@type":"EntryPoint","urlTemplate":"https:\/\/www.elementishop.com\/nl\/?s={search_term_string}"},"query-input":{"@type":"PropertyValueSpecification","valueRequired":true,"valueName":"search_term_string"}}],"inLanguage":"nl-NL"},{"@type":"Organization","@id":"https:\/\/www.elementishop.com\/nl\/#organization","name":"Elementi","alternateName":"Ocean Rock EU GmbH","url":"https:\/\/www.elementishop.com\/nl\/","logo":{"@type":"ImageObject","inLanguage":"nl-NL","@id":"https:\/\/www.elementishop.com\/nl\/#\/schema\/logo\/image\/","url":"https:\/\/www.elementishop.com\/wp-content\/uploads\/2024\/10\/Elementi_icon.png","contentUrl":"https:\/\/www.elementishop.com\/wp-content\/uploads\/2024\/10\/Elementi_icon.png","width":32,"height":32,"caption":"Elementi"},"image":{"@id":"https:\/\/www.elementishop.com\/nl\/#\/schema\/logo\/image\/"},"sameAs":["https:\/\/www.youtube.com\/channel\/UCfS6nYgGKEK48J8PewFrWNQ","https:\/\/www.instagram.com\/elementi.eu\/","https:\/\/de.pinterest.com\/elementieurope\/_saved\/","https:\/\/www.tiktok.com\/@elementi_spain?_t=8ovjXwJeKp7&_r=1"],"description":"ELEMENTI entwickelt hochwertige Gas-Feuerstellen und M\u00f6bel aus GFRC-Beton f\u00fcr den europ\u00e4ischen Markt \u2013 CE\/EN-konform mit passendem Zubeh\u00f6r.","email":"info@elementieu.com","telephone":"017623120610","foundingDate":"2013-09-01","vatID":"DE355807255","taxID":"12257580929","numberOfEmployees":{"@type":"QuantitativeValue","minValue":"1","maxValue":"10"},"publishingPrinciples":"https:\/\/www.elementishop.com\/ueber-uns\/","ownershipFundingInfo":"https:\/\/www.elementishop.com\/impressum\/","correctionsPolicy":"https:\/\/www.elementishop.com\/agb\/","ethicsPolicy":"https:\/\/www.elementishop.com\/ueber-uns\/","hasMerchantReturnPolicy":{"@type":"MerchantReturnPolicy","merchantReturnLink":"https:\/\/www.elementishop.com\/widerrufsrecht\/"}}]}},"_links":{"self":[{"href":"https:\/\/www.elementishop.com\/nl\/wp-json\/wp\/v2\/pages\/46541","targetHints":{"allow":["GET"]}}],"collection":[{"href":"https:\/\/www.elementishop.com\/nl\/wp-json\/wp\/v2\/pages"}],"about":[{"href":"https:\/\/www.elementishop.com\/nl\/wp-json\/wp\/v2\/types\/page"}],"author":[{"embeddable":true,"href":"https:\/\/www.elementishop.com\/nl\/wp-json\/wp\/v2\/users\/1"}],"replies":[{"embeddable":true,"href":"https:\/\/www.elementishop.com\/nl\/wp-json\/wp\/v2\/comments?post=46541"}],"version-history":[{"count":1,"href":"https:\/\/www.elementishop.com\/nl\/wp-json\/wp\/v2\/pages\/46541\/revisions"}],"predecessor-version":[{"id":48523,"href":"https:\/\/www.elementishop.com\/nl\/wp-json\/wp\/v2\/pages\/46541\/revisions\/48523"}],"wp:attachment":[{"href":"https:\/\/www.elementishop.com\/nl\/wp-json\/wp\/v2\/media?parent=46541"}],"curies":[{"name":"wp","href":"https:\/\/api.w.org\/{rel}","templated":true}]}}