{"id":25601,"date":"2026-04-30T01:31:48","date_gmt":"2026-04-29T23:31:48","guid":{"rendered":"https:\/\/www.elementishop.com\/protezione-dei-dati\/"},"modified":"2025-11-10T15:43:36","modified_gmt":"2025-11-10T14:43:36","slug":"protezione-dei-dati","status":"publish","type":"page","link":"https:\/\/www.elementishop.com\/it\/protezione-dei-dati\/","title":{"rendered":"Protezione dei dati"},"content":{"rendered":"<div style=\"border: 1px solid #d6d3d1; border-left: 6px solid #d97706; padding: 1em 1.5em; background: #fdfaf6; border-radius: 8px; margin: 2em;\">\n<p style=\"margin: 0;\"><div  class=\"agb_content agb_privacy  notranslate\"><div><h2>1) Informazioni sulla raccolta di dati personali e dati di contatto del responsabile del trattamento<\/h2>\n\n<p><b>1.1<\/b>&nbsp;Ti ringraziamo per aver visitato il nostro sito e per l'interesse dimostrato. Qui di seguito desideriamo informarti su come vengono gestiti i tuoi dati personali nell'ambito dell'utilizzo del nostro sito web. Per dati personali s'intendono tutti i dati che permettono di identificare personalmente l'utente.<\/p>\n\n<p><b>1.2<\/b>&nbsp;Il responsabile del trattamento dei dati forniti all'interno del nostro sito web ai sensi del Regolamento generale sulla protezione dei dati (RGPD) &egrave; Ocean Rock EU GmbH, Bussardweg 6, 41468 Langenfeld, Germania, Telefono: 017623120610, e-mail: jiebin.lan@oceanrockeu.com. Il responsabile del trattamento dei dati personali &egrave; la persona fisica o giuridica che, da sola o unitamente ad altri, determina le finalit&agrave; e gli strumenti dell'elaborazione di dati personali.<\/p>\n\n<h2>2) Raccolta dei dati in caso di visita al nostro sito web<\/h2>\n\n<p><b>2.1<\/b>&nbsp;Con l'utilizzo puramente informativo del nostro sito web, vale a dire senza effettuare alcuna registrazione o trasmettere informazioni in altro modo, vengono tracciati unicamente i dati trasmessi dal browser dell'utente al nostro server (i cosiddetti &quot;file di log del server&quot;). Quando l'utente accede al nostro sito web, rileviamo i dati tecnicamente necessari per la visualizzazione del sito stesso, ovvero:<\/p>\n\n<ul>\n<li>quale pagina &egrave; stata visitata<\/li>\n<li>data e ora al momento dell'accesso<\/li>\n<li>dimensioni dei dati inviati in Byte<\/li>\n<li>fonte\/riferimento da cui l'utente &egrave; giunto al sito<\/li>\n<li>browser utilizzato<\/li>\n<li>sistema operativo utilizzato<\/li>\n<li>indirizzo IP utilizzato (eventualmente in forma anonimizzata)<\/li>\n<\/ul>\n\n<p>Il trattamento avviene conformemente all'art. 6 c.. 1 let. f del RGPD sulla base del nostro legittimo interesse al miglioramento della stabilit&agrave; e della funzionalit&agrave; del nostro sito web. &Egrave; da escludersi la cessione o qualsiasi altro utilizzo dei dati. Qualora dovessero emergere indizi concreti di uso illecito, ci riserviamo tuttavia il diritto di verificare i file di log del server in un momento successivo.<\/p>\n\n<p><b>2.2<\/b>&nbsp;Per ragioni di sicurezza e ai fini della trasmissione di dati personali e altri contenuti riservati (ad es. ordini o richieste al responsabile), questo sito web impiega una crittografia SSL o TLS. La trasmissione crittografata si riconosce dalla barra del browser, dove l'indirizzo del sito &egrave; preceduto da &quot;https:\/\/&quot; e dall'icona del lucchetto.<\/p>\n\n<h2>3) Presa di contatto<\/h2>\n\n<p>Qualora l'utente ci contatti (ad es. tramite il modulo di contatto o via e-mail), avr&agrave; luogo la raccolta dei suoi dati personali. I dati personali raccolti in caso di compilazione del modulo di contatto sono indicati sul modulo stesso. Tali dati vengono memorizzati e utilizzati esclusivamente per rispondere alle richieste dell'utente, per contattarlo e per le operazioni di carattere tecnico correlate.<\/p>\n\n<p>Fondamento giuridico per il trattamento dei dati &egrave; il nostro legittimo interesse a rispondere alle richieste dell'utente conformemente all'art. 6 c. 1 let. f del RGPD. Qualora la presa di contatto da parte dell'utente sia finalizzata alla conclusione di un contratto, un ulteriore fondamento giuridico per il trattamento dei dati &egrave; fornito dall'art. 6 c. 1 let. b del RGPD. Una volta evasa la richiesta, i dati dell'utente verranno cancellati. Ci&ograve; avverr&agrave; solo una volta chiarito in via definitiva il contenuto della richiesta, e sempre che non sussistano obblighi di legge relativi alla conservazione dei dati.<\/p>\n\n<h2>4) Trattamento dei dati ai fini della gestione degli ordini<\/h2>\n\n<p>Nella misura in cui ci&ograve; sia necessario per l'elaborazione del contratto ai fini della consegna e del pagamento, i dati personali da noi raccolti saranno trasmessi all'azienda di trasporto incaricata e all'istituto di credito incaricato ai sensi dell'art. 6 c. 1 let. b RGPD.<\/p>\n\n<p>Se vi dobbiamo aggiornamenti per merci con elementi digitali o per prodotti digitali sulla base di un contratto corrispondente, tratteremo i dati di contatto (nome, indirizzo, indirizzo e-mail) da voi forniti al momento dell'ordine per informarvi personalmente con mezzi di comunicazione adeguati (ad es. per posta o e-mail) sugli aggiornamenti imminenti entro il periodo di tempo stabilito per legge nell'ambito del nostro obbligo di informazione ai sensi dell'art. 6 c. 1 let. c RGPD. I vostri dati di contatto saranno utilizzati esclusivamente per informarvi sugli aggiornamenti da noi dovuti e saranno da noi trattati a tale scopo solo nella misura in cui ci&ograve; sia necessario per le rispettive informazioni.<\/p>\n\n<p>Per l'elaborazione del vostro ordine collaboriamo anche con i seguenti fornitori di servizi, che ci supportano in tutto o in parte nell'esecuzione dei contratti stipulati. Alcuni dati personali vengono trasmessi a questi fornitori di servizi in base alle seguenti informazioni.<\/p>\n\n<h2>5) Diritti dell'interessato<\/h2>\n\n<p><b>5.1<\/b>&nbsp;Per quanto concerne il trattamento dei dati personali dell'utente, la legislazione vigente in materia di protezione dei dati pone al responsabile della procedura alcuni obblighi che garantiscono pieni diritti all'interessato (diritti di accesso e intervento) di cui informiamo qui di seguito:<\/p>\n\n<ul>\n<li>diritto di accesso (art. 15 RGPD);<\/li>\n<li>diritto di rettifica (art. 16 RGPD);<\/li>\n<li>diritto alla cancellazione (art. 17 RGPD);<\/li>\n<li>diritto di limitazione del trattamento (art. 18 RGPD);<\/li>\n<li>diritto di notifica (art. 19 RGPD);<\/li>\n<li>diritto alla portabilit&agrave; dei dati (art. 20 RGPD);<\/li>\n<li>diritto di revoca del consenso prestato (art. 7 com. 3 RGPD);<\/li>\n<li>diritto di reclamo (art. 77 RGPD).<\/li>\n<\/ul>\n\n<p><b>5.2<\/b>&nbsp;DIRITTO DI OPPOSIZIONE<\/p>\n\n<p>QUALORA, NELL'AMBITO DI UNA PONDERAZIONE DEGLI INTERESSI, I DATI DELL'UTENTE VENGANO DA NOI TRATTATI IN RAGIONE DEL NOSTRO LEGITTIMO INTERESSE PREVALENTE, EGLI POTR&Agrave; IN QUALSIASI MOMENTO OPPORSI A TALE TRATTAMENTO SENZA EFFETTO RETROATTIVO PER MOTIVI DERIVANTI DALLA PROPRIA SITUAZIONE SPECIFICA.<br \/>\nQUALORA L'UTENTE DECIDA DI AVVALERSI DEL PROPRIO DIRITTO DI OPPOSIZIONE, CESSEREMO IMMEDIATAMENTE IL TRATTAMENTO DEI DATI INTERESSATI. CI RISERVIAMO TUTTAVIA LA FACOLT&Agrave; DI POTER CONTINUARE IL TRATTAMENTO DEI SUDDETTI DATI QUALORA FOSSIMO IN GRADO DI DIMOSTRARE LEGITTIME E IMPERATIVE RAGIONI DI TALE TRATTAMENTO CHE PREVALGANO SUGLI INTERESSI, I DIRITTI FONDAMENTALI E LE LIBERT&Agrave; FONDAMENTALI DELL'UTENTE, OPPURE QUALORA IL TRATTAMENTO SIA NECESSARIO ALLA RIVENDICAZIONE, ALL'ESERCIZIO O ALLA DIFESA DI UN DIRITTO IN SEDE GIUDIZIARIA.<br \/>\nNEL CASO IN CUI I DATI DELL'UTENTE VENGANO DA NOI TRATTATI AL FINE DI PROPORRE PUBBLICIT&Agrave; DIRETTA, EGLI AVR&Agrave; LA FACOLT&Agrave; DI OPPORSI IN QUALUNQUE MOMENTO AL TRATTAMENTO DEI PROPRI DATI PERSONALI FINALIZZATO ALLA PROPOSTA DI TALE PUBBLICIT&Agrave;. L&rsquo;UTENTE POTR&Agrave; ESERCITARE IL PROPRIO DIRITTO DI OPPOSIZIONE COME SOPRA DESCRITTO.<br \/>\nQUALORA L'UTENTE DECIDA DI ESERCITARE IL PROPRIO DIRITTO DI OPPOSIZIONE, CESSEREMO IMMEDIATAMENTE IL TRATTAMENTO DEI DATI I A SCOPO DI PUBBLICIT&Agrave; DIRETTA.<\/p>\n\n<h2>6) Periodo di conservazione dei dati personali<\/h2>\n\n<p>La durata dell'archiviazione dei dati personali &egrave; determinata dalla rispettiva base legale, dallo scopo dell'elaborazione e - se rilevante - anche dal rispettivo periodo di conservazione legale (ad esempio i periodi di conservazione secondo il diritto commerciale e fiscale).<\/p>\n\n<p>In caso di trattamento dei dati personali sulla base di un consenso esplicito ai sensi dell'art. 6 par. 1 lit. a RGPD, questi dati vengono conservati fino alla revoca del consenso da parte della persona interessata.<\/p>\n\n<p>Se sono previsti periodi di conservazione legali per i dati elaborati nell'ambito di obblighi legali o quasi legali sulla base dell'art. 6 par. 1 lit. b RGPD, questi dati saranno cancellati di routine dopo la scadenza dei periodi di conservazione, nella misura in cui non siano pi&ugrave; necessari per l'adempimento di un contratto o l'avvio di un contratto e\/o non vi sia un ulteriore interesse giustificato da parte nostra a continuare a conservarli.<\/p>\n\n<p>In caso di trattamento dei dati personali sulla base dell'art. 6 par. 1 lit. f RGPD, tali dati vengono conservati fino a quando la persona interessata non esercita il suo diritto di opposizione ai sensi dell'art. 21 par. 1 RGPD, a meno che non possiamo dimostrare motivi legittimi impellenti per il trattamento che prevalgono sugli interessi, i diritti e le libert&agrave; della persona interessata, o il trattamento serve a far valere, esercitare o difendere diritti legali.<\/p>\n\n<p>In caso di trattamento dei dati personali a scopo di marketing diretto sulla base dell'art. 6 par. 1 lit. f RGPD, tali dati vengono conservati fino a quando la persona interessata non esercita il suo diritto di opposizione ai sensi dell'art. 21 par. 2 RGPD.<\/p>\n\n<p>Se non diversamente indicato nelle altre informazioni di questa dichiarazione su specifiche situazioni di trattamento, i dati personali memorizzati saranno altrimenti cancellati quando non saranno pi&ugrave; necessari per gli scopi per i quali sono stati raccolti o altrimenti trattati.<\/p><\/div><div id=\"itkanzlei_txt_copyright\" style=\"font-size: 12px; margin-top: 8em;\"><div style=\"display: inline-block; vertical-align: top;\"><a href=\"https:\/\/www.it-recht-kanzlei.de\/\" target=\"_blank\"><img decoding=\"async\" src=\"https:\/\/www.it-recht-kanzlei.de\/logo\/Copyright-Logo_Datenschutzerklaerung.png?i=4d81d-33f9f-39c8-907e-1\" id=\"itkanzlei_img_copyright\" alt=\"&copy; IT-Recht Kanzlei\" title=\"&copy; IT-Recht Kanzlei\" style=\"margin-top: -20px; border-style: none; max-width: 100%;\" \/><\/a><\/div><div style=\"display: inline-block; vertical-align: top; margin-left: 5px; float: right; white-space: nowrap;\">Versione: 22.04.2026, 03:28:18<\/div><div style=\"clear: right;\"><\/div><\/div><\/div><\/p>\n<\/div>\n","protected":false},"excerpt":{"rendered":"","protected":false},"author":1,"featured_media":0,"parent":0,"menu_order":0,"comment_status":"closed","ping_status":"closed","template":"","meta":{"site-sidebar-layout":"default","site-content-layout":"","ast-site-content-layout":"default","site-content-style":"default","site-sidebar-style":"default","ast-global-header-display":"","ast-banner-title-visibility":"","ast-main-header-display":"","ast-hfb-above-header-display":"","ast-hfb-below-header-display":"","ast-hfb-mobile-header-display":"","site-post-title":"","ast-breadcrumbs-content":"","ast-featured-img":"","footer-sml-layout":"","ast-disable-related-posts":"","theme-transparent-header-meta":"","adv-header-id-meta":"","stick-header-meta":"","header-above-stick-meta":"","header-main-stick-meta":"","header-below-stick-meta":"","astra-migrate-meta-layouts":"default","ast-page-background-enabled":"default","ast-page-background-meta":{"desktop":{"background-color":"var(--ast-global-color-5)","background-image":"","background-repeat":"repeat","background-position":"center center","background-size":"auto","background-attachment":"scroll","background-type":"","background-media":"","overlay-type":"","overlay-color":"","overlay-opacity":"","overlay-gradient":""},"tablet":{"background-color":"","background-image":"","background-repeat":"repeat","background-position":"center center","background-size":"auto","background-attachment":"scroll","background-type":"","background-media":"","overlay-type":"","overlay-color":"","overlay-opacity":"","overlay-gradient":""},"mobile":{"background-color":"","background-image":"","background-repeat":"repeat","background-position":"center center","background-size":"auto","background-attachment":"scroll","background-type":"","background-media":"","overlay-type":"","overlay-color":"","overlay-opacity":"","overlay-gradient":""}},"ast-content-background-meta":{"desktop":{"background-color":"var(--ast-global-color-4)","background-image":"","background-repeat":"repeat","background-position":"center center","background-size":"auto","background-attachment":"scroll","background-type":"","background-media":"","overlay-type":"","overlay-color":"","overlay-opacity":"","overlay-gradient":""},"tablet":{"background-color":"var(--ast-global-color-4)","background-image":"","background-repeat":"repeat","background-position":"center center","background-size":"auto","background-attachment":"scroll","background-type":"","background-media":"","overlay-type":"","overlay-color":"","overlay-opacity":"","overlay-gradient":""},"mobile":{"background-color":"var(--ast-global-color-4)","background-image":"","background-repeat":"repeat","background-position":"center center","background-size":"auto","background-attachment":"scroll","background-type":"","background-media":"","overlay-type":"","overlay-color":"","overlay-opacity":"","overlay-gradient":""}},"footnotes":""},"class_list":["post-25601","page","type-page","status-publish","hentry"],"yoast_head":"<!-- This site is optimized with the Yoast SEO Premium plugin v27.5 (Yoast SEO v27.5) - https:\/\/yoast.com\/product\/yoast-seo-premium-wordpress\/ -->\n<title>Protezione dei dati - Elementi<\/title>\n<meta name=\"robots\" content=\"index, follow, max-snippet:-1, max-image-preview:large, max-video-preview:-1\" \/>\n<link rel=\"canonical\" href=\"https:\/\/www.elementishop.com\/it\/protezione-dei-dati\/\" \/>\n<meta property=\"og:locale\" content=\"it_IT\" \/>\n<meta property=\"og:type\" content=\"article\" \/>\n<meta property=\"og:title\" content=\"Protezione dei dati - Elementi\" \/>\n<meta property=\"og:url\" content=\"https:\/\/www.elementishop.com\/it\/protezione-dei-dati\/\" \/>\n<meta property=\"og:site_name\" content=\"Elementi\" \/>\n<meta property=\"og:image\" content=\"https:\/\/www.elementishop.com\/wp-content\/uploads\/2025\/05\/EAG13-CW-13-1.webp\" \/>\n\t<meta property=\"og:image:width\" content=\"1920\" \/>\n\t<meta property=\"og:image:height\" content=\"1280\" \/>\n\t<meta property=\"og:image:type\" content=\"image\/webp\" \/>\n<meta name=\"twitter:card\" content=\"summary_large_image\" \/>\n<meta name=\"twitter:label1\" content=\"Tempo di lettura stimato\" \/>\n\t<meta name=\"twitter:data1\" content=\"1 minuto\" \/>\n<script type=\"application\/ld+json\" class=\"yoast-schema-graph\">{\"@context\":\"https:\\\/\\\/schema.org\",\"@graph\":[{\"@type\":\"WebPage\",\"@id\":\"https:\\\/\\\/www.elementishop.com\\\/it\\\/protezione-dei-dati\\\/\",\"url\":\"https:\\\/\\\/www.elementishop.com\\\/it\\\/protezione-dei-dati\\\/\",\"name\":\"Protezione dei dati - Elementi\",\"isPartOf\":{\"@id\":\"https:\\\/\\\/www.elementishop.com\\\/it\\\/#website\"},\"datePublished\":\"2026-04-29T23:31:48+00:00\",\"breadcrumb\":{\"@id\":\"https:\\\/\\\/www.elementishop.com\\\/it\\\/protezione-dei-dati\\\/#breadcrumb\"},\"inLanguage\":\"it-IT\",\"potentialAction\":[{\"@type\":\"ReadAction\",\"target\":[\"https:\\\/\\\/www.elementishop.com\\\/it\\\/protezione-dei-dati\\\/\"]}]},{\"@type\":\"BreadcrumbList\",\"@id\":\"https:\\\/\\\/www.elementishop.com\\\/it\\\/protezione-dei-dati\\\/#breadcrumb\",\"itemListElement\":[{\"@type\":\"ListItem\",\"position\":1,\"name\":\"Home\",\"item\":\"https:\\\/\\\/www.elementishop.com\\\/it\\\/casa\\\/\"},{\"@type\":\"ListItem\",\"position\":2,\"name\":\"Protezione dei dati\"}]},{\"@type\":\"WebSite\",\"@id\":\"https:\\\/\\\/www.elementishop.com\\\/it\\\/#website\",\"url\":\"https:\\\/\\\/www.elementishop.com\\\/it\\\/\",\"name\":\"Elementi\",\"description\":\"Feuerstellen und Betonm\u00f6bel direkt vom Hersteller\",\"publisher\":{\"@id\":\"https:\\\/\\\/www.elementishop.com\\\/it\\\/#organization\"},\"alternateName\":\"ELEMENTI\",\"potentialAction\":[{\"@type\":\"SearchAction\",\"target\":{\"@type\":\"EntryPoint\",\"urlTemplate\":\"https:\\\/\\\/www.elementishop.com\\\/it\\\/?s={search_term_string}\"},\"query-input\":{\"@type\":\"PropertyValueSpecification\",\"valueRequired\":true,\"valueName\":\"search_term_string\"}}],\"inLanguage\":\"it-IT\"},{\"@type\":\"Organization\",\"@id\":\"https:\\\/\\\/www.elementishop.com\\\/it\\\/#organization\",\"name\":\"Elementi\",\"alternateName\":\"Ocean Rock EU GmbH\",\"url\":\"https:\\\/\\\/www.elementishop.com\\\/it\\\/\",\"logo\":{\"@type\":\"ImageObject\",\"inLanguage\":\"it-IT\",\"@id\":\"https:\\\/\\\/www.elementishop.com\\\/it\\\/#\\\/schema\\\/logo\\\/image\\\/\",\"url\":\"https:\\\/\\\/www.elementishop.com\\\/wp-content\\\/uploads\\\/2024\\\/10\\\/Elementi_icon.png\",\"contentUrl\":\"https:\\\/\\\/www.elementishop.com\\\/wp-content\\\/uploads\\\/2024\\\/10\\\/Elementi_icon.png\",\"width\":32,\"height\":32,\"caption\":\"Elementi\"},\"image\":{\"@id\":\"https:\\\/\\\/www.elementishop.com\\\/it\\\/#\\\/schema\\\/logo\\\/image\\\/\"},\"sameAs\":[\"https:\\\/\\\/www.youtube.com\\\/channel\\\/UCfS6nYgGKEK48J8PewFrWNQ\",\"https:\\\/\\\/www.instagram.com\\\/elementi.eu\\\/\",\"https:\\\/\\\/de.pinterest.com\\\/elementieurope\\\/_saved\\\/\",\"https:\\\/\\\/www.tiktok.com\\\/@elementi_spain?_t=8ovjXwJeKp7&_r=1\"],\"description\":\"ELEMENTI entwickelt hochwertige Gas-Feuerstellen und M\u00f6bel aus GFRC-Beton f\u00fcr den europ\u00e4ischen Markt \u2013 CE\\\/EN-konform mit passendem Zubeh\u00f6r.\",\"email\":\"info@elementieu.com\",\"telephone\":\"017623120610\",\"foundingDate\":\"2013-09-01\",\"vatID\":\"DE355807255\",\"taxID\":\"12257580929\",\"numberOfEmployees\":{\"@type\":\"QuantitativeValue\",\"minValue\":\"1\",\"maxValue\":\"10\"},\"publishingPrinciples\":\"https:\\\/\\\/www.elementishop.com\\\/ueber-uns\\\/\",\"ownershipFundingInfo\":\"https:\\\/\\\/www.elementishop.com\\\/impressum\\\/\",\"correctionsPolicy\":\"https:\\\/\\\/www.elementishop.com\\\/agb\\\/\",\"ethicsPolicy\":\"https:\\\/\\\/www.elementishop.com\\\/ueber-uns\\\/\",\"hasMerchantReturnPolicy\":{\"@type\":\"MerchantReturnPolicy\",\"merchantReturnLink\":\"https:\\\/\\\/www.elementishop.com\\\/widerrufsrecht\\\/\"}}]}<\/script>\n<!-- \/ Yoast SEO Premium plugin. -->","yoast_head_json":{"title":"Protezione dei dati - Elementi","robots":{"index":"index","follow":"follow","max-snippet":"max-snippet:-1","max-image-preview":"max-image-preview:large","max-video-preview":"max-video-preview:-1"},"canonical":"https:\/\/www.elementishop.com\/it\/protezione-dei-dati\/","og_locale":"it_IT","og_type":"article","og_title":"Protezione dei dati - Elementi","og_url":"https:\/\/www.elementishop.com\/it\/protezione-dei-dati\/","og_site_name":"Elementi","og_image":[{"width":1920,"height":1280,"url":"https:\/\/www.elementishop.com\/wp-content\/uploads\/2025\/05\/EAG13-CW-13-1.webp","type":"image\/webp"}],"twitter_card":"summary_large_image","twitter_misc":{"Tempo di lettura stimato":"1 minuto"},"schema":{"@context":"https:\/\/schema.org","@graph":[{"@type":"WebPage","@id":"https:\/\/www.elementishop.com\/it\/protezione-dei-dati\/","url":"https:\/\/www.elementishop.com\/it\/protezione-dei-dati\/","name":"Protezione dei dati - Elementi","isPartOf":{"@id":"https:\/\/www.elementishop.com\/it\/#website"},"datePublished":"2026-04-29T23:31:48+00:00","breadcrumb":{"@id":"https:\/\/www.elementishop.com\/it\/protezione-dei-dati\/#breadcrumb"},"inLanguage":"it-IT","potentialAction":[{"@type":"ReadAction","target":["https:\/\/www.elementishop.com\/it\/protezione-dei-dati\/"]}]},{"@type":"BreadcrumbList","@id":"https:\/\/www.elementishop.com\/it\/protezione-dei-dati\/#breadcrumb","itemListElement":[{"@type":"ListItem","position":1,"name":"Home","item":"https:\/\/www.elementishop.com\/it\/casa\/"},{"@type":"ListItem","position":2,"name":"Protezione dei dati"}]},{"@type":"WebSite","@id":"https:\/\/www.elementishop.com\/it\/#website","url":"https:\/\/www.elementishop.com\/it\/","name":"Elementi","description":"Feuerstellen und Betonm\u00f6bel direkt vom Hersteller","publisher":{"@id":"https:\/\/www.elementishop.com\/it\/#organization"},"alternateName":"ELEMENTI","potentialAction":[{"@type":"SearchAction","target":{"@type":"EntryPoint","urlTemplate":"https:\/\/www.elementishop.com\/it\/?s={search_term_string}"},"query-input":{"@type":"PropertyValueSpecification","valueRequired":true,"valueName":"search_term_string"}}],"inLanguage":"it-IT"},{"@type":"Organization","@id":"https:\/\/www.elementishop.com\/it\/#organization","name":"Elementi","alternateName":"Ocean Rock EU GmbH","url":"https:\/\/www.elementishop.com\/it\/","logo":{"@type":"ImageObject","inLanguage":"it-IT","@id":"https:\/\/www.elementishop.com\/it\/#\/schema\/logo\/image\/","url":"https:\/\/www.elementishop.com\/wp-content\/uploads\/2024\/10\/Elementi_icon.png","contentUrl":"https:\/\/www.elementishop.com\/wp-content\/uploads\/2024\/10\/Elementi_icon.png","width":32,"height":32,"caption":"Elementi"},"image":{"@id":"https:\/\/www.elementishop.com\/it\/#\/schema\/logo\/image\/"},"sameAs":["https:\/\/www.youtube.com\/channel\/UCfS6nYgGKEK48J8PewFrWNQ","https:\/\/www.instagram.com\/elementi.eu\/","https:\/\/de.pinterest.com\/elementieurope\/_saved\/","https:\/\/www.tiktok.com\/@elementi_spain?_t=8ovjXwJeKp7&_r=1"],"description":"ELEMENTI entwickelt hochwertige Gas-Feuerstellen und M\u00f6bel aus GFRC-Beton f\u00fcr den europ\u00e4ischen Markt \u2013 CE\/EN-konform mit passendem Zubeh\u00f6r.","email":"info@elementieu.com","telephone":"017623120610","foundingDate":"2013-09-01","vatID":"DE355807255","taxID":"12257580929","numberOfEmployees":{"@type":"QuantitativeValue","minValue":"1","maxValue":"10"},"publishingPrinciples":"https:\/\/www.elementishop.com\/ueber-uns\/","ownershipFundingInfo":"https:\/\/www.elementishop.com\/impressum\/","correctionsPolicy":"https:\/\/www.elementishop.com\/agb\/","ethicsPolicy":"https:\/\/www.elementishop.com\/ueber-uns\/","hasMerchantReturnPolicy":{"@type":"MerchantReturnPolicy","merchantReturnLink":"https:\/\/www.elementishop.com\/widerrufsrecht\/"}}]}},"_links":{"self":[{"href":"https:\/\/www.elementishop.com\/it\/wp-json\/wp\/v2\/pages\/25601","targetHints":{"allow":["GET"]}}],"collection":[{"href":"https:\/\/www.elementishop.com\/it\/wp-json\/wp\/v2\/pages"}],"about":[{"href":"https:\/\/www.elementishop.com\/it\/wp-json\/wp\/v2\/types\/page"}],"author":[{"embeddable":true,"href":"https:\/\/www.elementishop.com\/it\/wp-json\/wp\/v2\/users\/1"}],"replies":[{"embeddable":true,"href":"https:\/\/www.elementishop.com\/it\/wp-json\/wp\/v2\/comments?post=25601"}],"version-history":[{"count":2,"href":"https:\/\/www.elementishop.com\/it\/wp-json\/wp\/v2\/pages\/25601\/revisions"}],"predecessor-version":[{"id":48512,"href":"https:\/\/www.elementishop.com\/it\/wp-json\/wp\/v2\/pages\/25601\/revisions\/48512"}],"wp:attachment":[{"href":"https:\/\/www.elementishop.com\/it\/wp-json\/wp\/v2\/media?parent=25601"}],"curies":[{"name":"wp","href":"https:\/\/api.w.org\/{rel}","templated":true}]}}