{"id":1437,"date":"2024-10-28T12:22:05","date_gmt":"2024-10-28T11:22:05","guid":{"rendered":"https:\/\/www.elementishop.com\/carrello\/"},"modified":"2026-04-29T19:00:30","modified_gmt":"2026-04-29T17:00:30","slug":"carrello","status":"publish","type":"page","link":"https:\/\/www.elementishop.com\/it\/carrello\/","title":{"rendered":"Carrello"},"content":{"rendered":"\n<div class=\"wp-block-group has-border-color has-white-border-color wp-elements-45cf2f82ad8cb0774fd8e7702997c483 is-content-justification-center is-layout-flex wp-container-core-group-is-layout-dd52dbbd wp-block-group-is-layout-flex\" style=\"border-style:solid;border-width:30px;border-top-left-radius:0px;border-top-right-radius:0px;border-bottom-left-radius:0px;border-bottom-right-radius:0px;margin-top:0;margin-bottom:0;padding-top:0;padding-right:0;padding-bottom:0;padding-left:0\">\n<div data-block-name=\"woocommerce\/cart\" class=\"wp-block-woocommerce-cart is-loading\">\n<div data-block-name=\"woocommerce\/filled-cart-block\" class=\"wp-block-woocommerce-filled-cart-block\">\n<div data-block-name=\"woocommerce\/cart-items-block\" class=\"wp-block-woocommerce-cart-items-block\">\n<div data-block-name=\"woocommerce\/cart-line-items-block\" class=\"wp-block-woocommerce-cart-line-items-block\"><\/div>\n\n\n<\/div>\n\n\n\n<div data-block-name=\"woocommerce\/cart-totals-block\" class=\"wp-block-woocommerce-cart-totals-block meine-sticky-box\">\n<div data-block-name=\"woocommerce\/cart-order-summary-block\" class=\"wp-block-woocommerce-cart-order-summary-block\">\n<div data-block-name=\"woocommerce\/cart-order-summary-heading-block\" data-content=\"Totale del carrello\" class=\"wp-block-woocommerce-cart-order-summary-heading-block\"><\/div>\n\n\n\n<div data-block-name=\"woocommerce\/cart-order-summary-coupon-form-block\" class=\"wp-block-woocommerce-cart-order-summary-coupon-form-block\"><\/div>\n\n\n\n<div data-block-name=\"woocommerce\/cart-order-summary-totals-block\" class=\"wp-block-woocommerce-cart-order-summary-totals-block\">\n<div data-block-name=\"woocommerce\/cart-order-summary-subtotal-block\" class=\"wp-block-woocommerce-cart-order-summary-subtotal-block\"><\/div>\n\n\n\n<div data-block-name=\"woocommerce\/cart-order-summary-fee-block\" class=\"wp-block-woocommerce-cart-order-summary-fee-block\"><\/div>\n\n\n\n<div data-block-name=\"woocommerce\/cart-order-summary-discount-block\" class=\"wp-block-woocommerce-cart-order-summary-discount-block\"><\/div>\n\n\n\n<div data-block-name=\"woocommerce\/cart-order-summary-shipping-block\" class=\"wp-block-woocommerce-cart-order-summary-shipping-block\"><\/div>\n\n\n\n<div data-block-name=\"woocommerce\/cart-order-summary-taxes-block\" class=\"wp-block-woocommerce-cart-order-summary-taxes-block\"><\/div>\n<\/div>\n<\/div>\n\n\n<div data-lock=\"{&quot;remove&quot;:true}\" data-ppcp-id=\"ppcp-b73fc064-4794-4b6c-92e0-29a2a20e01b0\" data-block-name=\"woocommerce-paypal-payments\/cart-paylater-messages\" data-pp-placement=\"cart\" data-pp-style-layout=\"text\" data-pp-style-logo-position=\"left\" data-pp-style-logo-type=\"inline\" data-pp-style-text-color=\"black\" data-pp-style-text-size=\"12\" id=\"ppcp-b73fc064-4794-4b6c-92e0-29a2a20e01b0\" class=\"ppcp-messages\" data-partner-attribution-id=\"Woo_PPCP\"><\/div>\n\n\n<div data-block-name=\"woocommerce\/cart-express-payment-block\" class=\"wp-block-woocommerce-cart-express-payment-block\"><\/div>\n\n\n\n<div data-block-name=\"woocommerce\/proceed-to-checkout-block\" class=\"wp-block-woocommerce-proceed-to-checkout-block\"><\/div>\n\n\n\n<div data-block-name=\"woocommerce\/cart-accepted-payment-methods-block\" class=\"wp-block-woocommerce-cart-accepted-payment-methods-block\"><\/div>\n<\/div>\n<\/div>\n\n\n\n<div data-block-name=\"woocommerce\/empty-cart-block\" class=\"wp-block-woocommerce-empty-cart-block\">\n<h2 class=\"wp-block-heading has-text-align-center with-empty-cart-icon wc-block-cart__empty-cart__title\" id=\"h-dein-warenkorb-ist-gerade-leer\">Il tuo carrello \u00e8 vuoto!<\/h2>\n\n\n\n<p class=\"has-text-align-center\"><a href=\"https:\/\/www.elementishop.com\/it\/\">Sfoglia il negozio<\/a><\/p>\n\n\n\n<hr class=\"wp-block-separator has-alpha-channel-opacity is-style-dots\"\/>\n\n\n\n<h2 class=\"wp-block-heading has-text-align-center\" id=\"h-neu-im-shop\">Novit\u00e0 nel negozio<\/h2>\n\n\n<div data-block-name=\"woocommerce\/product-new\" data-columns=\"4\" data-rows=\"1\" class=\"wc-block-grid wp-block-product-new wp-block-woocommerce-product-new wc-block-product-new has-4-columns\"><ul class=\"wc-block-grid__products\"><li class=\"wc-block-grid__product\">\n\t\t\t\t<a href=\"https:\/\/www.elementishop.com\/it\/prodotto\/boulder-tavolo-braciere-pietra-naturale\/\" class=\"wc-block-grid__product-link\">\n\t\t\t\t\t<div class=\"wc-block-grid__product-onsale\">\n\t\t\t<span aria-hidden=\"true\">Sconto<\/span>\n\t\t\t<span class=\"screen-reader-text\">Prodotto in offerta<\/span>\n\t\t<\/div>\n\t\t\t\t\t<div class=\"wc-block-grid__product-image\"><img loading=\"lazy\" decoding=\"async\" width=\"1920\" height=\"1280\" src=\"https:\/\/www.elementishop.com\/wp-content\/uploads\/2025\/10\/OFG110.png\" class=\"attachment-woocommerce_thumbnail size-woocommerce_thumbnail\" alt=\"BOULDER\" srcset=\"https:\/\/www.elementishop.com\/wp-content\/uploads\/2025\/10\/OFG110.png 1920w, https:\/\/www.elementishop.com\/wp-content\/uploads\/2025\/10\/OFG110-300x200.png 300w, https:\/\/www.elementishop.com\/wp-content\/uploads\/2025\/10\/OFG110-600x400.png 600w, https:\/\/www.elementishop.com\/wp-content\/uploads\/2025\/10\/OFG110-768x512.png 768w, https:\/\/www.elementishop.com\/wp-content\/uploads\/2025\/10\/OFG110-1536x1024.png 1536w\" sizes=\"auto, (max-width: 1920px) 100vw, 1920px\" \/><\/div>\n\t\t\t\t\t<div class=\"wc-block-grid__product-title\">BOULDER<\/div>\n\t\t\t\t<\/a>\n\t\t\t\t<div class=\"wc-block-grid__product-price price\"><span class=\"wcpbc-price wcpbc-price-46414\" data-product-id=\"46414\"><span class=\"woocommerce-Price-amount amount\" aria-hidden=\"true\">1.206,15<span class=\"woocommerce-Price-currencySymbol\">&euro;<\/span><\/span> <span aria-hidden=\"true\">&#8211;<\/span> <span class=\"woocommerce-Price-amount amount\" aria-hidden=\"true\">1.419,00<span class=\"woocommerce-Price-currencySymbol\">&euro;<\/span><\/span><span class=\"screen-reader-text\">Fascia di prezzo: da 1.206,15&euro; a 1.419,00&euro;<\/span><\/span><\/div>\n\t\t\t\t\n\t\t\t\t<div class=\"wp-block-button wc-block-grid__product-add-to-cart\"><a href=\"https:\/\/www.elementishop.com\/it\/prodotto\/boulder-tavolo-braciere-pietra-naturale\/\" aria-label=\"Seleziona le opzioni per &ldquo;BOULDER&rdquo;\" data-quantity=\"1\" data-product_id=\"46414\" data-product_sku=\"OFG110\" data-price=\"1419\" rel=\"nofollow\" class=\"wp-block-button__link  add_to_cart_button\">Scegli<\/a><\/div>\n\t\t\t<\/li><li class=\"wc-block-grid__product\">\n\t\t\t\t<a href=\"https:\/\/www.elementishop.com\/it\/prodotto\/coperchio-in-acciaio-inox-onf01-126en\/\" class=\"wc-block-grid__product-link\">\n\t\t\t\t\t\n\t\t\t\t\t<div class=\"wc-block-grid__product-image\"><img loading=\"lazy\" decoding=\"async\" width=\"1920\" height=\"1280\" src=\"https:\/\/www.elementishop.com\/wp-content\/uploads\/2022\/08\/ONF01-120D.jpg\" class=\"attachment-woocommerce_thumbnail size-woocommerce_thumbnail\" alt=\"Coperchio in acciaio inox -ONF01-126EN\" srcset=\"https:\/\/www.elementishop.com\/wp-content\/uploads\/2022\/08\/ONF01-120D.jpg 1920w, https:\/\/www.elementishop.com\/wp-content\/uploads\/2022\/08\/ONF01-120D-300x200.jpg 300w, https:\/\/www.elementishop.com\/wp-content\/uploads\/2022\/08\/ONF01-120D-600x400.jpg 600w, https:\/\/www.elementishop.com\/wp-content\/uploads\/2022\/08\/ONF01-120D-768x512.jpg 768w, https:\/\/www.elementishop.com\/wp-content\/uploads\/2022\/08\/ONF01-120D-1536x1024.jpg 1536w\" sizes=\"auto, (max-width: 1920px) 100vw, 1920px\" \/><\/div>\n\t\t\t\t\t<div class=\"wc-block-grid__product-title\">Coperchio in acciaio inox -ONF01-126EN<\/div>\n\t\t\t\t<\/a>\n\t\t\t\t<div class=\"wc-block-grid__product-price price\"><span class=\"wcpbc-price wcpbc-price-43021\" data-product-id=\"43021\"><span class=\"woocommerce-Price-amount amount\">229,00<span class=\"woocommerce-Price-currencySymbol\">&euro;<\/span><\/span><\/span><\/div>\n\t\t\t\t\n\t\t\t\t<div class=\"wp-block-button wc-block-grid__product-add-to-cart\"><a href=\"\/it\/wp-json\/wp\/v2\/pages\/1437?add-to-cart=43021\" aria-label=\"Aggiungi al carrello: &quot;Coperchio in acciaio inox -ONF01-126EN&quot;\" data-quantity=\"1\" data-product_id=\"43021\" data-product_sku=\"ONF01-126DE\" data-price=\"229\" rel=\"nofollow\" class=\"wp-block-button__link  add_to_cart_button ajax_add_to_cart\">Aggiungi al carrello<\/a><\/div>\n\t\t\t<\/li><li class=\"wc-block-grid__product\">\n\t\t\t\t<a href=\"https:\/\/www.elementishop.com\/it\/prodotto\/cordoba\/\" class=\"wc-block-grid__product-link\">\n\t\t\t\t\t<div class=\"wc-block-grid__product-onsale\">\n\t\t\t<span aria-hidden=\"true\">Sconto<\/span>\n\t\t\t<span class=\"screen-reader-text\">Prodotto in offerta<\/span>\n\t\t<\/div>\n\t\t\t\t\t<div class=\"wc-block-grid__product-image\"><img loading=\"lazy\" decoding=\"async\" width=\"1920\" height=\"1281\" src=\"https:\/\/www.elementishop.com\/wp-content\/uploads\/2025\/09\/FDG04CW-1-1.webp\" class=\"attachment-woocommerce_thumbnail size-woocommerce_thumbnail\" alt=\"Cordoba\" srcset=\"https:\/\/www.elementishop.com\/wp-content\/uploads\/2025\/09\/FDG04CW-1-1.webp 1920w, https:\/\/www.elementishop.com\/wp-content\/uploads\/2025\/09\/FDG04CW-1-1-300x200.webp 300w, https:\/\/www.elementishop.com\/wp-content\/uploads\/2025\/09\/FDG04CW-1-1-600x400.webp 600w, https:\/\/www.elementishop.com\/wp-content\/uploads\/2025\/09\/FDG04CW-1-1-768x512.webp 768w, https:\/\/www.elementishop.com\/wp-content\/uploads\/2025\/09\/FDG04CW-1-1-1536x1025.webp 1536w\" sizes=\"auto, (max-width: 1920px) 100vw, 1920px\" \/><\/div>\n\t\t\t\t\t<div class=\"wc-block-grid__product-title\">Cordoba<\/div>\n\t\t\t\t<\/a>\n\t\t\t\t<div class=\"wc-block-grid__product-price price\"><span class=\"wcpbc-price wcpbc-price-43013\" data-product-id=\"43013\"><del aria-hidden=\"true\"><span class=\"woocommerce-Price-amount amount\">709,00<span class=\"woocommerce-Price-currencySymbol\">&euro;<\/span><\/span><\/del> <span class=\"screen-reader-text\">Il prezzo originale era: 709,00&euro;.<\/span><ins aria-hidden=\"true\"><span class=\"woocommerce-Price-amount amount\">549,00<span class=\"woocommerce-Price-currencySymbol\">&euro;<\/span><\/span><\/ins><span class=\"screen-reader-text\">Il prezzo attuale \u00e8: 549,00&euro;.<\/span><\/span><\/div>\n\t\t\t\t\n\t\t\t\t<div class=\"wp-block-button wc-block-grid__product-add-to-cart\"><a href=\"https:\/\/www.elementishop.com\/it\/prodotto\/cordoba\/\" aria-label=\"Leggi di pi\u00f9 su &quot;Cordoba&quot;\" data-quantity=\"1\" data-product_id=\"43013\" data-product_sku=\"FDG04-CW\" data-price=\"549\" rel=\"nofollow\" class=\"wp-block-button__link  add_to_cart_button\">Leggi tutto<\/a><\/div>\n\t\t\t<\/li><li class=\"wc-block-grid__product\">\n\t\t\t\t<a href=\"https:\/\/www.elementishop.com\/it\/prodotto\/caminetto-roca-set\/\" class=\"wc-block-grid__product-link\">\n\t\t\t\t\t\n\t\t\t\t\t<div class=\"wc-block-grid__product-image\"><img loading=\"lazy\" decoding=\"async\" width=\"2295\" height=\"1530\" src=\"https:\/\/www.elementishop.com\/wp-content\/uploads\/woocommerce-placeholder.png\" class=\"woocommerce-placeholder wp-post-image\" alt=\"\" srcset=\"https:\/\/www.elementishop.com\/wp-content\/uploads\/woocommerce-placeholder.png 2295w, https:\/\/www.elementishop.com\/wp-content\/uploads\/woocommerce-placeholder-1920x1280.png 1920w\" sizes=\"auto, (max-width: 2295px) 100vw, 2295px\" \/><\/div>\n\t\t\t\t\t<div class=\"wc-block-grid__product-title\">Caminetto Roca SET<\/div>\n\t\t\t\t<\/a>\n\t\t\t\t<div class=\"wc-block-grid__product-price price\"><span class=\"wcpbc-price wcpbc-price-43132\" data-product-id=\"43132\"><span class=\"woocommerce-Price-amount amount\">1.499,00<span class=\"woocommerce-Price-currencySymbol\">&euro;<\/span><\/span><\/span><\/div>\n\t\t\t\t\n\t\t\t\t<div class=\"wp-block-button wc-block-grid__product-add-to-cart\"><a href=\"https:\/\/www.elementishop.com\/it\/prodotto\/caminetto-roca-set\/\" aria-label=\"Seleziona le opzioni per &ldquo;Caminetto Roca SET&rdquo;\" data-quantity=\"1\" data-product_id=\"43132\" data-product_sku=\"OFG107-SET\" data-price=\"1499\" rel=\"nofollow\" class=\"wp-block-button__link  add_to_cart_button\">Scegli<\/a><\/div>\n\t\t\t<\/li><\/ul><\/div><\/div>\n<\/div>\n<\/div>\n\n<p><\/p>\n","protected":false},"excerpt":{"rendered":"","protected":false},"author":1,"featured_media":0,"parent":0,"menu_order":0,"comment_status":"closed","ping_status":"closed","template":"","meta":{"site-sidebar-layout":"default","site-content-layout":"","ast-site-content-layout":"default","site-content-style":"default","site-sidebar-style":"default","ast-global-header-display":"","ast-banner-title-visibility":"","ast-main-header-display":"","ast-hfb-above-header-display":"","ast-hfb-below-header-display":"","ast-hfb-mobile-header-display":"","site-post-title":"","ast-breadcrumbs-content":"","ast-featured-img":"","footer-sml-layout":"","ast-disable-related-posts":"","theme-transparent-header-meta":"","adv-header-id-meta":"","stick-header-meta":"","header-above-stick-meta":"","header-main-stick-meta":"","header-below-stick-meta":"","astra-migrate-meta-layouts":"default","ast-page-background-enabled":"default","ast-page-background-meta":{"desktop":{"background-color":"var(--ast-global-color-5)","background-image":"","background-repeat":"repeat","background-position":"center center","background-size":"auto","background-attachment":"scroll","background-type":"","background-media":"","overlay-type":"","overlay-color":"","overlay-opacity":"","overlay-gradient":""},"tablet":{"background-color":"","background-image":"","background-repeat":"repeat","background-position":"center center","background-size":"auto","background-attachment":"scroll","background-type":"","background-media":"","overlay-type":"","overlay-color":"","overlay-opacity":"","overlay-gradient":""},"mobile":{"background-color":"","background-image":"","background-repeat":"repeat","background-position":"center center","background-size":"auto","background-attachment":"scroll","background-type":"","background-media":"","overlay-type":"","overlay-color":"","overlay-opacity":"","overlay-gradient":""}},"ast-content-background-meta":{"desktop":{"background-color":"var(--ast-global-color-4)","background-image":"","background-repeat":"repeat","background-position":"center center","background-size":"auto","background-attachment":"scroll","background-type":"","background-media":"","overlay-type":"","overlay-color":"","overlay-opacity":"","overlay-gradient":""},"tablet":{"background-color":"var(--ast-global-color-4)","background-image":"","background-repeat":"repeat","background-position":"center center","background-size":"auto","background-attachment":"scroll","background-type":"","background-media":"","overlay-type":"","overlay-color":"","overlay-opacity":"","overlay-gradient":""},"mobile":{"background-color":"var(--ast-global-color-4)","background-image":"","background-repeat":"repeat","background-position":"center center","background-size":"auto","background-attachment":"scroll","background-type":"","background-media":"","overlay-type":"","overlay-color":"","overlay-opacity":"","overlay-gradient":""}},"footnotes":""},"class_list":["post-1437","page","type-page","status-publish","hentry"],"yoast_head":"<!-- This site is optimized with the Yoast SEO Premium plugin v27.5 (Yoast SEO v27.5) - https:\/\/yoast.com\/product\/yoast-seo-premium-wordpress\/ -->\n<title>Carrello - Elementi<\/title>\n<meta name=\"robots\" content=\"noindex, follow\" \/>\n<meta property=\"og:locale\" content=\"it_IT\" \/>\n<meta property=\"og:type\" content=\"article\" \/>\n<meta property=\"og:title\" content=\"Carrello - Elementi\" \/>\n<meta property=\"og:url\" content=\"https:\/\/www.elementishop.com\/it\/carrello\/\" \/>\n<meta property=\"og:site_name\" content=\"Elementi\" \/>\n<meta property=\"article:modified_time\" content=\"2026-04-29T17:00:30+00:00\" \/>\n<meta property=\"og:image\" content=\"https:\/\/www.elementishop.com\/wp-content\/uploads\/2025\/05\/EAG13-CW-13-1.webp\" \/>\n\t<meta property=\"og:image:width\" content=\"1920\" \/>\n\t<meta property=\"og:image:height\" content=\"1280\" \/>\n\t<meta property=\"og:image:type\" content=\"image\/webp\" \/>\n<meta name=\"twitter:card\" content=\"summary_large_image\" \/>\n<script type=\"application\/ld+json\" class=\"yoast-schema-graph\">{\"@context\":\"https:\\\/\\\/schema.org\",\"@graph\":[{\"@type\":\"WebPage\",\"@id\":\"https:\\\/\\\/www.elementishop.com\\\/it\\\/carrello\\\/\",\"url\":\"https:\\\/\\\/www.elementishop.com\\\/it\\\/carrello\\\/\",\"name\":\"Carrello - Elementi\",\"isPartOf\":{\"@id\":\"https:\\\/\\\/www.elementishop.com\\\/it\\\/#website\"},\"datePublished\":\"2024-10-28T11:22:05+00:00\",\"dateModified\":\"2026-04-29T17:00:30+00:00\",\"breadcrumb\":{\"@id\":\"https:\\\/\\\/www.elementishop.com\\\/it\\\/carrello\\\/#breadcrumb\"},\"inLanguage\":\"it-IT\",\"potentialAction\":[{\"@type\":\"ReadAction\",\"target\":[\"https:\\\/\\\/www.elementishop.com\\\/it\\\/carrello\\\/\"]}]},{\"@type\":\"BreadcrumbList\",\"@id\":\"https:\\\/\\\/www.elementishop.com\\\/it\\\/carrello\\\/#breadcrumb\",\"itemListElement\":[{\"@type\":\"ListItem\",\"position\":1,\"name\":\"Home\",\"item\":\"https:\\\/\\\/www.elementishop.com\\\/it\\\/casa\\\/\"},{\"@type\":\"ListItem\",\"position\":2,\"name\":\"Carrello\"}]},{\"@type\":\"WebSite\",\"@id\":\"https:\\\/\\\/www.elementishop.com\\\/it\\\/#website\",\"url\":\"https:\\\/\\\/www.elementishop.com\\\/it\\\/\",\"name\":\"Elementi\",\"description\":\"Feuerstellen und Betonm\u00f6bel direkt vom Hersteller\",\"publisher\":{\"@id\":\"https:\\\/\\\/www.elementishop.com\\\/it\\\/#organization\"},\"alternateName\":\"ELEMENTI\",\"potentialAction\":[{\"@type\":\"SearchAction\",\"target\":{\"@type\":\"EntryPoint\",\"urlTemplate\":\"https:\\\/\\\/www.elementishop.com\\\/it\\\/?s={search_term_string}\"},\"query-input\":{\"@type\":\"PropertyValueSpecification\",\"valueRequired\":true,\"valueName\":\"search_term_string\"}}],\"inLanguage\":\"it-IT\"},{\"@type\":\"Organization\",\"@id\":\"https:\\\/\\\/www.elementishop.com\\\/it\\\/#organization\",\"name\":\"Elementi\",\"alternateName\":\"Ocean Rock EU GmbH\",\"url\":\"https:\\\/\\\/www.elementishop.com\\\/it\\\/\",\"logo\":{\"@type\":\"ImageObject\",\"inLanguage\":\"it-IT\",\"@id\":\"https:\\\/\\\/www.elementishop.com\\\/it\\\/#\\\/schema\\\/logo\\\/image\\\/\",\"url\":\"https:\\\/\\\/www.elementishop.com\\\/wp-content\\\/uploads\\\/2024\\\/10\\\/Elementi_icon.png\",\"contentUrl\":\"https:\\\/\\\/www.elementishop.com\\\/wp-content\\\/uploads\\\/2024\\\/10\\\/Elementi_icon.png\",\"width\":32,\"height\":32,\"caption\":\"Elementi\"},\"image\":{\"@id\":\"https:\\\/\\\/www.elementishop.com\\\/it\\\/#\\\/schema\\\/logo\\\/image\\\/\"},\"sameAs\":[\"https:\\\/\\\/www.youtube.com\\\/channel\\\/UCfS6nYgGKEK48J8PewFrWNQ\",\"https:\\\/\\\/www.instagram.com\\\/elementi.eu\\\/\",\"https:\\\/\\\/de.pinterest.com\\\/elementieurope\\\/_saved\\\/\",\"https:\\\/\\\/www.tiktok.com\\\/@elementi_spain?_t=8ovjXwJeKp7&_r=1\"],\"description\":\"ELEMENTI entwickelt hochwertige Gas-Feuerstellen und M\u00f6bel aus GFRC-Beton f\u00fcr den europ\u00e4ischen Markt \u2013 CE\\\/EN-konform mit passendem Zubeh\u00f6r.\",\"email\":\"info@elementieu.com\",\"telephone\":\"017623120610\",\"foundingDate\":\"2013-09-01\",\"vatID\":\"DE355807255\",\"taxID\":\"12257580929\",\"numberOfEmployees\":{\"@type\":\"QuantitativeValue\",\"minValue\":\"1\",\"maxValue\":\"10\"},\"publishingPrinciples\":\"https:\\\/\\\/www.elementishop.com\\\/ueber-uns\\\/\",\"ownershipFundingInfo\":\"https:\\\/\\\/www.elementishop.com\\\/impressum\\\/\",\"correctionsPolicy\":\"https:\\\/\\\/www.elementishop.com\\\/agb\\\/\",\"ethicsPolicy\":\"https:\\\/\\\/www.elementishop.com\\\/ueber-uns\\\/\",\"hasMerchantReturnPolicy\":{\"@type\":\"MerchantReturnPolicy\",\"merchantReturnLink\":\"https:\\\/\\\/www.elementishop.com\\\/widerrufsrecht\\\/\"}}]}<\/script>\n<!-- \/ Yoast SEO Premium plugin. -->","yoast_head_json":{"title":"Carrello - Elementi","robots":{"index":"noindex","follow":"follow"},"og_locale":"it_IT","og_type":"article","og_title":"Carrello - Elementi","og_url":"https:\/\/www.elementishop.com\/it\/carrello\/","og_site_name":"Elementi","article_modified_time":"2026-04-29T17:00:30+00:00","og_image":[{"width":1920,"height":1280,"url":"https:\/\/www.elementishop.com\/wp-content\/uploads\/2025\/05\/EAG13-CW-13-1.webp","type":"image\/webp"}],"twitter_card":"summary_large_image","schema":{"@context":"https:\/\/schema.org","@graph":[{"@type":"WebPage","@id":"https:\/\/www.elementishop.com\/it\/carrello\/","url":"https:\/\/www.elementishop.com\/it\/carrello\/","name":"Carrello - Elementi","isPartOf":{"@id":"https:\/\/www.elementishop.com\/it\/#website"},"datePublished":"2024-10-28T11:22:05+00:00","dateModified":"2026-04-29T17:00:30+00:00","breadcrumb":{"@id":"https:\/\/www.elementishop.com\/it\/carrello\/#breadcrumb"},"inLanguage":"it-IT","potentialAction":[{"@type":"ReadAction","target":["https:\/\/www.elementishop.com\/it\/carrello\/"]}]},{"@type":"BreadcrumbList","@id":"https:\/\/www.elementishop.com\/it\/carrello\/#breadcrumb","itemListElement":[{"@type":"ListItem","position":1,"name":"Home","item":"https:\/\/www.elementishop.com\/it\/casa\/"},{"@type":"ListItem","position":2,"name":"Carrello"}]},{"@type":"WebSite","@id":"https:\/\/www.elementishop.com\/it\/#website","url":"https:\/\/www.elementishop.com\/it\/","name":"Elementi","description":"Feuerstellen und Betonm\u00f6bel direkt vom Hersteller","publisher":{"@id":"https:\/\/www.elementishop.com\/it\/#organization"},"alternateName":"ELEMENTI","potentialAction":[{"@type":"SearchAction","target":{"@type":"EntryPoint","urlTemplate":"https:\/\/www.elementishop.com\/it\/?s={search_term_string}"},"query-input":{"@type":"PropertyValueSpecification","valueRequired":true,"valueName":"search_term_string"}}],"inLanguage":"it-IT"},{"@type":"Organization","@id":"https:\/\/www.elementishop.com\/it\/#organization","name":"Elementi","alternateName":"Ocean Rock EU GmbH","url":"https:\/\/www.elementishop.com\/it\/","logo":{"@type":"ImageObject","inLanguage":"it-IT","@id":"https:\/\/www.elementishop.com\/it\/#\/schema\/logo\/image\/","url":"https:\/\/www.elementishop.com\/wp-content\/uploads\/2024\/10\/Elementi_icon.png","contentUrl":"https:\/\/www.elementishop.com\/wp-content\/uploads\/2024\/10\/Elementi_icon.png","width":32,"height":32,"caption":"Elementi"},"image":{"@id":"https:\/\/www.elementishop.com\/it\/#\/schema\/logo\/image\/"},"sameAs":["https:\/\/www.youtube.com\/channel\/UCfS6nYgGKEK48J8PewFrWNQ","https:\/\/www.instagram.com\/elementi.eu\/","https:\/\/de.pinterest.com\/elementieurope\/_saved\/","https:\/\/www.tiktok.com\/@elementi_spain?_t=8ovjXwJeKp7&_r=1"],"description":"ELEMENTI entwickelt hochwertige Gas-Feuerstellen und M\u00f6bel aus GFRC-Beton f\u00fcr den europ\u00e4ischen Markt \u2013 CE\/EN-konform mit passendem Zubeh\u00f6r.","email":"info@elementieu.com","telephone":"017623120610","foundingDate":"2013-09-01","vatID":"DE355807255","taxID":"12257580929","numberOfEmployees":{"@type":"QuantitativeValue","minValue":"1","maxValue":"10"},"publishingPrinciples":"https:\/\/www.elementishop.com\/ueber-uns\/","ownershipFundingInfo":"https:\/\/www.elementishop.com\/impressum\/","correctionsPolicy":"https:\/\/www.elementishop.com\/agb\/","ethicsPolicy":"https:\/\/www.elementishop.com\/ueber-uns\/","hasMerchantReturnPolicy":{"@type":"MerchantReturnPolicy","merchantReturnLink":"https:\/\/www.elementishop.com\/widerrufsrecht\/"}}]}},"_links":{"self":[{"href":"https:\/\/www.elementishop.com\/it\/wp-json\/wp\/v2\/pages\/1437","targetHints":{"allow":["GET"]}}],"collection":[{"href":"https:\/\/www.elementishop.com\/it\/wp-json\/wp\/v2\/pages"}],"about":[{"href":"https:\/\/www.elementishop.com\/it\/wp-json\/wp\/v2\/types\/page"}],"author":[{"embeddable":true,"href":"https:\/\/www.elementishop.com\/it\/wp-json\/wp\/v2\/users\/1"}],"replies":[{"embeddable":true,"href":"https:\/\/www.elementishop.com\/it\/wp-json\/wp\/v2\/comments?post=1437"}],"version-history":[{"count":8,"href":"https:\/\/www.elementishop.com\/it\/wp-json\/wp\/v2\/pages\/1437\/revisions"}],"predecessor-version":[{"id":51288,"href":"https:\/\/www.elementishop.com\/it\/wp-json\/wp\/v2\/pages\/1437\/revisions\/51288"}],"wp:attachment":[{"href":"https:\/\/www.elementishop.com\/it\/wp-json\/wp\/v2\/media?parent=1437"}],"curies":[{"name":"wp","href":"https:\/\/api.w.org\/{rel}","templated":true}]}}