{"id":42809,"date":"2025-08-11T17:36:55","date_gmt":"2025-08-11T15:36:55","guid":{"rendered":"https:\/\/www.elementishop.com\/guide\/"},"modified":"2025-11-11T10:02:09","modified_gmt":"2025-11-11T09:02:09","slug":"guide","status":"publish","type":"page","link":"https:\/\/www.elementishop.com\/fr\/guide\/","title":{"rendered":"Guide"},"content":{"rendered":"<blockquote><p>Bienvenue dans le guide officiel d&rsquo;ELEMENTI. Vous trouverez ici des informations compl\u00e8tes sur nos foyers et meubles en b\u00e9ton &#8211; du choix du bon mod\u00e8le aux conseils d&rsquo;entretien, en passant par la s\u00e9curit\u00e9 et l&rsquo;installation. Nos produits en b\u00e9ton GFRC de haute qualit\u00e9 allient design, fonctionnalit\u00e9 et durabilit\u00e9 et apportent une \u00e9l\u00e9gance intemporelle \u00e0 votre espace ext\u00e9rieur.<\/p><\/blockquote>\n","protected":false},"excerpt":{"rendered":"<p>Bienvenue dans le guide officiel d&rsquo;ELEMENTI. Vous trouverez ici des informations compl\u00e8tes sur nos foyers et meubles en b\u00e9ton &#8211; [&hellip;]<\/p>\n","protected":false},"author":1,"featured_media":0,"parent":0,"menu_order":0,"comment_status":"closed","ping_status":"closed","template":"page-ratgeber-hub.php","meta":{"site-sidebar-layout":"default","site-content-layout":"","ast-site-content-layout":"default","site-content-style":"default","site-sidebar-style":"default","ast-global-header-display":"","ast-banner-title-visibility":"","ast-main-header-display":"","ast-hfb-above-header-display":"","ast-hfb-below-header-display":"","ast-hfb-mobile-header-display":"","site-post-title":"","ast-breadcrumbs-content":"","ast-featured-img":"","footer-sml-layout":"","ast-disable-related-posts":"","theme-transparent-header-meta":"","adv-header-id-meta":"","stick-header-meta":"","header-above-stick-meta":"","header-main-stick-meta":"","header-below-stick-meta":"","astra-migrate-meta-layouts":"default","ast-page-background-enabled":"default","ast-page-background-meta":{"desktop":{"background-color":"var(--ast-global-color-5)","background-image":"","background-repeat":"repeat","background-position":"center center","background-size":"auto","background-attachment":"scroll","background-type":"","background-media":"","overlay-type":"","overlay-color":"","overlay-opacity":"","overlay-gradient":""},"tablet":{"background-color":"","background-image":"","background-repeat":"repeat","background-position":"center center","background-size":"auto","background-attachment":"scroll","background-type":"","background-media":"","overlay-type":"","overlay-color":"","overlay-opacity":"","overlay-gradient":""},"mobile":{"background-color":"","background-image":"","background-repeat":"repeat","background-position":"center center","background-size":"auto","background-attachment":"scroll","background-type":"","background-media":"","overlay-type":"","overlay-color":"","overlay-opacity":"","overlay-gradient":""}},"ast-content-background-meta":{"desktop":{"background-color":"var(--ast-global-color-4)","background-image":"","background-repeat":"repeat","background-position":"center center","background-size":"auto","background-attachment":"scroll","background-type":"","background-media":"","overlay-type":"","overlay-color":"","overlay-opacity":"","overlay-gradient":""},"tablet":{"background-color":"var(--ast-global-color-4)","background-image":"","background-repeat":"repeat","background-position":"center center","background-size":"auto","background-attachment":"scroll","background-type":"","background-media":"","overlay-type":"","overlay-color":"","overlay-opacity":"","overlay-gradient":""},"mobile":{"background-color":"var(--ast-global-color-4)","background-image":"","background-repeat":"repeat","background-position":"center center","background-size":"auto","background-attachment":"scroll","background-type":"","background-media":"","overlay-type":"","overlay-color":"","overlay-opacity":"","overlay-gradient":""}},"footnotes":""},"class_list":["post-42809","page","type-page","status-publish","hentry"],"yoast_head":"<!-- This site is optimized with the Yoast SEO Premium plugin v27.5 (Yoast SEO v27.5) - https:\/\/yoast.com\/product\/yoast-seo-premium-wordpress\/ -->\n<title>Guide ELEMENTI - Foyers et meubles en b\u00e9ton pour le jardin<\/title>\n<meta name=\"description\" content=\"D\u00e9couvrez le guide ELEMENTI sur les foyers et le mobilier en b\u00e9ton. Apprenez-en plus sur le design, les mat\u00e9riaux, la s\u00e9curit\u00e9, l&#039;entretien et l&#039;installation - pour des solutions d&#039;ext\u00e9rieur \u00e9l\u00e9gantes avec Elementi.\" \/>\n<meta name=\"robots\" content=\"index, follow, max-snippet:-1, max-image-preview:large, max-video-preview:-1\" \/>\n<link rel=\"canonical\" href=\"https:\/\/www.elementishop.com\/fr\/guide\/\" \/>\n<meta property=\"og:locale\" content=\"fr_FR\" \/>\n<meta property=\"og:type\" content=\"article\" \/>\n<meta property=\"og:title\" content=\"Guide - Elementi\" \/>\n<meta property=\"og:description\" content=\"D\u00e9couvrez le guide ELEMENTI sur les foyers et le mobilier en b\u00e9ton. Apprenez-en plus sur le design, les mat\u00e9riaux, la s\u00e9curit\u00e9, l&#039;entretien et l&#039;installation - pour des solutions d&#039;ext\u00e9rieur \u00e9l\u00e9gantes avec Elementi.\" \/>\n<meta property=\"og:url\" content=\"https:\/\/www.elementishop.com\/fr\/guide\/\" \/>\n<meta property=\"og:site_name\" content=\"Elementi\" \/>\n<meta property=\"article:modified_time\" content=\"2025-11-11T09:02:09+00:00\" \/>\n<meta property=\"og:image\" content=\"https:\/\/www.elementishop.com\/wp-content\/uploads\/2025\/05\/EAG13-CW-13-1.webp\" \/>\n\t<meta property=\"og:image:width\" content=\"1920\" \/>\n\t<meta property=\"og:image:height\" content=\"1280\" \/>\n\t<meta property=\"og:image:type\" content=\"image\/webp\" \/>\n<meta name=\"twitter:card\" content=\"summary_large_image\" \/>\n<script type=\"application\/ld+json\" class=\"yoast-schema-graph\">{\"@context\":\"https:\\\/\\\/schema.org\",\"@graph\":[{\"@type\":\"WebPage\",\"@id\":\"https:\\\/\\\/www.elementishop.com\\\/fr\\\/guide\\\/\",\"url\":\"https:\\\/\\\/www.elementishop.com\\\/fr\\\/guide\\\/\",\"name\":\"Guide ELEMENTI - Foyers et meubles en b\u00e9ton pour le jardin\",\"isPartOf\":{\"@id\":\"https:\\\/\\\/www.elementishop.com\\\/fr\\\/#website\"},\"datePublished\":\"2025-08-11T15:36:55+00:00\",\"dateModified\":\"2025-11-11T09:02:09+00:00\",\"description\":\"D\u00e9couvrez le guide ELEMENTI sur les foyers et le mobilier en b\u00e9ton. Apprenez-en plus sur le design, les mat\u00e9riaux, la s\u00e9curit\u00e9, l'entretien et l'installation - pour des solutions d'ext\u00e9rieur \u00e9l\u00e9gantes avec Elementi.\",\"breadcrumb\":{\"@id\":\"https:\\\/\\\/www.elementishop.com\\\/fr\\\/guide\\\/#breadcrumb\"},\"inLanguage\":\"fr-FR\",\"potentialAction\":[{\"@type\":\"ReadAction\",\"target\":[\"https:\\\/\\\/www.elementishop.com\\\/fr\\\/guide\\\/\"]}]},{\"@type\":\"BreadcrumbList\",\"@id\":\"https:\\\/\\\/www.elementishop.com\\\/fr\\\/guide\\\/#breadcrumb\",\"itemListElement\":[{\"@type\":\"ListItem\",\"position\":1,\"name\":\"Home\",\"item\":\"https:\\\/\\\/www.elementishop.com\\\/fr\\\/accueil\\\/\"},{\"@type\":\"ListItem\",\"position\":2,\"name\":\"Guide\"}]},{\"@type\":\"WebSite\",\"@id\":\"https:\\\/\\\/www.elementishop.com\\\/fr\\\/#website\",\"url\":\"https:\\\/\\\/www.elementishop.com\\\/fr\\\/\",\"name\":\"Elementi\",\"description\":\"Feuerstellen und Betonm\u00f6bel direkt vom Hersteller\",\"publisher\":{\"@id\":\"https:\\\/\\\/www.elementishop.com\\\/fr\\\/#organization\"},\"alternateName\":\"ELEMENTI\",\"potentialAction\":[{\"@type\":\"SearchAction\",\"target\":{\"@type\":\"EntryPoint\",\"urlTemplate\":\"https:\\\/\\\/www.elementishop.com\\\/fr\\\/?s={search_term_string}\"},\"query-input\":{\"@type\":\"PropertyValueSpecification\",\"valueRequired\":true,\"valueName\":\"search_term_string\"}}],\"inLanguage\":\"fr-FR\"},{\"@type\":\"Organization\",\"@id\":\"https:\\\/\\\/www.elementishop.com\\\/fr\\\/#organization\",\"name\":\"Elementi\",\"alternateName\":\"Ocean Rock EU GmbH\",\"url\":\"https:\\\/\\\/www.elementishop.com\\\/fr\\\/\",\"logo\":{\"@type\":\"ImageObject\",\"inLanguage\":\"fr-FR\",\"@id\":\"https:\\\/\\\/www.elementishop.com\\\/fr\\\/#\\\/schema\\\/logo\\\/image\\\/\",\"url\":\"https:\\\/\\\/www.elementishop.com\\\/wp-content\\\/uploads\\\/2024\\\/10\\\/Elementi_icon.png\",\"contentUrl\":\"https:\\\/\\\/www.elementishop.com\\\/wp-content\\\/uploads\\\/2024\\\/10\\\/Elementi_icon.png\",\"width\":32,\"height\":32,\"caption\":\"Elementi\"},\"image\":{\"@id\":\"https:\\\/\\\/www.elementishop.com\\\/fr\\\/#\\\/schema\\\/logo\\\/image\\\/\"},\"sameAs\":[\"https:\\\/\\\/www.youtube.com\\\/channel\\\/UCfS6nYgGKEK48J8PewFrWNQ\",\"https:\\\/\\\/www.instagram.com\\\/elementi.eu\\\/\",\"https:\\\/\\\/de.pinterest.com\\\/elementieurope\\\/_saved\\\/\",\"https:\\\/\\\/www.tiktok.com\\\/@elementi_spain?_t=8ovjXwJeKp7&_r=1\"],\"description\":\"ELEMENTI entwickelt hochwertige Gas-Feuerstellen und M\u00f6bel aus GFRC-Beton f\u00fcr den europ\u00e4ischen Markt \u2013 CE\\\/EN-konform mit passendem Zubeh\u00f6r.\",\"email\":\"info@elementieu.com\",\"telephone\":\"017623120610\",\"foundingDate\":\"2013-09-01\",\"vatID\":\"DE355807255\",\"taxID\":\"12257580929\",\"numberOfEmployees\":{\"@type\":\"QuantitativeValue\",\"minValue\":\"1\",\"maxValue\":\"10\"},\"publishingPrinciples\":\"https:\\\/\\\/www.elementishop.com\\\/ueber-uns\\\/\",\"ownershipFundingInfo\":\"https:\\\/\\\/www.elementishop.com\\\/impressum\\\/\",\"correctionsPolicy\":\"https:\\\/\\\/www.elementishop.com\\\/agb\\\/\",\"ethicsPolicy\":\"https:\\\/\\\/www.elementishop.com\\\/ueber-uns\\\/\",\"hasMerchantReturnPolicy\":{\"@type\":\"MerchantReturnPolicy\",\"merchantReturnLink\":\"https:\\\/\\\/www.elementishop.com\\\/widerrufsrecht\\\/\"}}]}<\/script>\n<!-- \/ Yoast SEO Premium plugin. -->","yoast_head_json":{"title":"Guide ELEMENTI - Foyers et meubles en b\u00e9ton pour le jardin","description":"D\u00e9couvrez le guide ELEMENTI sur les foyers et le mobilier en b\u00e9ton. Apprenez-en plus sur le design, les mat\u00e9riaux, la s\u00e9curit\u00e9, l'entretien et l'installation - pour des solutions d'ext\u00e9rieur \u00e9l\u00e9gantes avec Elementi.","robots":{"index":"index","follow":"follow","max-snippet":"max-snippet:-1","max-image-preview":"max-image-preview:large","max-video-preview":"max-video-preview:-1"},"canonical":"https:\/\/www.elementishop.com\/fr\/guide\/","og_locale":"fr_FR","og_type":"article","og_title":"Guide - Elementi","og_description":"D\u00e9couvrez le guide ELEMENTI sur les foyers et le mobilier en b\u00e9ton. Apprenez-en plus sur le design, les mat\u00e9riaux, la s\u00e9curit\u00e9, l'entretien et l'installation - pour des solutions d'ext\u00e9rieur \u00e9l\u00e9gantes avec Elementi.","og_url":"https:\/\/www.elementishop.com\/fr\/guide\/","og_site_name":"Elementi","article_modified_time":"2025-11-11T09:02:09+00:00","og_image":[{"width":1920,"height":1280,"url":"https:\/\/www.elementishop.com\/wp-content\/uploads\/2025\/05\/EAG13-CW-13-1.webp","type":"image\/webp"}],"twitter_card":"summary_large_image","schema":{"@context":"https:\/\/schema.org","@graph":[{"@type":"WebPage","@id":"https:\/\/www.elementishop.com\/fr\/guide\/","url":"https:\/\/www.elementishop.com\/fr\/guide\/","name":"Guide ELEMENTI - Foyers et meubles en b\u00e9ton pour le jardin","isPartOf":{"@id":"https:\/\/www.elementishop.com\/fr\/#website"},"datePublished":"2025-08-11T15:36:55+00:00","dateModified":"2025-11-11T09:02:09+00:00","description":"D\u00e9couvrez le guide ELEMENTI sur les foyers et le mobilier en b\u00e9ton. Apprenez-en plus sur le design, les mat\u00e9riaux, la s\u00e9curit\u00e9, l'entretien et l'installation - pour des solutions d'ext\u00e9rieur \u00e9l\u00e9gantes avec Elementi.","breadcrumb":{"@id":"https:\/\/www.elementishop.com\/fr\/guide\/#breadcrumb"},"inLanguage":"fr-FR","potentialAction":[{"@type":"ReadAction","target":["https:\/\/www.elementishop.com\/fr\/guide\/"]}]},{"@type":"BreadcrumbList","@id":"https:\/\/www.elementishop.com\/fr\/guide\/#breadcrumb","itemListElement":[{"@type":"ListItem","position":1,"name":"Home","item":"https:\/\/www.elementishop.com\/fr\/accueil\/"},{"@type":"ListItem","position":2,"name":"Guide"}]},{"@type":"WebSite","@id":"https:\/\/www.elementishop.com\/fr\/#website","url":"https:\/\/www.elementishop.com\/fr\/","name":"Elementi","description":"Feuerstellen und Betonm\u00f6bel direkt vom Hersteller","publisher":{"@id":"https:\/\/www.elementishop.com\/fr\/#organization"},"alternateName":"ELEMENTI","potentialAction":[{"@type":"SearchAction","target":{"@type":"EntryPoint","urlTemplate":"https:\/\/www.elementishop.com\/fr\/?s={search_term_string}"},"query-input":{"@type":"PropertyValueSpecification","valueRequired":true,"valueName":"search_term_string"}}],"inLanguage":"fr-FR"},{"@type":"Organization","@id":"https:\/\/www.elementishop.com\/fr\/#organization","name":"Elementi","alternateName":"Ocean Rock EU GmbH","url":"https:\/\/www.elementishop.com\/fr\/","logo":{"@type":"ImageObject","inLanguage":"fr-FR","@id":"https:\/\/www.elementishop.com\/fr\/#\/schema\/logo\/image\/","url":"https:\/\/www.elementishop.com\/wp-content\/uploads\/2024\/10\/Elementi_icon.png","contentUrl":"https:\/\/www.elementishop.com\/wp-content\/uploads\/2024\/10\/Elementi_icon.png","width":32,"height":32,"caption":"Elementi"},"image":{"@id":"https:\/\/www.elementishop.com\/fr\/#\/schema\/logo\/image\/"},"sameAs":["https:\/\/www.youtube.com\/channel\/UCfS6nYgGKEK48J8PewFrWNQ","https:\/\/www.instagram.com\/elementi.eu\/","https:\/\/de.pinterest.com\/elementieurope\/_saved\/","https:\/\/www.tiktok.com\/@elementi_spain?_t=8ovjXwJeKp7&_r=1"],"description":"ELEMENTI entwickelt hochwertige Gas-Feuerstellen und M\u00f6bel aus GFRC-Beton f\u00fcr den europ\u00e4ischen Markt \u2013 CE\/EN-konform mit passendem Zubeh\u00f6r.","email":"info@elementieu.com","telephone":"017623120610","foundingDate":"2013-09-01","vatID":"DE355807255","taxID":"12257580929","numberOfEmployees":{"@type":"QuantitativeValue","minValue":"1","maxValue":"10"},"publishingPrinciples":"https:\/\/www.elementishop.com\/ueber-uns\/","ownershipFundingInfo":"https:\/\/www.elementishop.com\/impressum\/","correctionsPolicy":"https:\/\/www.elementishop.com\/agb\/","ethicsPolicy":"https:\/\/www.elementishop.com\/ueber-uns\/","hasMerchantReturnPolicy":{"@type":"MerchantReturnPolicy","merchantReturnLink":"https:\/\/www.elementishop.com\/widerrufsrecht\/"}}]}},"_links":{"self":[{"href":"https:\/\/www.elementishop.com\/fr\/wp-json\/wp\/v2\/pages\/42809","targetHints":{"allow":["GET"]}}],"collection":[{"href":"https:\/\/www.elementishop.com\/fr\/wp-json\/wp\/v2\/pages"}],"about":[{"href":"https:\/\/www.elementishop.com\/fr\/wp-json\/wp\/v2\/types\/page"}],"author":[{"embeddable":true,"href":"https:\/\/www.elementishop.com\/fr\/wp-json\/wp\/v2\/users\/1"}],"replies":[{"embeddable":true,"href":"https:\/\/www.elementishop.com\/fr\/wp-json\/wp\/v2\/comments?post=42809"}],"version-history":[{"count":2,"href":"https:\/\/www.elementishop.com\/fr\/wp-json\/wp\/v2\/pages\/42809\/revisions"}],"predecessor-version":[{"id":48594,"href":"https:\/\/www.elementishop.com\/fr\/wp-json\/wp\/v2\/pages\/42809\/revisions\/48594"}],"wp:attachment":[{"href":"https:\/\/www.elementishop.com\/fr\/wp-json\/wp\/v2\/media?parent=42809"}],"curies":[{"name":"wp","href":"https:\/\/api.w.org\/{rel}","templated":true}]}}