{"id":25602,"date":"2026-04-21T11:15:42","date_gmt":"2026-04-21T09:15:42","guid":{"rendered":"https:\/\/www.elementishop.com\/mentions-legales\/"},"modified":"2026-04-21T13:19:20","modified_gmt":"2026-04-21T11:19:20","slug":"mentions-legales","status":"publish","type":"page","link":"https:\/\/www.elementishop.com\/fr\/mentions-legales\/","title":{"rendered":"Mentions l\u00e9gales &#8211; ELEMENTI"},"content":{"rendered":"<div style=\"border: 1px solid #d6d3d1;border-left: 6px solid #d97706;padding: 1em 1.5em;background: #fdfaf6;border-radius: 8px;margin: 2em\">\n<p style=\"margin: 0\"><div  class=\"agb_content agb_imprint  notranslate\"><div>Ocean Rock EU GmbH<br \/>\nBussardweg 6<br \/>\n41468 Langenfeld<br \/>\nAllemagne<br \/>\n<br \/>\nt&eacute;l.: 017623120610<br \/>\nCourrier &eacute;lectronique : jiebin.lan@oceanrockeu.com<br \/>\n<br \/>\nTribunal d'enregistrement: Amtgericht D&uuml;sseldorf<br \/>\nNum&eacute;ro d'enregistrement: HRB 24405<br \/>\n<br \/>\nDirecteur g&eacute;n&eacute;ral: Jiebin Lan<br \/>\n<br \/>\nNum&eacute;ro d'identification de la taxe sur la valeur ajout&eacute;e : DE355807255<br \/>\n<br \/>\nConform&eacute;ment aux dispositions du Code de la consommation un r&egrave;glement amiable s&rsquo;applique aussi pour des litiges de consommation transfrontaliers. Si le client veut recourir au service d&rsquo;une telle m&eacute;diation, il peut consulter le site internet de la commission d&rsquo;&eacute;valuation et de contr&ocirc;le de la m&eacute;diation de la consommation (<a target=\"_blank\" href=\"https:\/\/www.economie.gouv.fr\/mediation-conso\">https:\/\/www.economie.gouv.fr\/mediation-conso<\/a>).<br \/>\n<br \/>\nCe site internet fournit notamment les coordonn&eacute;es du Centre europ&eacute;en des consommateurs France et des indications relatives aux modalit&eacute;s de l&rsquo;assistance dont le consommateur peut b&eacute;n&eacute;ficier en vue du r&egrave;glement extrajudiciaire de tels litiges transfrontaliers.<br \/>\n<br \/>\nSi le client veut recourir au service de m&eacute;diation lors d&rsquo;un litige avec le vendeur, il doit s&rsquo;adresser pr&eacute;alablement par &eacute;crit au vendeur. Le service du m&eacute;diateur ne peut &ecirc;tre saisi que lorsqu&rsquo;un accord avec le vendeur n&rsquo;a pas abouti.<\/div><div id=\"itkanzlei_txt_copyright\" style=\"font-size: 12px; margin-top: 8em;\"><div style=\"display: inline-block; vertical-align: top; margin-left: 5px; float: right; white-space: nowrap;\">Version: 21.04.2026, 13:19:18<\/div><div style=\"clear: right;\"><\/div><\/div><\/div><\/p>\n<\/div>\n","protected":false},"excerpt":{"rendered":"","protected":false},"author":1,"featured_media":0,"parent":0,"menu_order":0,"comment_status":"closed","ping_status":"closed","template":"","meta":{"site-sidebar-layout":"default","site-content-layout":"","ast-site-content-layout":"default","site-content-style":"default","site-sidebar-style":"default","ast-global-header-display":"","ast-banner-title-visibility":"","ast-main-header-display":"","ast-hfb-above-header-display":"","ast-hfb-below-header-display":"","ast-hfb-mobile-header-display":"","site-post-title":"","ast-breadcrumbs-content":"","ast-featured-img":"","footer-sml-layout":"","ast-disable-related-posts":"","theme-transparent-header-meta":"","adv-header-id-meta":"","stick-header-meta":"","header-above-stick-meta":"","header-main-stick-meta":"","header-below-stick-meta":"","astra-migrate-meta-layouts":"default","ast-page-background-enabled":"default","ast-page-background-meta":{"desktop":{"background-color":"var(--ast-global-color-5)","background-image":"","background-repeat":"repeat","background-position":"center center","background-size":"auto","background-attachment":"scroll","background-type":"","background-media":"","overlay-type":"","overlay-color":"","overlay-opacity":"","overlay-gradient":""},"tablet":{"background-color":"","background-image":"","background-repeat":"repeat","background-position":"center center","background-size":"auto","background-attachment":"scroll","background-type":"","background-media":"","overlay-type":"","overlay-color":"","overlay-opacity":"","overlay-gradient":""},"mobile":{"background-color":"","background-image":"","background-repeat":"repeat","background-position":"center center","background-size":"auto","background-attachment":"scroll","background-type":"","background-media":"","overlay-type":"","overlay-color":"","overlay-opacity":"","overlay-gradient":""}},"ast-content-background-meta":{"desktop":{"background-color":"var(--ast-global-color-4)","background-image":"","background-repeat":"repeat","background-position":"center center","background-size":"auto","background-attachment":"scroll","background-type":"","background-media":"","overlay-type":"","overlay-color":"","overlay-opacity":"","overlay-gradient":""},"tablet":{"background-color":"var(--ast-global-color-4)","background-image":"","background-repeat":"repeat","background-position":"center center","background-size":"auto","background-attachment":"scroll","background-type":"","background-media":"","overlay-type":"","overlay-color":"","overlay-opacity":"","overlay-gradient":""},"mobile":{"background-color":"var(--ast-global-color-4)","background-image":"","background-repeat":"repeat","background-position":"center center","background-size":"auto","background-attachment":"scroll","background-type":"","background-media":"","overlay-type":"","overlay-color":"","overlay-opacity":"","overlay-gradient":""}},"footnotes":""},"class_list":["post-25602","page","type-page","status-publish","hentry"],"yoast_head":"<!-- This site is optimized with the Yoast SEO Premium plugin v27.5 (Yoast SEO v27.5) - https:\/\/yoast.com\/product\/yoast-seo-premium-wordpress\/ -->\n<title>Mentions l\u00e9gales - ELEMENTI<\/title>\n<meta name=\"description\" content=\"Mentions l\u00e9gales officielles d&#039;ELEMENTI : identification du fournisseur, contact, informations sur la surveillance\/le r\u00e8glement des litiges, informations l\u00e9gales.\" \/>\n<meta name=\"robots\" content=\"index, follow, max-snippet:-1, max-image-preview:large, max-video-preview:-1\" \/>\n<link rel=\"canonical\" href=\"https:\/\/www.elementishop.com\/fr\/mentions-legales\/\" \/>\n<meta property=\"og:locale\" content=\"fr_FR\" \/>\n<meta property=\"og:type\" content=\"article\" \/>\n<meta property=\"og:title\" content=\"Mentions l\u00e9gales - ELEMENTI - Elementi\" \/>\n<meta property=\"og:description\" content=\"Mentions l\u00e9gales officielles d&#039;ELEMENTI : identification du fournisseur, contact, informations sur la surveillance\/le r\u00e8glement des litiges, informations l\u00e9gales.\" \/>\n<meta property=\"og:url\" content=\"https:\/\/www.elementishop.com\/fr\/mentions-legales\/\" \/>\n<meta property=\"og:site_name\" content=\"Elementi\" \/>\n<meta property=\"article:modified_time\" content=\"2026-04-21T11:19:20+00:00\" \/>\n<meta property=\"og:image\" content=\"https:\/\/www.elementishop.com\/wp-content\/uploads\/2025\/05\/EAG13-CW-13-1.webp\" \/>\n\t<meta property=\"og:image:width\" content=\"1920\" \/>\n\t<meta property=\"og:image:height\" content=\"1280\" \/>\n\t<meta property=\"og:image:type\" content=\"image\/webp\" \/>\n<meta name=\"twitter:card\" content=\"summary_large_image\" \/>\n<meta name=\"twitter:label1\" content=\"Dur\u00e9e de lecture estim\u00e9e\" \/>\n\t<meta name=\"twitter:data1\" content=\"1 minute\" \/>\n<script type=\"application\/ld+json\" class=\"yoast-schema-graph\">{\"@context\":\"https:\\\/\\\/schema.org\",\"@graph\":[{\"@type\":\"WebPage\",\"@id\":\"https:\\\/\\\/www.elementishop.com\\\/fr\\\/mentions-legales\\\/\",\"url\":\"https:\\\/\\\/www.elementishop.com\\\/fr\\\/mentions-legales\\\/\",\"name\":\"Mentions l\u00e9gales - ELEMENTI\",\"isPartOf\":{\"@id\":\"https:\\\/\\\/www.elementishop.com\\\/fr\\\/#website\"},\"datePublished\":\"2026-04-21T09:15:42+00:00\",\"dateModified\":\"2026-04-21T11:19:20+00:00\",\"description\":\"Mentions l\u00e9gales officielles d'ELEMENTI : identification du fournisseur, contact, informations sur la surveillance\\\/le r\u00e8glement des litiges, informations l\u00e9gales.\",\"breadcrumb\":{\"@id\":\"https:\\\/\\\/www.elementishop.com\\\/fr\\\/mentions-legales\\\/#breadcrumb\"},\"inLanguage\":\"fr-FR\",\"potentialAction\":[{\"@type\":\"ReadAction\",\"target\":[\"https:\\\/\\\/www.elementishop.com\\\/fr\\\/mentions-legales\\\/\"]}]},{\"@type\":\"BreadcrumbList\",\"@id\":\"https:\\\/\\\/www.elementishop.com\\\/fr\\\/mentions-legales\\\/#breadcrumb\",\"itemListElement\":[{\"@type\":\"ListItem\",\"position\":1,\"name\":\"Home\",\"item\":\"https:\\\/\\\/www.elementishop.com\\\/fr\\\/accueil\\\/\"},{\"@type\":\"ListItem\",\"position\":2,\"name\":\"Mentions l\u00e9gales &#8211; ELEMENTI\"}]},{\"@type\":\"WebSite\",\"@id\":\"https:\\\/\\\/www.elementishop.com\\\/fr\\\/#website\",\"url\":\"https:\\\/\\\/www.elementishop.com\\\/fr\\\/\",\"name\":\"Elementi\",\"description\":\"Feuerstellen und Betonm\u00f6bel direkt vom Hersteller\",\"publisher\":{\"@id\":\"https:\\\/\\\/www.elementishop.com\\\/fr\\\/#organization\"},\"alternateName\":\"ELEMENTI\",\"potentialAction\":[{\"@type\":\"SearchAction\",\"target\":{\"@type\":\"EntryPoint\",\"urlTemplate\":\"https:\\\/\\\/www.elementishop.com\\\/fr\\\/?s={search_term_string}\"},\"query-input\":{\"@type\":\"PropertyValueSpecification\",\"valueRequired\":true,\"valueName\":\"search_term_string\"}}],\"inLanguage\":\"fr-FR\"},{\"@type\":\"Organization\",\"@id\":\"https:\\\/\\\/www.elementishop.com\\\/fr\\\/#organization\",\"name\":\"Elementi\",\"alternateName\":\"Ocean Rock EU GmbH\",\"url\":\"https:\\\/\\\/www.elementishop.com\\\/fr\\\/\",\"logo\":{\"@type\":\"ImageObject\",\"inLanguage\":\"fr-FR\",\"@id\":\"https:\\\/\\\/www.elementishop.com\\\/fr\\\/#\\\/schema\\\/logo\\\/image\\\/\",\"url\":\"https:\\\/\\\/www.elementishop.com\\\/wp-content\\\/uploads\\\/2024\\\/10\\\/Elementi_icon.png\",\"contentUrl\":\"https:\\\/\\\/www.elementishop.com\\\/wp-content\\\/uploads\\\/2024\\\/10\\\/Elementi_icon.png\",\"width\":32,\"height\":32,\"caption\":\"Elementi\"},\"image\":{\"@id\":\"https:\\\/\\\/www.elementishop.com\\\/fr\\\/#\\\/schema\\\/logo\\\/image\\\/\"},\"sameAs\":[\"https:\\\/\\\/www.youtube.com\\\/channel\\\/UCfS6nYgGKEK48J8PewFrWNQ\",\"https:\\\/\\\/www.instagram.com\\\/elementi.eu\\\/\",\"https:\\\/\\\/de.pinterest.com\\\/elementieurope\\\/_saved\\\/\",\"https:\\\/\\\/www.tiktok.com\\\/@elementi_spain?_t=8ovjXwJeKp7&_r=1\"],\"description\":\"ELEMENTI entwickelt hochwertige Gas-Feuerstellen und M\u00f6bel aus GFRC-Beton f\u00fcr den europ\u00e4ischen Markt \u2013 CE\\\/EN-konform mit passendem Zubeh\u00f6r.\",\"email\":\"info@elementieu.com\",\"telephone\":\"017623120610\",\"foundingDate\":\"2013-09-01\",\"vatID\":\"DE355807255\",\"taxID\":\"12257580929\",\"numberOfEmployees\":{\"@type\":\"QuantitativeValue\",\"minValue\":\"1\",\"maxValue\":\"10\"},\"publishingPrinciples\":\"https:\\\/\\\/www.elementishop.com\\\/ueber-uns\\\/\",\"ownershipFundingInfo\":\"https:\\\/\\\/www.elementishop.com\\\/impressum\\\/\",\"correctionsPolicy\":\"https:\\\/\\\/www.elementishop.com\\\/agb\\\/\",\"ethicsPolicy\":\"https:\\\/\\\/www.elementishop.com\\\/ueber-uns\\\/\",\"hasMerchantReturnPolicy\":{\"@type\":\"MerchantReturnPolicy\",\"merchantReturnLink\":\"https:\\\/\\\/www.elementishop.com\\\/widerrufsrecht\\\/\"}}]}<\/script>\n<!-- \/ Yoast SEO Premium plugin. -->","yoast_head_json":{"title":"Mentions l\u00e9gales - ELEMENTI","description":"Mentions l\u00e9gales officielles d'ELEMENTI : identification du fournisseur, contact, informations sur la surveillance\/le r\u00e8glement des litiges, informations l\u00e9gales.","robots":{"index":"index","follow":"follow","max-snippet":"max-snippet:-1","max-image-preview":"max-image-preview:large","max-video-preview":"max-video-preview:-1"},"canonical":"https:\/\/www.elementishop.com\/fr\/mentions-legales\/","og_locale":"fr_FR","og_type":"article","og_title":"Mentions l\u00e9gales - ELEMENTI - Elementi","og_description":"Mentions l\u00e9gales officielles d'ELEMENTI : identification du fournisseur, contact, informations sur la surveillance\/le r\u00e8glement des litiges, informations l\u00e9gales.","og_url":"https:\/\/www.elementishop.com\/fr\/mentions-legales\/","og_site_name":"Elementi","article_modified_time":"2026-04-21T11:19:20+00:00","og_image":[{"width":1920,"height":1280,"url":"https:\/\/www.elementishop.com\/wp-content\/uploads\/2025\/05\/EAG13-CW-13-1.webp","type":"image\/webp"}],"twitter_card":"summary_large_image","twitter_misc":{"Dur\u00e9e de lecture estim\u00e9e":"1 minute"},"schema":{"@context":"https:\/\/schema.org","@graph":[{"@type":"WebPage","@id":"https:\/\/www.elementishop.com\/fr\/mentions-legales\/","url":"https:\/\/www.elementishop.com\/fr\/mentions-legales\/","name":"Mentions l\u00e9gales - ELEMENTI","isPartOf":{"@id":"https:\/\/www.elementishop.com\/fr\/#website"},"datePublished":"2026-04-21T09:15:42+00:00","dateModified":"2026-04-21T11:19:20+00:00","description":"Mentions l\u00e9gales officielles d'ELEMENTI : identification du fournisseur, contact, informations sur la surveillance\/le r\u00e8glement des litiges, informations l\u00e9gales.","breadcrumb":{"@id":"https:\/\/www.elementishop.com\/fr\/mentions-legales\/#breadcrumb"},"inLanguage":"fr-FR","potentialAction":[{"@type":"ReadAction","target":["https:\/\/www.elementishop.com\/fr\/mentions-legales\/"]}]},{"@type":"BreadcrumbList","@id":"https:\/\/www.elementishop.com\/fr\/mentions-legales\/#breadcrumb","itemListElement":[{"@type":"ListItem","position":1,"name":"Home","item":"https:\/\/www.elementishop.com\/fr\/accueil\/"},{"@type":"ListItem","position":2,"name":"Mentions l\u00e9gales &#8211; ELEMENTI"}]},{"@type":"WebSite","@id":"https:\/\/www.elementishop.com\/fr\/#website","url":"https:\/\/www.elementishop.com\/fr\/","name":"Elementi","description":"Feuerstellen und Betonm\u00f6bel direkt vom Hersteller","publisher":{"@id":"https:\/\/www.elementishop.com\/fr\/#organization"},"alternateName":"ELEMENTI","potentialAction":[{"@type":"SearchAction","target":{"@type":"EntryPoint","urlTemplate":"https:\/\/www.elementishop.com\/fr\/?s={search_term_string}"},"query-input":{"@type":"PropertyValueSpecification","valueRequired":true,"valueName":"search_term_string"}}],"inLanguage":"fr-FR"},{"@type":"Organization","@id":"https:\/\/www.elementishop.com\/fr\/#organization","name":"Elementi","alternateName":"Ocean Rock EU GmbH","url":"https:\/\/www.elementishop.com\/fr\/","logo":{"@type":"ImageObject","inLanguage":"fr-FR","@id":"https:\/\/www.elementishop.com\/fr\/#\/schema\/logo\/image\/","url":"https:\/\/www.elementishop.com\/wp-content\/uploads\/2024\/10\/Elementi_icon.png","contentUrl":"https:\/\/www.elementishop.com\/wp-content\/uploads\/2024\/10\/Elementi_icon.png","width":32,"height":32,"caption":"Elementi"},"image":{"@id":"https:\/\/www.elementishop.com\/fr\/#\/schema\/logo\/image\/"},"sameAs":["https:\/\/www.youtube.com\/channel\/UCfS6nYgGKEK48J8PewFrWNQ","https:\/\/www.instagram.com\/elementi.eu\/","https:\/\/de.pinterest.com\/elementieurope\/_saved\/","https:\/\/www.tiktok.com\/@elementi_spain?_t=8ovjXwJeKp7&_r=1"],"description":"ELEMENTI entwickelt hochwertige Gas-Feuerstellen und M\u00f6bel aus GFRC-Beton f\u00fcr den europ\u00e4ischen Markt \u2013 CE\/EN-konform mit passendem Zubeh\u00f6r.","email":"info@elementieu.com","telephone":"017623120610","foundingDate":"2013-09-01","vatID":"DE355807255","taxID":"12257580929","numberOfEmployees":{"@type":"QuantitativeValue","minValue":"1","maxValue":"10"},"publishingPrinciples":"https:\/\/www.elementishop.com\/ueber-uns\/","ownershipFundingInfo":"https:\/\/www.elementishop.com\/impressum\/","correctionsPolicy":"https:\/\/www.elementishop.com\/agb\/","ethicsPolicy":"https:\/\/www.elementishop.com\/ueber-uns\/","hasMerchantReturnPolicy":{"@type":"MerchantReturnPolicy","merchantReturnLink":"https:\/\/www.elementishop.com\/widerrufsrecht\/"}}]}},"_links":{"self":[{"href":"https:\/\/www.elementishop.com\/fr\/wp-json\/wp\/v2\/pages\/25602","targetHints":{"allow":["GET"]}}],"collection":[{"href":"https:\/\/www.elementishop.com\/fr\/wp-json\/wp\/v2\/pages"}],"about":[{"href":"https:\/\/www.elementishop.com\/fr\/wp-json\/wp\/v2\/types\/page"}],"author":[{"embeddable":true,"href":"https:\/\/www.elementishop.com\/fr\/wp-json\/wp\/v2\/users\/1"}],"replies":[{"embeddable":true,"href":"https:\/\/www.elementishop.com\/fr\/wp-json\/wp\/v2\/comments?post=25602"}],"version-history":[{"count":4,"href":"https:\/\/www.elementishop.com\/fr\/wp-json\/wp\/v2\/pages\/25602\/revisions"}],"predecessor-version":[{"id":49056,"href":"https:\/\/www.elementishop.com\/fr\/wp-json\/wp\/v2\/pages\/25602\/revisions\/49056"}],"wp:attachment":[{"href":"https:\/\/www.elementishop.com\/fr\/wp-json\/wp\/v2\/media?parent=25602"}],"curies":[{"name":"wp","href":"https:\/\/api.w.org\/{rel}","templated":true}]}}