{"id":25599,"date":"2026-04-30T01:31:48","date_gmt":"2026-04-29T23:31:48","guid":{"rendered":"https:\/\/www.elementishop.com\/proteccion-de-datos\/"},"modified":"2025-11-10T15:44:25","modified_gmt":"2025-11-10T14:44:25","slug":"proteccion-de-datos","status":"publish","type":"page","link":"https:\/\/www.elementishop.com\/es\/proteccion-de-datos\/","title":{"rendered":"Protecci\u00f3n de datos"},"content":{"rendered":"<div style=\"border: 1px solid #d6d3d1; border-left: 6px solid #d97706; padding: 1em 1.5em; background: #fdfaf6; border-radius: 8px; margin: 2em;\">\n<p style=\"margin: 0;\"><div  class=\"agb_content agb_privacy  notranslate\"><div><h2>&Iacute;ndice<\/h2>\n<ol>\n<li>Informaci&oacute;n sobre la recopilaci&oacute;n de datos personales y de contacto por parte del responsable<\/li>\n<li>Recopilaci&oacute;n de datos durante la visita al sitio web<\/li>\n<li>Hosting &amp; Content Delivery Network<\/li>\n<li>Toma de contacto<\/li>\n<li>Tratamiento de datos al abrir una cuenta de cliente y para ejecutar un contrato<\/li>\n<li>Tratamiento de datos para la tramitaci&oacute;n del pedido<\/li>\n<li>Derechos del interesado<\/li>\n<li>Per&iacute;odo de conservaci&oacute;n de sus datos personales<\/li>\n<\/ol>\n\n<h2>1) Informaci&oacute;n sobre la recopilaci&oacute;n de datos personales y de contacto por parte del responsable<\/h2>\n\n<p><b>1.1<\/b>&nbsp;Nos alegra que visite nuestro sitio web y le agradecemos su inter&eacute;s. A continuaci&oacute;n le ofrecemos informaci&oacute;n sobre c&oacute;mo trataremos sus datos personales cuando utilice nuestro sitio web. En este contexto, los datos personales son datos con los que puede identificarse personalmente.<\/p>\n\n<p><b>1.2<\/b>&nbsp;El responsable del tratamiento de los datos en este sitio web en virtud del Reglamento General de Protecci&oacute;n de Datos (RGPD) es Ocean Rock EU GmbH, Bussardweg 6, 41468 Langenfeld, Alemania, Tel&eacute;fono: 017623120610, correo electr&oacute;nico: jiebin.lan@oceanrockeu.com. El responsable del tratamiento de los datos personales es aquella persona f&iacute;sica o jur&iacute;dica que, sola o junto con otras, decide sobre los fines y medios del tratamiento de dichos datos personales.<\/p>\n\n<h2>2) Recopilaci&oacute;n de datos durante la visita al sitio web<\/h2>\n\n<p><b>2.1<\/b>&nbsp;Con un uso meramente informativo del sitio, es decir, si no se registra ni nos facilita informaci&oacute;n de ninguna otra manera, solamente recopilaremos aquellos datos que su navegador transfiera a nuestro servidor (archivos de registro del servidor). Cuando consulte nuestro sitio web, recopilaremos los datos siguientes, que son t&eacute;cnicamente necesarios para mostrarle las p&aacute;ginas:<\/p>\n\n<ul>\n<li>El sitio web visitado<\/li>\n<li>La fecha y la hora del acceso<\/li>\n<li>La cantidad de datos enviados en bytes<\/li>\n<li>El origen o la referencia desde los cuales lleg&oacute; al sitio<\/li>\n<li>El navegador utilizado<\/li>\n<li>El sistema operativo empleado<\/li>\n<li>La direcci&oacute;n IP utilizada (si procede, de forma anonimizada)<\/li>\n<\/ul>\n\n<p>El tratamiento se realiza de conformidad con el art&iacute;culo 6, apartado 1, letra f del RGPD con base en nuestros intereses leg&iacute;timos en mejorar la estabilidad y la funcionalidad de nuestro sitio web. No transmitiremos los datos ni los usaremos de ninguna otra forma. No obstante, nos reservamos el derecho de comprobar los archivos de registro del servidor posteriormente en caso de que haya alg&uacute;n indicio de que se est&eacute; haciendo un uso ilegal.<\/p>\n\n<p><b>2.2<\/b>&nbsp;Por motivos de seguridad y para proteger la transmisi&oacute;n de datos y otros contenidos confidenciales (p. ej., pedidos o consultas al responsable), este sitio web utiliza un protocolo de cifrado SSL o TLS. Podr&aacute; identificar un v&iacute;nculo cifrado por la secuencia de caracteres &laquo;https:\/\/&raquo; y el s&iacute;mbolo del candado en la barra del navegador.<\/p>\n\n<h2>3) Hosting &amp; Content Delivery Network<\/h2>\n\n<p>Para el alojamiento de nuestro sitio web y la presentaci&oacute;n del contenido de la p&aacute;gina, utilizamos un proveedor que presta sus servicios por s&iacute; mismo o a trav&eacute;s de subcontratistas seleccionados exclusivamente en servidores dentro de la Uni&oacute;n Europea.<\/p>\n\n<p>Todos los datos recogidos en nuestro sitio web se procesan en estos servidores.<\/p>\n\n<p>Hemos suscrito un contrato de procesamiento de pedidos con el proveedor, que garantiza la protecci&oacute;n de los datos de los visitantes de nuestro sitio web y proh&iacute;be su divulgaci&oacute;n no autorizada a terceros.<\/p>\n\n<h2>4) Toma de contacto<\/h2>\n\n<p>Cuando se ponga en contacto con nosotros (p. ej., a trav&eacute;s de un formulario de contacto o por correo electr&oacute;nico), recopilaremos datos personales. Los datos que se recoger&aacute;n en el caso de un formulario de contacto se especifican en el formulario en cuesti&oacute;n. Estos datos se guardar&aacute;n y utilizar&aacute;n exclusivamente para responder a su solicitud o para la toma de contacto y la administraci&oacute;n t&eacute;cnica vinculada a ella.<\/p>\n\n<p>La base jur&iacute;dica para el tratamiento de los datos son nuestros intereses leg&iacute;timos en responder a su solicitud, de conformidad con el art&iacute;culo 6, apartado 1, letra f del RGPD. Si su toma de contacto tiene como fin formalizar un contrato, el tratamiento de los datos tendr&aacute; tambi&eacute;n como base jur&iacute;dica la que se expone en el art&iacute;culo 6, apartado 1, letra b del RGPD. Una vez tramitada su solicitud, sus datos ser&aacute;n eliminados siempre que las circunstancias indiquen que el asunto en cuesti&oacute;n ha sido aclarado de forma concluyente y que no existan obligaciones legales de conservaci&oacute;n que se opongan a dicha eliminaci&oacute;n.<\/p>\n\n<h2>5) Tratamiento de datos al abrir una cuenta de cliente y para ejecutar un contrato<\/h2>\n\n<p>De conformidad con el art&iacute;culo 6, apartado 1, letra b del RGPD, se recopilar&aacute;n y tratar&aacute;n datos personales cuando estos sean necesarios para ejecutar un contrato o para abrir una cuenta de cliente. Los datos que se recoger&aacute;n se especifican en el formulario en cuesti&oacute;n. La cuenta de cliente se puede eliminar en cualquier momento enviando un mensaje a la direcci&oacute;n del responsable arriba mencionada. Guardaremos y utilizaremos los datos que nos proporcione para ejecutar el contrato. Una vez ejecutado el contrato o eliminada la cuenta de cliente, bloquearemos sus datos para cumplir los plazos de conservaci&oacute;n establecidos por ley para el &aacute;mbito fiscal y comercial, y, transcurdidos dichos plazos, se eliminar&aacute;n, a menos que haya autorizado expl&iacute;citamente que los sigamos utilizando o que nos hayamos reservado el derecho de hacer un uso legal de los mismos a posteriori, del que lo informaremos a continuaci&oacute;n.<\/p>\n\n<h2>6) Tratamiento de datos para la tramitaci&oacute;n del pedido<\/h2>\n\n<p>Transmitiremos los datos personales que recopilemos para tramitar el contrato a las empresas de transporte contratadas para el env&iacute;o, siempre que ello sea necesario para entregar la mercanc&iacute;a. Transferiremos sus datos de pago para tramitar el pago a la entidad crediticia contratada, siempre que ello sea necesario para la tramitaci&oacute;n del pago. Cuando utilicemos proveedores de servicios de pago, lo informaremos al respecto expresamente. La base jur&iacute;dica para la transmisi&oacute;n de datos en este sentido es el art&iacute;culo 6, apartado 1, letra b del RGPD.<\/p>\n\n<h2>7) Derechos del interesado<\/h2>\n\n<p><b>7.1<\/b>&nbsp;Las disposiciones legales de protecci&oacute;n de datos vigentes le conceden amplios derechos frente al responsable del tratamiento de sus datos personales (derechos de informaci&oacute;n e intervenci&oacute;n), de los que le informamos a continuaci&oacute;n:<\/p>\n\n<ul>\n<li>Derecho de acceso en virtud del art&iacute;culo 15 del RGPD<\/li>\n<li>Derecho de rectificaci&oacute;n en virtud del art&iacute;culo 16 del RGPD<\/li>\n<li>Derecho de cancelaci&oacute;n en virtud del art&iacute;culo 17 del RGPD<\/li>\n<li>Derecho de restricci&oacute;n del tratamiento en virtud del art&iacute;culo 18 del RGPD<\/li>\n<li>Derecho de informaci&oacute;n en virtud del art&iacute;culo 19 del RGPD<\/li>\n<li>Derecho a la portabilidad de los datos en virtud del art&iacute;culo 20 del RGPD<\/li>\n<li>Derecho de revocaci&oacute;n de los consentimientos dados en virtud del art&iacute;culo 7, apartado 3 del RGPD<\/li>\n<li>Derecho de reclamaci&oacute;n en virtud del art&iacute;culo 77 del RGPD<\/li>\n<\/ul>\n\n<p><b>7.2<\/b>&nbsp;DERECHO DE OPOSICI&Oacute;N<\/p>\n\n<p>SI PROCESAMOS SUS DATOS PERSONALES EN EL CONTEXTO DE UNA PONDERACI&Oacute;N DE INTERESES CON BASE EN NUESTROS INTERESES LEG&Iacute;TIMOS PREVALENTES, TIENE DERECHO EN TODO MOMENTO A OPONERSE A ESTE TRATAMIENTO CON EFECTO FUTURO POR LOS MOTIVOS QUE SE DESPRENDAN DE SU SITUACI&Oacute;N CONCRETA.<br \/>\nSI EJERCE SU DERECHO DE OPOSICI&Oacute;N, FINALIZAREMOS EL TRATAMIENTO DE LOS DATOS EN CUESTI&Oacute;N. NO OBSTANTE, NOS RESERVAMOS EL DERECHO DE SEGUIRLOS TRATANDO SI PODEMOS DEMOSTRAR QUE EXISTEN MOTIVOS INELUDIBLES JUSTIFICADOS QUE PREVALEZCAN SOBRE SUS INTERESES Y SUS DERECHOS Y LIBERTADES FUNDAMENTALES, O BIEN CUANDO DICHO TRATAMIENTO SIRVA PARA HACER VALER, EJERCER O DEFENDER DERECHOS.<\/p>\n\n<p>SI PROCESAMOS SUS DATOS PERSONALES PARA GESTIONAR PUBLICIDAD DIRECTA, TIENE DERECHO EN TODO MOMENTO A OPONERSE A ESTE TRATAMIENTO DE LOS DATOS PERSONALES EN CUESTI&Oacute;N CON DICHOS FINES PUBLICITARIOS. PUEDE EJERCER LA OPOSICI&Oacute;N COMO SE DESCRIBE M&Aacute;S ARRIBA.<\/p>\n\n<p>SI EJERCE SU DERECHO DE OPOSICI&Oacute;N, FINALIZAREMOS EL TRATAMIENTO DE LOS DATOS EN CUESTI&Oacute;N CON FINES DE PUBLICIDAD DIRECTA.<\/p>\n\n<h2>8) Per&iacute;odo de conservaci&oacute;n de sus datos personales<\/h2>\n\n<p>La duraci&oacute;n del almacenamiento de los datos personales se determina en funci&oacute;n de la base jur&iacute;dica respectiva, de la finalidad del tratamiento y, en su caso, tambi&eacute;n del per&iacute;odo de conservaci&oacute;n legal correspondiente (por ejemplo, los per&iacute;odos de conservaci&oacute;n en virtud del derecho mercantil y fiscal).<\/p>\n\n<p>Cuando se tratan datos personales sobre la base de un consentimiento expl&iacute;cito de conformidad con el Art. 6, p&aacute;rrafo 1, lit. a RGPD, estos datos se almacenan hasta que el interesado revoca su consentimiento.<\/p>\n\n<p>Si existen plazos de conservaci&oacute;n legales para los datos que se procesan en el &aacute;mbito de las obligaciones legales o cuasi legales sobre la base del Art. 6 p&aacute;rrafo 1, lit. b RGPD, estos datos se eliminar&aacute;n de forma rutinaria despu&eacute;s de la expiraci&oacute;n de los per&iacute;odos de conservaci&oacute;n, siempre que ya no sean necesarios para el cumplimiento del contrato o la iniciaci&oacute;n del contrato y\/o no exista un inter&eacute;s justificado por nuestra parte para seguir almacen&aacute;ndolos.<\/p>\n\n<p>Cuando se traten datos personales sobre la base del Art. 6, p&aacute;rrafo 1, lit. f RGPD, dichos datos se conservar&aacute;n hasta que el interesado ejerza su derecho de oposici&oacute;n de conformidad con el Art. 21, p&aacute;rrafo 1 RGPD, a menos que podamos demostrar motivos leg&iacute;timos imperiosos para el tratamiento que prevalezcan sobre los intereses, derechos y libertades del interesado, o que el tratamiento sirva para hacer valer, ejercer o defender reclamaciones legales.<\/p>\n\n<p>Cuando se traten datos personales con fines de marketing directo sobre la base del Art. 6, p&aacute;rrafo 1, lit. f RGPD, dichos datos se conservar&aacute;n hasta que el interesado ejerza su derecho de oposici&oacute;n de conformidad con el Art. 21, p&aacute;rrafo 2 RGPD.<\/p>\n\n<p>Salvo que se indique lo contrario en el resto de la informaci&oacute;n de esta declaraci&oacute;n sobre situaciones espec&iacute;ficas de tratamiento, los datos personales almacenados se eliminar&aacute;n cuando ya no sean necesarios para los fines para los que fueron recogidos o tratados de otro modo.<\/p><\/div><div id=\"itkanzlei_txt_copyright\" style=\"font-size: 12px; margin-top: 8em;\"><div style=\"display: inline-block; vertical-align: top;\"><a href=\"https:\/\/www.it-recht-kanzlei.de\/\" target=\"_blank\"><img decoding=\"async\" src=\"https:\/\/www.it-recht-kanzlei.de\/logo\/Copyright-Logo_Datenschutzerklaerung.png?i=4d81d-33f9f-39c8-907e-1\" id=\"itkanzlei_img_copyright\" alt=\"&copy; IT-Recht Kanzlei\" title=\"&copy; IT-Recht Kanzlei\" style=\"margin-top: -20px; border-style: none; max-width: 100%;\" \/><\/a><\/div><div style=\"display: inline-block; vertical-align: top; margin-left: 5px; float: right; white-space: nowrap;\">Versi\u00f3n: 22.04.2026, 03:28:08<\/div><div style=\"clear: right;\"><\/div><\/div><\/div><\/p>\n<\/div>\n\n\n<p><\/p>\n","protected":false},"excerpt":{"rendered":"","protected":false},"author":1,"featured_media":0,"parent":0,"menu_order":0,"comment_status":"closed","ping_status":"closed","template":"","meta":{"site-sidebar-layout":"default","site-content-layout":"","ast-site-content-layout":"default","site-content-style":"default","site-sidebar-style":"default","ast-global-header-display":"","ast-banner-title-visibility":"","ast-main-header-display":"","ast-hfb-above-header-display":"","ast-hfb-below-header-display":"","ast-hfb-mobile-header-display":"","site-post-title":"","ast-breadcrumbs-content":"","ast-featured-img":"","footer-sml-layout":"","ast-disable-related-posts":"","theme-transparent-header-meta":"","adv-header-id-meta":"","stick-header-meta":"","header-above-stick-meta":"","header-main-stick-meta":"","header-below-stick-meta":"","astra-migrate-meta-layouts":"default","ast-page-background-enabled":"default","ast-page-background-meta":{"desktop":{"background-color":"var(--ast-global-color-5)","background-image":"","background-repeat":"repeat","background-position":"center center","background-size":"auto","background-attachment":"scroll","background-type":"","background-media":"","overlay-type":"","overlay-color":"","overlay-opacity":"","overlay-gradient":""},"tablet":{"background-color":"","background-image":"","background-repeat":"repeat","background-position":"center center","background-size":"auto","background-attachment":"scroll","background-type":"","background-media":"","overlay-type":"","overlay-color":"","overlay-opacity":"","overlay-gradient":""},"mobile":{"background-color":"","background-image":"","background-repeat":"repeat","background-position":"center center","background-size":"auto","background-attachment":"scroll","background-type":"","background-media":"","overlay-type":"","overlay-color":"","overlay-opacity":"","overlay-gradient":""}},"ast-content-background-meta":{"desktop":{"background-color":"var(--ast-global-color-4)","background-image":"","background-repeat":"repeat","background-position":"center center","background-size":"auto","background-attachment":"scroll","background-type":"","background-media":"","overlay-type":"","overlay-color":"","overlay-opacity":"","overlay-gradient":""},"tablet":{"background-color":"var(--ast-global-color-4)","background-image":"","background-repeat":"repeat","background-position":"center center","background-size":"auto","background-attachment":"scroll","background-type":"","background-media":"","overlay-type":"","overlay-color":"","overlay-opacity":"","overlay-gradient":""},"mobile":{"background-color":"var(--ast-global-color-4)","background-image":"","background-repeat":"repeat","background-position":"center center","background-size":"auto","background-attachment":"scroll","background-type":"","background-media":"","overlay-type":"","overlay-color":"","overlay-opacity":"","overlay-gradient":""}},"footnotes":""},"class_list":["post-25599","page","type-page","status-publish","hentry"],"yoast_head":"<!-- This site is optimized with the Yoast SEO Premium plugin v27.5 (Yoast SEO v27.5) - https:\/\/yoast.com\/product\/yoast-seo-premium-wordpress\/ -->\n<title>Protecci\u00f3n de datos - Elementi<\/title>\n<meta name=\"robots\" content=\"index, follow, max-snippet:-1, max-image-preview:large, max-video-preview:-1\" \/>\n<link rel=\"canonical\" href=\"https:\/\/www.elementishop.com\/es\/proteccion-de-datos\/\" \/>\n<meta property=\"og:locale\" content=\"es_ES\" \/>\n<meta property=\"og:type\" content=\"article\" \/>\n<meta property=\"og:title\" content=\"Protecci\u00f3n de datos - Elementi\" \/>\n<meta property=\"og:url\" content=\"https:\/\/www.elementishop.com\/es\/proteccion-de-datos\/\" \/>\n<meta property=\"og:site_name\" content=\"Elementi\" \/>\n<meta property=\"og:image\" content=\"https:\/\/www.elementishop.com\/wp-content\/uploads\/2025\/05\/EAG13-CW-13-1.webp\" \/>\n\t<meta property=\"og:image:width\" content=\"1920\" \/>\n\t<meta property=\"og:image:height\" content=\"1280\" \/>\n\t<meta property=\"og:image:type\" content=\"image\/webp\" \/>\n<meta name=\"twitter:card\" content=\"summary_large_image\" \/>\n<meta name=\"twitter:label1\" content=\"Tiempo de lectura\" \/>\n\t<meta name=\"twitter:data1\" content=\"1 minuto\" \/>\n<script type=\"application\/ld+json\" class=\"yoast-schema-graph\">{\"@context\":\"https:\\\/\\\/schema.org\",\"@graph\":[{\"@type\":\"WebPage\",\"@id\":\"https:\\\/\\\/www.elementishop.com\\\/es\\\/proteccion-de-datos\\\/\",\"url\":\"https:\\\/\\\/www.elementishop.com\\\/es\\\/proteccion-de-datos\\\/\",\"name\":\"Protecci\u00f3n de datos - Elementi\",\"isPartOf\":{\"@id\":\"https:\\\/\\\/www.elementishop.com\\\/es\\\/#website\"},\"datePublished\":\"2026-04-29T23:31:48+00:00\",\"breadcrumb\":{\"@id\":\"https:\\\/\\\/www.elementishop.com\\\/es\\\/proteccion-de-datos\\\/#breadcrumb\"},\"inLanguage\":\"es\",\"potentialAction\":[{\"@type\":\"ReadAction\",\"target\":[\"https:\\\/\\\/www.elementishop.com\\\/es\\\/proteccion-de-datos\\\/\"]}]},{\"@type\":\"BreadcrumbList\",\"@id\":\"https:\\\/\\\/www.elementishop.com\\\/es\\\/proteccion-de-datos\\\/#breadcrumb\",\"itemListElement\":[{\"@type\":\"ListItem\",\"position\":1,\"name\":\"Home\",\"item\":\"https:\\\/\\\/www.elementishop.com\\\/es\\\/inicio\\\/\"},{\"@type\":\"ListItem\",\"position\":2,\"name\":\"Protecci\u00f3n de datos\"}]},{\"@type\":\"WebSite\",\"@id\":\"https:\\\/\\\/www.elementishop.com\\\/es\\\/#website\",\"url\":\"https:\\\/\\\/www.elementishop.com\\\/es\\\/\",\"name\":\"Elementi\",\"description\":\"Feuerstellen und Betonm\u00f6bel direkt vom Hersteller\",\"publisher\":{\"@id\":\"https:\\\/\\\/www.elementishop.com\\\/es\\\/#organization\"},\"alternateName\":\"ELEMENTI\",\"potentialAction\":[{\"@type\":\"SearchAction\",\"target\":{\"@type\":\"EntryPoint\",\"urlTemplate\":\"https:\\\/\\\/www.elementishop.com\\\/es\\\/?s={search_term_string}\"},\"query-input\":{\"@type\":\"PropertyValueSpecification\",\"valueRequired\":true,\"valueName\":\"search_term_string\"}}],\"inLanguage\":\"es\"},{\"@type\":\"Organization\",\"@id\":\"https:\\\/\\\/www.elementishop.com\\\/es\\\/#organization\",\"name\":\"Elementi\",\"alternateName\":\"Ocean Rock EU GmbH\",\"url\":\"https:\\\/\\\/www.elementishop.com\\\/es\\\/\",\"logo\":{\"@type\":\"ImageObject\",\"inLanguage\":\"es\",\"@id\":\"https:\\\/\\\/www.elementishop.com\\\/es\\\/#\\\/schema\\\/logo\\\/image\\\/\",\"url\":\"https:\\\/\\\/www.elementishop.com\\\/wp-content\\\/uploads\\\/2024\\\/10\\\/Elementi_icon.png\",\"contentUrl\":\"https:\\\/\\\/www.elementishop.com\\\/wp-content\\\/uploads\\\/2024\\\/10\\\/Elementi_icon.png\",\"width\":32,\"height\":32,\"caption\":\"Elementi\"},\"image\":{\"@id\":\"https:\\\/\\\/www.elementishop.com\\\/es\\\/#\\\/schema\\\/logo\\\/image\\\/\"},\"sameAs\":[\"https:\\\/\\\/www.youtube.com\\\/channel\\\/UCfS6nYgGKEK48J8PewFrWNQ\",\"https:\\\/\\\/www.instagram.com\\\/elementi.eu\\\/\",\"https:\\\/\\\/de.pinterest.com\\\/elementieurope\\\/_saved\\\/\",\"https:\\\/\\\/www.tiktok.com\\\/@elementi_spain?_t=8ovjXwJeKp7&_r=1\"],\"description\":\"ELEMENTI entwickelt hochwertige Gas-Feuerstellen und M\u00f6bel aus GFRC-Beton f\u00fcr den europ\u00e4ischen Markt \u2013 CE\\\/EN-konform mit passendem Zubeh\u00f6r.\",\"email\":\"info@elementieu.com\",\"telephone\":\"017623120610\",\"foundingDate\":\"2013-09-01\",\"vatID\":\"DE355807255\",\"taxID\":\"12257580929\",\"numberOfEmployees\":{\"@type\":\"QuantitativeValue\",\"minValue\":\"1\",\"maxValue\":\"10\"},\"publishingPrinciples\":\"https:\\\/\\\/www.elementishop.com\\\/ueber-uns\\\/\",\"ownershipFundingInfo\":\"https:\\\/\\\/www.elementishop.com\\\/impressum\\\/\",\"correctionsPolicy\":\"https:\\\/\\\/www.elementishop.com\\\/agb\\\/\",\"ethicsPolicy\":\"https:\\\/\\\/www.elementishop.com\\\/ueber-uns\\\/\",\"hasMerchantReturnPolicy\":{\"@type\":\"MerchantReturnPolicy\",\"merchantReturnLink\":\"https:\\\/\\\/www.elementishop.com\\\/widerrufsrecht\\\/\"}}]}<\/script>\n<!-- \/ Yoast SEO Premium plugin. -->","yoast_head_json":{"title":"Protecci\u00f3n de datos - Elementi","robots":{"index":"index","follow":"follow","max-snippet":"max-snippet:-1","max-image-preview":"max-image-preview:large","max-video-preview":"max-video-preview:-1"},"canonical":"https:\/\/www.elementishop.com\/es\/proteccion-de-datos\/","og_locale":"es_ES","og_type":"article","og_title":"Protecci\u00f3n de datos - Elementi","og_url":"https:\/\/www.elementishop.com\/es\/proteccion-de-datos\/","og_site_name":"Elementi","og_image":[{"width":1920,"height":1280,"url":"https:\/\/www.elementishop.com\/wp-content\/uploads\/2025\/05\/EAG13-CW-13-1.webp","type":"image\/webp"}],"twitter_card":"summary_large_image","twitter_misc":{"Tiempo de lectura":"1 minuto"},"schema":{"@context":"https:\/\/schema.org","@graph":[{"@type":"WebPage","@id":"https:\/\/www.elementishop.com\/es\/proteccion-de-datos\/","url":"https:\/\/www.elementishop.com\/es\/proteccion-de-datos\/","name":"Protecci\u00f3n de datos - Elementi","isPartOf":{"@id":"https:\/\/www.elementishop.com\/es\/#website"},"datePublished":"2026-04-29T23:31:48+00:00","breadcrumb":{"@id":"https:\/\/www.elementishop.com\/es\/proteccion-de-datos\/#breadcrumb"},"inLanguage":"es","potentialAction":[{"@type":"ReadAction","target":["https:\/\/www.elementishop.com\/es\/proteccion-de-datos\/"]}]},{"@type":"BreadcrumbList","@id":"https:\/\/www.elementishop.com\/es\/proteccion-de-datos\/#breadcrumb","itemListElement":[{"@type":"ListItem","position":1,"name":"Home","item":"https:\/\/www.elementishop.com\/es\/inicio\/"},{"@type":"ListItem","position":2,"name":"Protecci\u00f3n de datos"}]},{"@type":"WebSite","@id":"https:\/\/www.elementishop.com\/es\/#website","url":"https:\/\/www.elementishop.com\/es\/","name":"Elementi","description":"Feuerstellen und Betonm\u00f6bel direkt vom Hersteller","publisher":{"@id":"https:\/\/www.elementishop.com\/es\/#organization"},"alternateName":"ELEMENTI","potentialAction":[{"@type":"SearchAction","target":{"@type":"EntryPoint","urlTemplate":"https:\/\/www.elementishop.com\/es\/?s={search_term_string}"},"query-input":{"@type":"PropertyValueSpecification","valueRequired":true,"valueName":"search_term_string"}}],"inLanguage":"es"},{"@type":"Organization","@id":"https:\/\/www.elementishop.com\/es\/#organization","name":"Elementi","alternateName":"Ocean Rock EU GmbH","url":"https:\/\/www.elementishop.com\/es\/","logo":{"@type":"ImageObject","inLanguage":"es","@id":"https:\/\/www.elementishop.com\/es\/#\/schema\/logo\/image\/","url":"https:\/\/www.elementishop.com\/wp-content\/uploads\/2024\/10\/Elementi_icon.png","contentUrl":"https:\/\/www.elementishop.com\/wp-content\/uploads\/2024\/10\/Elementi_icon.png","width":32,"height":32,"caption":"Elementi"},"image":{"@id":"https:\/\/www.elementishop.com\/es\/#\/schema\/logo\/image\/"},"sameAs":["https:\/\/www.youtube.com\/channel\/UCfS6nYgGKEK48J8PewFrWNQ","https:\/\/www.instagram.com\/elementi.eu\/","https:\/\/de.pinterest.com\/elementieurope\/_saved\/","https:\/\/www.tiktok.com\/@elementi_spain?_t=8ovjXwJeKp7&_r=1"],"description":"ELEMENTI entwickelt hochwertige Gas-Feuerstellen und M\u00f6bel aus GFRC-Beton f\u00fcr den europ\u00e4ischen Markt \u2013 CE\/EN-konform mit passendem Zubeh\u00f6r.","email":"info@elementieu.com","telephone":"017623120610","foundingDate":"2013-09-01","vatID":"DE355807255","taxID":"12257580929","numberOfEmployees":{"@type":"QuantitativeValue","minValue":"1","maxValue":"10"},"publishingPrinciples":"https:\/\/www.elementishop.com\/ueber-uns\/","ownershipFundingInfo":"https:\/\/www.elementishop.com\/impressum\/","correctionsPolicy":"https:\/\/www.elementishop.com\/agb\/","ethicsPolicy":"https:\/\/www.elementishop.com\/ueber-uns\/","hasMerchantReturnPolicy":{"@type":"MerchantReturnPolicy","merchantReturnLink":"https:\/\/www.elementishop.com\/widerrufsrecht\/"}}]}},"_links":{"self":[{"href":"https:\/\/www.elementishop.com\/es\/wp-json\/wp\/v2\/pages\/25599","targetHints":{"allow":["GET"]}}],"collection":[{"href":"https:\/\/www.elementishop.com\/es\/wp-json\/wp\/v2\/pages"}],"about":[{"href":"https:\/\/www.elementishop.com\/es\/wp-json\/wp\/v2\/types\/page"}],"author":[{"embeddable":true,"href":"https:\/\/www.elementishop.com\/es\/wp-json\/wp\/v2\/users\/1"}],"replies":[{"embeddable":true,"href":"https:\/\/www.elementishop.com\/es\/wp-json\/wp\/v2\/comments?post=25599"}],"version-history":[{"count":2,"href":"https:\/\/www.elementishop.com\/es\/wp-json\/wp\/v2\/pages\/25599\/revisions"}],"predecessor-version":[{"id":48513,"href":"https:\/\/www.elementishop.com\/es\/wp-json\/wp\/v2\/pages\/25599\/revisions\/48513"}],"wp:attachment":[{"href":"https:\/\/www.elementishop.com\/es\/wp-json\/wp\/v2\/media?parent=25599"}],"curies":[{"name":"wp","href":"https:\/\/api.w.org\/{rel}","templated":true}]}}