{"id":25573,"date":"2025-01-24T15:06:13","date_gmt":"2025-01-24T14:06:13","guid":{"rendered":"https:\/\/www.elementishop.com\/gfrc-beton\/"},"modified":"2025-10-16T10:50:25","modified_gmt":"2025-10-16T08:50:25","slug":"gfrc-beton","status":"publish","type":"page","link":"https:\/\/www.elementishop.com\/es\/gfrc-beton\/","title":{"rendered":"GFRC BETON"},"content":{"rendered":"\n<section class=\"gfrc-article\" style=\"max-width:1200px;margin:20px auto;padding:28px 20px 48px;box-sizing:border-box;font-family:system-ui,-apple-system,'Segoe UI',Roboto,Arial;color:#2B2F36;\">\n  <h1 style=\"margin:0 0 8px;font-size:44px;line-height:1.15;font-weight:800;letter-spacing:.2px;background:linear-gradient(90deg,#D05F22,#FF7A45);-webkit-background-clip:text;-webkit-text-fill-color:transparent;\">\n  CEMENTO GFRC\n  <\/h1>\n\n  <h2 style=\"position:relative;margin:26px 0 12px;font-size:26px;font-weight:700;color:#111418;letter-spacing:.2px;\">\n  Propiedades del GFRC\n    <span style=\"display:block;width:72px;height:2px;margin-top:8px;background:linear-gradient(90deg,#D05F22,#FF7A45);border-radius:2px;\"><\/span>\n  <\/h2>\n  <p style=\"margin:0 0 14px;font-size:17px;\">\n  El GFRC (hormig\u00f3n reforzado con fibra de vidrio) es un material ligero y de alto rendimiento que se fabrica mezclando cemento con un 5% de fibras de vidrio premezcladas. Tiene propiedades de resistencia multidireccional, ya que la adici\u00f3n de fibras de vidrio mejora significativamente la estabilidad y durabilidad del material. Adem\u00e1s, el GFRC ofrece unas propiedades texturales y superficiales \u00fanicas que permiten imitar con precisi\u00f3n la calidez de la madera o la resistencia de la piedra. Al mismo tiempo, el material es sostenible y cumple las normas medioambientales modernas. Es adecuado para una amplia gama de aplicaciones de interior y exterior y resulta especialmente id\u00f3neo para chimeneas y muebles.    \n  <\/p>\n\n  <h2 style=\"position:relative;margin:26px 0 12px;font-size:26px;font-weight:700;color:#111418;letter-spacing:.2px;\">\n  La experiencia de ELEMENTI\n    <span style=\"display:block;width:72px;height:2px;margin-top:8px;background:linear-gradient(90deg,#D05F22,#FF7A45);border-radius:2px;\"><\/span>\n  <\/h2>\n  <p style=\"margin:0 0 14px;font-size:17px;\">\n  Como experta en GFRC, ELEMENTI se ha especializado en la investigaci\u00f3n y fabricaci\u00f3n de este material desde 2013 y cumple con \u00e9xito las normas del sector en Europa y Estados Unidos. Gracias a a\u00f1os de experiencia t\u00e9cnica, la empresa ha desarrollado significativamente el GFRC resistente al calor y ha recibido una patente nacional por ello. ELEMENTI combina innovaci\u00f3n y calidad e impulsa el uso del GFRC en cada vez m\u00e1s \u00e1mbitos.  \n  <\/p>\n\n<!-- Kollektion -->\n<section style=\"margin:18px 0 8px;\">\n  <h2 style=\"margin:0 0 12px;font:700 26px\/1.3 system-ui,-apple-system,'Segoe UI',Roboto,Arial;color:#111418;letter-spacing:.2px;\">\n  Colecci\u00f3n GFRC\n  <\/h2>\n\n  <ul role=\"list\" style=\"--gap:16px;list-style:none;margin:0;padding:0;display:grid;gap:16px;grid-template-columns:repeat(auto-fit,minmax(220px,1fr));\">\n    <!-- 1 Beistelltische -->\n    <li style=\"border:1px solid #e9eef0;border-radius:14px;overflow:hidden;background:#fff;box-shadow:0 2px 8px rgba(0,0,0,.05);transition:transform .18s ease, box-shadow .18s ease, border-color .18s ease;\">\n      <a href=\"https:\/\/www.elementishop.com\/es\/categoria-producto\/mesas-auxiliares\/\" aria-label=\"Beistelltische Kategorie\" style=\"display:block;text-decoration:none;color:inherit;\">\n        <figure style=\"position:relative;margin:0;aspect-ratio:16\/10;background:#000;\">\n          <img loading=\"lazy\" decoding=\"async\" src=\"https:\/\/www.elementishop.com\/wp-content\/uploads\/2025\/02\/FEG13-5-1.webp\" alt=\"Mesas auxiliares\" width=\"1600\" height=\"900\" style=\"width:100%;height:100%;object-fit:cover;display:block;\"\/>\n          <figcaption style=\"position:absolute;left:12px;bottom:12px;display:inline-flex;align-items:center;padding:6px 10px;font-size:12px;font-weight:700;color:#fff;border-radius:999px;background:rgba(17,20,24,.55);border:1px solid rgba(255,255,255,.38);backdrop-filter:saturate(120%) blur(4px);\">Mesas auxiliares<\/figcaption>\n        <\/figure>\n        <div style=\"padding:12px 14px 14px;\">\n          <h3 style=\"margin:0 0 4px;font:700 16px\/1.35 system-ui,-apple-system,'Segoe UI',Roboto,Arial;color:#111418;\">Mesas auxiliares<\/h3>\n          <p style=\"margin:0;font:400 13px\/1.6 system-ui,-apple-system,'Segoe UI',Roboto,Arial;color:#667085;\">Ligero, robusto y resistente a la intemperie<\/p>\n        <\/div>\n      <\/a>\n    <\/li>\n\n    <!-- 2 Couchtische -->\n    <li style=\"border:1px solid #e9eef0;border-radius:14px;overflow:hidden;background:#fff;box-shadow:0 2px 8px rgba(0,0,0,.05);transition:transform .18s ease, box-shadow .18s ease, border-color .18s ease;\">\n      <a href=\"https:\/\/www.elementishop.com\/es\/categoria-producto\/mesas-bajas\/\" aria-label=\"Couchtische Kategorie\" style=\"display:block;text-decoration:none;color:inherit;\">\n        <figure style=\"position:relative;margin:0;aspect-ratio:16\/10;background:#000;\">\n          <img loading=\"lazy\" decoding=\"async\" src=\"https:\/\/www.elementishop.com\/wp-content\/uploads\/2025\/02\/FCG18-12-1.webp\" alt=\"Mesas bajas\" width=\"1600\" height=\"900\" style=\"width:100%;height:100%;object-fit:cover;display:block;\"\/>\n          <figcaption style=\"position:absolute;left:12px;bottom:12px;display:inline-flex;align-items:center;padding:6px 10px;font-size:12px;font-weight:700;color:#fff;border-radius:999px;background:rgba(17,20,24,.55);border:1px solid rgba(255,255,255,.38);backdrop-filter:saturate(120%) blur(4px);\">Mesas bajas<\/figcaption>\n        <\/figure>\n        <div style=\"padding:12px 14px 14px;\">\n          <h3 style=\"margin:0 0 4px;font:700 16px\/1.35 system-ui,-apple-system,'Segoe UI',Roboto,Arial;color:#111418;\">Mesas bajas<\/h3>\n          <p style=\"margin:0;font:400 13px\/1.6 system-ui,-apple-system,'Segoe UI',Roboto,Arial;color:#667085;\">Forma y funci\u00f3n en el sal\u00f3n<\/p>\n        <\/div>\n      <\/a>\n    <\/li>\n\n    <!-- 3 Gas-Feuerstellen -->\n    <li style=\"border:1px solid #e9eef0;border-radius:14px;overflow:hidden;background:#fff;box-shadow:0 2px 8px rgba(0,0,0,.05);transition:transform .18s ease, box-shadow .18s ease, border-color .18s ease;\">\n      <a href=\"https:\/\/www.elementishop.com\/es\/categoria-producto\/chimeneas-de-gas\/\" aria-label=\"Gas-Feuerstellen Kategorie\" style=\"display:block;text-decoration:none;color:inherit;\">\n        <figure style=\"position:relative;margin:0;aspect-ratio:16\/10;background:#000;\">\n          <img loading=\"lazy\" decoding=\"async\" src=\"https:\/\/www.elementishop.com\/wp-content\/uploads\/2025\/02\/OFG101DG-7-1-scaled.webp\" alt=\"Chimeneas de gas\" width=\"1600\" height=\"900\" style=\"width:100%;height:100%;object-fit:cover;display:block;\"\/>\n          <figcaption style=\"position:absolute;left:12px;bottom:12px;display:inline-flex;align-items:center;padding:6px 10px;font-size:12px;font-weight:700;color:#fff;border-radius:999px;background:rgba(17,20,24,.55);border:1px solid rgba(255,255,255,.38);backdrop-filter:saturate(120%) blur(4px);\">Chimeneas de gas<\/figcaption>\n        <\/figure>\n        <div style=\"padding:12px 14px 14px;\">\n          <h3 style=\"margin:0 0 4px;font:700 16px\/1.35 system-ui,-apple-system,'Segoe UI',Roboto,Arial;color:#111418;\">Chimeneas de gas<\/h3>\n          <p style=\"margin:0;font:400 13px\/1.6 system-ui,-apple-system,'Segoe UI',Roboto,Arial;color:#667085;\">Ambiente limpio, seguro e inmediato<\/p>\n        <\/div>\n      <\/a>\n    <\/li>\n\n    <!-- 4 Esstische -->\n    <li style=\"border:1px solid #e9eef0;border-radius:14px;overflow:hidden;background:#fff;box-shadow:0 2px 8px rgba(0,0,0,.05);transition:transform .18s ease, box-shadow .18s ease, border-color .18s ease;\">\n      <a href=\"https:\/\/www.elementishop.com\/es\/categoria-producto\/mesas-de-comedor\/\" aria-label=\"Esstische Kategorie\" style=\"display:block;text-decoration:none;color:inherit;\">\n        <figure style=\"position:relative;margin:0;aspect-ratio:16\/10;background:#000;\">\n          <img loading=\"lazy\" decoding=\"async\" src=\"https:\/\/www.elementishop.com\/wp-content\/uploads\/2022\/11\/FDG02-01.webp\" alt=\"Mesas de comedor\" width=\"1600\" height=\"900\" style=\"width:100%;height:100%;object-fit:cover;display:block;\"\/>\n          <figcaption style=\"position:absolute;left:12px;bottom:12px;display:inline-flex;align-items:center;padding:6px 10px;font-size:12px;font-weight:700;color:#fff;border-radius:999px;background:rgba(17,20,24,.55);border:1px solid rgba(255,255,255,.38);backdrop-filter:saturate(120%) blur(4px);\">Mesas de comedor<\/figcaption>\n        <\/figure>\n        <div style=\"padding:12px 14px 14px;\">\n          <h3 style=\"margin:0 0 4px;font:700 16px\/1.35 system-ui,-apple-system,'Segoe UI',Roboto,Arial;color:#111418;\">Mesas de comedor<\/h3>\n          <p style=\"margin:0;font:400 13px\/1.6 system-ui,-apple-system,'Segoe UI',Roboto,Arial;color:#667085;\">Comedor al aire libre en GFRC<\/p>\n        <\/div>\n      <\/a>\n    <\/li>\n  <\/ul>\n<\/section>\n\n\n  <h2 style=\"position:relative;margin:26px 0 12px;font-size:26px;font-weight:700;color:#111418;letter-spacing:.2px;\">\n  Pruebas de calidad en ELEMENTI\n    <span style=\"display:block;width:72px;height:2px;margin-top:8px;background:linear-gradient(90deg,#D05F22,#FF7A45);border-radius:2px;\"><\/span>\n  <\/h2>\n  <p style=\"margin:0 0 14px;font-size:17px;\">\n  Para garantizar la fiabilidad de los productos de GFRC en condiciones exigentes, ELEMENTI ha establecido un estricto sistema de control de calidad: Resistencia a la intemperie (de -25 \u00b0C a 200 \u00b0C), resistencia al calor continuo (8 d\u00edas, tiempo de quemado diario de 8 h) y 25 ciclos de congelaci\u00f3n-descongelaci\u00f3n. Estas pruebas confirman la excepcional durabilidad y estabilidad del GFRC en condiciones clim\u00e1ticas extremas. \n  <\/p>\n\n  <p style=\"margin:16px 0 24px;\">\n    <a href=\"https:\/\/www.elementishop.com\/es\/ratgeber\/conocimientos-materiales\/descripcion-del-material-gfrc\/\" style=\"display:inline-flex;align-items:center;gap:8px;padding:10px 16px;border-radius:10px;border:1px solid #D05F22;color:#fff;background:#D05F22;font-weight:600;text-decoration:none;line-height:1.2;\">\n  M\u00e1s informaci\u00f3n sobre el GFRC\n    <\/a>\n  <\/p>\n\n  <p style=\"text-align:center;margin:0 0 6px;\">Vivir con los ELEMENTOS de la naturaleza<\/p>\n  <p style=\"text-align:center;margin:0;\"><strong>Tierra<\/strong> &#8211; Agua &#8211; Aire &#8211; Fuego<\/p>\n<\/section>\n","protected":false},"excerpt":{"rendered":"<p>CEMENTO GFRC Propiedades del GFRC El GFRC (hormig\u00f3n reforzado con fibra de vidrio) es un material ligero y de alto [&hellip;]<\/p>\n","protected":false},"author":1,"featured_media":0,"parent":0,"menu_order":0,"comment_status":"closed","ping_status":"closed","template":"","meta":{"site-sidebar-layout":"default","site-content-layout":"","ast-site-content-layout":"default","site-content-style":"default","site-sidebar-style":"default","ast-global-header-display":"","ast-banner-title-visibility":"","ast-main-header-display":"","ast-hfb-above-header-display":"","ast-hfb-below-header-display":"","ast-hfb-mobile-header-display":"","site-post-title":"","ast-breadcrumbs-content":"","ast-featured-img":"","footer-sml-layout":"","ast-disable-related-posts":"","theme-transparent-header-meta":"","adv-header-id-meta":"","stick-header-meta":"","header-above-stick-meta":"","header-main-stick-meta":"","header-below-stick-meta":"","astra-migrate-meta-layouts":"default","ast-page-background-enabled":"default","ast-page-background-meta":{"desktop":{"background-color":"var(--ast-global-color-5)","background-image":"","background-repeat":"repeat","background-position":"center center","background-size":"auto","background-attachment":"scroll","background-type":"","background-media":"","overlay-type":"","overlay-color":"","overlay-opacity":"","overlay-gradient":""},"tablet":{"background-color":"","background-image":"","background-repeat":"repeat","background-position":"center center","background-size":"auto","background-attachment":"scroll","background-type":"","background-media":"","overlay-type":"","overlay-color":"","overlay-opacity":"","overlay-gradient":""},"mobile":{"background-color":"","background-image":"","background-repeat":"repeat","background-position":"center center","background-size":"auto","background-attachment":"scroll","background-type":"","background-media":"","overlay-type":"","overlay-color":"","overlay-opacity":"","overlay-gradient":""}},"ast-content-background-meta":{"desktop":{"background-color":"var(--ast-global-color-4)","background-image":"","background-repeat":"repeat","background-position":"center center","background-size":"auto","background-attachment":"scroll","background-type":"","background-media":"","overlay-type":"","overlay-color":"","overlay-opacity":"","overlay-gradient":""},"tablet":{"background-color":"var(--ast-global-color-4)","background-image":"","background-repeat":"repeat","background-position":"center center","background-size":"auto","background-attachment":"scroll","background-type":"","background-media":"","overlay-type":"","overlay-color":"","overlay-opacity":"","overlay-gradient":""},"mobile":{"background-color":"var(--ast-global-color-4)","background-image":"","background-repeat":"repeat","background-position":"center center","background-size":"auto","background-attachment":"scroll","background-type":"","background-media":"","overlay-type":"","overlay-color":"","overlay-opacity":"","overlay-gradient":""}},"footnotes":""},"class_list":["post-25573","page","type-page","status-publish","hentry"],"yoast_head":"<!-- This site is optimized with the Yoast SEO Premium plugin v27.5 (Yoast SEO v27.5) - https:\/\/yoast.com\/product\/yoast-seo-premium-wordpress\/ -->\n<title>Cemento GFRC: Propiedades, ensayos y cuidados | Elementi<\/title>\n<meta name=\"description\" content=\"Expertos en GFRC para materiales ligeros, resistentes a la intemperie y al calor. Pruebas extremas + consejos de cuidado para muebles de exterior y chimeneas duraderos.\" \/>\n<meta name=\"robots\" content=\"index, follow, max-snippet:-1, max-image-preview:large, max-video-preview:-1\" \/>\n<link rel=\"canonical\" href=\"https:\/\/www.elementishop.com\/es\/gfrc-beton\/\" \/>\n<meta property=\"og:locale\" content=\"es_ES\" \/>\n<meta property=\"og:type\" content=\"article\" \/>\n<meta property=\"og:title\" content=\"GFRC BETON - Elementi\" \/>\n<meta property=\"og:description\" content=\"Expertos en GFRC para materiales ligeros, resistentes a la intemperie y al calor. Pruebas extremas + consejos de cuidado para muebles de exterior y chimeneas duraderos.\" \/>\n<meta property=\"og:url\" content=\"https:\/\/www.elementishop.com\/es\/gfrc-beton\/\" \/>\n<meta property=\"og:site_name\" content=\"Elementi\" \/>\n<meta property=\"article:modified_time\" content=\"2025-10-16T08:50:25+00:00\" \/>\n<meta property=\"og:image\" content=\"https:\/\/www.elementishop.com\/wp-content\/uploads\/2025\/02\/FEG13-5-1.webp\" \/>\n<meta name=\"twitter:card\" content=\"summary_large_image\" \/>\n<meta name=\"twitter:label1\" content=\"Tiempo de lectura\" \/>\n\t<meta name=\"twitter:data1\" content=\"2 minutos\" \/>\n<script type=\"application\/ld+json\" class=\"yoast-schema-graph\">{\"@context\":\"https:\\\/\\\/schema.org\",\"@graph\":[{\"@type\":\"WebPage\",\"@id\":\"https:\\\/\\\/www.elementishop.com\\\/es\\\/gfrc-beton\\\/\",\"url\":\"https:\\\/\\\/www.elementishop.com\\\/es\\\/gfrc-beton\\\/\",\"name\":\"Cemento GFRC: Propiedades, ensayos y cuidados | Elementi\",\"isPartOf\":{\"@id\":\"https:\\\/\\\/www.elementishop.com\\\/es\\\/#website\"},\"primaryImageOfPage\":{\"@id\":\"https:\\\/\\\/www.elementishop.com\\\/es\\\/gfrc-beton\\\/#primaryimage\"},\"image\":{\"@id\":\"https:\\\/\\\/www.elementishop.com\\\/es\\\/gfrc-beton\\\/#primaryimage\"},\"thumbnailUrl\":\"https:\\\/\\\/www.elementishop.com\\\/wp-content\\\/uploads\\\/2025\\\/02\\\/FEG13-5-1.webp\",\"datePublished\":\"2025-01-24T14:06:13+00:00\",\"dateModified\":\"2025-10-16T08:50:25+00:00\",\"description\":\"Expertos en GFRC para materiales ligeros, resistentes a la intemperie y al calor. Pruebas extremas + consejos de cuidado para muebles de exterior y chimeneas duraderos.\",\"breadcrumb\":{\"@id\":\"https:\\\/\\\/www.elementishop.com\\\/es\\\/gfrc-beton\\\/#breadcrumb\"},\"inLanguage\":\"es\",\"potentialAction\":[{\"@type\":\"ReadAction\",\"target\":[\"https:\\\/\\\/www.elementishop.com\\\/es\\\/gfrc-beton\\\/\"]}]},{\"@type\":\"ImageObject\",\"inLanguage\":\"es\",\"@id\":\"https:\\\/\\\/www.elementishop.com\\\/es\\\/gfrc-beton\\\/#primaryimage\",\"url\":\"https:\\\/\\\/www.elementishop.com\\\/wp-content\\\/uploads\\\/2025\\\/02\\\/FEG13-5-1.webp\",\"contentUrl\":\"https:\\\/\\\/www.elementishop.com\\\/wp-content\\\/uploads\\\/2025\\\/02\\\/FEG13-5-1.webp\"},{\"@type\":\"BreadcrumbList\",\"@id\":\"https:\\\/\\\/www.elementishop.com\\\/es\\\/gfrc-beton\\\/#breadcrumb\",\"itemListElement\":[{\"@type\":\"ListItem\",\"position\":1,\"name\":\"Home\",\"item\":\"https:\\\/\\\/www.elementishop.com\\\/es\\\/inicio\\\/\"},{\"@type\":\"ListItem\",\"position\":2,\"name\":\"GFRC BETON\"}]},{\"@type\":\"WebSite\",\"@id\":\"https:\\\/\\\/www.elementishop.com\\\/es\\\/#website\",\"url\":\"https:\\\/\\\/www.elementishop.com\\\/es\\\/\",\"name\":\"Elementi\",\"description\":\"Feuerstellen und Betonm\u00f6bel direkt vom Hersteller\",\"publisher\":{\"@id\":\"https:\\\/\\\/www.elementishop.com\\\/es\\\/#organization\"},\"alternateName\":\"ELEMENTI\",\"potentialAction\":[{\"@type\":\"SearchAction\",\"target\":{\"@type\":\"EntryPoint\",\"urlTemplate\":\"https:\\\/\\\/www.elementishop.com\\\/es\\\/?s={search_term_string}\"},\"query-input\":{\"@type\":\"PropertyValueSpecification\",\"valueRequired\":true,\"valueName\":\"search_term_string\"}}],\"inLanguage\":\"es\"},{\"@type\":\"Organization\",\"@id\":\"https:\\\/\\\/www.elementishop.com\\\/es\\\/#organization\",\"name\":\"Elementi\",\"alternateName\":\"Ocean Rock EU GmbH\",\"url\":\"https:\\\/\\\/www.elementishop.com\\\/es\\\/\",\"logo\":{\"@type\":\"ImageObject\",\"inLanguage\":\"es\",\"@id\":\"https:\\\/\\\/www.elementishop.com\\\/es\\\/#\\\/schema\\\/logo\\\/image\\\/\",\"url\":\"https:\\\/\\\/www.elementishop.com\\\/wp-content\\\/uploads\\\/2024\\\/10\\\/Elementi_icon.png\",\"contentUrl\":\"https:\\\/\\\/www.elementishop.com\\\/wp-content\\\/uploads\\\/2024\\\/10\\\/Elementi_icon.png\",\"width\":32,\"height\":32,\"caption\":\"Elementi\"},\"image\":{\"@id\":\"https:\\\/\\\/www.elementishop.com\\\/es\\\/#\\\/schema\\\/logo\\\/image\\\/\"},\"sameAs\":[\"https:\\\/\\\/www.youtube.com\\\/channel\\\/UCfS6nYgGKEK48J8PewFrWNQ\",\"https:\\\/\\\/www.instagram.com\\\/elementi.eu\\\/\",\"https:\\\/\\\/de.pinterest.com\\\/elementieurope\\\/_saved\\\/\",\"https:\\\/\\\/www.tiktok.com\\\/@elementi_spain?_t=8ovjXwJeKp7&_r=1\"],\"description\":\"ELEMENTI entwickelt hochwertige Gas-Feuerstellen und M\u00f6bel aus GFRC-Beton f\u00fcr den europ\u00e4ischen Markt \u2013 CE\\\/EN-konform mit passendem Zubeh\u00f6r.\",\"email\":\"info@elementieu.com\",\"telephone\":\"017623120610\",\"foundingDate\":\"2013-09-01\",\"vatID\":\"DE355807255\",\"taxID\":\"12257580929\",\"numberOfEmployees\":{\"@type\":\"QuantitativeValue\",\"minValue\":\"1\",\"maxValue\":\"10\"},\"publishingPrinciples\":\"https:\\\/\\\/www.elementishop.com\\\/ueber-uns\\\/\",\"ownershipFundingInfo\":\"https:\\\/\\\/www.elementishop.com\\\/impressum\\\/\",\"correctionsPolicy\":\"https:\\\/\\\/www.elementishop.com\\\/agb\\\/\",\"ethicsPolicy\":\"https:\\\/\\\/www.elementishop.com\\\/ueber-uns\\\/\",\"hasMerchantReturnPolicy\":{\"@type\":\"MerchantReturnPolicy\",\"merchantReturnLink\":\"https:\\\/\\\/www.elementishop.com\\\/widerrufsrecht\\\/\"}}]}<\/script>\n<!-- \/ Yoast SEO Premium plugin. -->","yoast_head_json":{"title":"Cemento GFRC: Propiedades, ensayos y cuidados | Elementi","description":"Expertos en GFRC para materiales ligeros, resistentes a la intemperie y al calor. Pruebas extremas + consejos de cuidado para muebles de exterior y chimeneas duraderos.","robots":{"index":"index","follow":"follow","max-snippet":"max-snippet:-1","max-image-preview":"max-image-preview:large","max-video-preview":"max-video-preview:-1"},"canonical":"https:\/\/www.elementishop.com\/es\/gfrc-beton\/","og_locale":"es_ES","og_type":"article","og_title":"GFRC BETON - Elementi","og_description":"Expertos en GFRC para materiales ligeros, resistentes a la intemperie y al calor. Pruebas extremas + consejos de cuidado para muebles de exterior y chimeneas duraderos.","og_url":"https:\/\/www.elementishop.com\/es\/gfrc-beton\/","og_site_name":"Elementi","article_modified_time":"2025-10-16T08:50:25+00:00","og_image":[{"url":"https:\/\/www.elementishop.com\/wp-content\/uploads\/2025\/02\/FEG13-5-1.webp","type":"","width":"","height":""}],"twitter_card":"summary_large_image","twitter_misc":{"Tiempo de lectura":"2 minutos"},"schema":{"@context":"https:\/\/schema.org","@graph":[{"@type":"WebPage","@id":"https:\/\/www.elementishop.com\/es\/gfrc-beton\/","url":"https:\/\/www.elementishop.com\/es\/gfrc-beton\/","name":"Cemento GFRC: Propiedades, ensayos y cuidados | Elementi","isPartOf":{"@id":"https:\/\/www.elementishop.com\/es\/#website"},"primaryImageOfPage":{"@id":"https:\/\/www.elementishop.com\/es\/gfrc-beton\/#primaryimage"},"image":{"@id":"https:\/\/www.elementishop.com\/es\/gfrc-beton\/#primaryimage"},"thumbnailUrl":"https:\/\/www.elementishop.com\/wp-content\/uploads\/2025\/02\/FEG13-5-1.webp","datePublished":"2025-01-24T14:06:13+00:00","dateModified":"2025-10-16T08:50:25+00:00","description":"Expertos en GFRC para materiales ligeros, resistentes a la intemperie y al calor. Pruebas extremas + consejos de cuidado para muebles de exterior y chimeneas duraderos.","breadcrumb":{"@id":"https:\/\/www.elementishop.com\/es\/gfrc-beton\/#breadcrumb"},"inLanguage":"es","potentialAction":[{"@type":"ReadAction","target":["https:\/\/www.elementishop.com\/es\/gfrc-beton\/"]}]},{"@type":"ImageObject","inLanguage":"es","@id":"https:\/\/www.elementishop.com\/es\/gfrc-beton\/#primaryimage","url":"https:\/\/www.elementishop.com\/wp-content\/uploads\/2025\/02\/FEG13-5-1.webp","contentUrl":"https:\/\/www.elementishop.com\/wp-content\/uploads\/2025\/02\/FEG13-5-1.webp"},{"@type":"BreadcrumbList","@id":"https:\/\/www.elementishop.com\/es\/gfrc-beton\/#breadcrumb","itemListElement":[{"@type":"ListItem","position":1,"name":"Home","item":"https:\/\/www.elementishop.com\/es\/inicio\/"},{"@type":"ListItem","position":2,"name":"GFRC BETON"}]},{"@type":"WebSite","@id":"https:\/\/www.elementishop.com\/es\/#website","url":"https:\/\/www.elementishop.com\/es\/","name":"Elementi","description":"Feuerstellen und Betonm\u00f6bel direkt vom Hersteller","publisher":{"@id":"https:\/\/www.elementishop.com\/es\/#organization"},"alternateName":"ELEMENTI","potentialAction":[{"@type":"SearchAction","target":{"@type":"EntryPoint","urlTemplate":"https:\/\/www.elementishop.com\/es\/?s={search_term_string}"},"query-input":{"@type":"PropertyValueSpecification","valueRequired":true,"valueName":"search_term_string"}}],"inLanguage":"es"},{"@type":"Organization","@id":"https:\/\/www.elementishop.com\/es\/#organization","name":"Elementi","alternateName":"Ocean Rock EU GmbH","url":"https:\/\/www.elementishop.com\/es\/","logo":{"@type":"ImageObject","inLanguage":"es","@id":"https:\/\/www.elementishop.com\/es\/#\/schema\/logo\/image\/","url":"https:\/\/www.elementishop.com\/wp-content\/uploads\/2024\/10\/Elementi_icon.png","contentUrl":"https:\/\/www.elementishop.com\/wp-content\/uploads\/2024\/10\/Elementi_icon.png","width":32,"height":32,"caption":"Elementi"},"image":{"@id":"https:\/\/www.elementishop.com\/es\/#\/schema\/logo\/image\/"},"sameAs":["https:\/\/www.youtube.com\/channel\/UCfS6nYgGKEK48J8PewFrWNQ","https:\/\/www.instagram.com\/elementi.eu\/","https:\/\/de.pinterest.com\/elementieurope\/_saved\/","https:\/\/www.tiktok.com\/@elementi_spain?_t=8ovjXwJeKp7&_r=1"],"description":"ELEMENTI entwickelt hochwertige Gas-Feuerstellen und M\u00f6bel aus GFRC-Beton f\u00fcr den europ\u00e4ischen Markt \u2013 CE\/EN-konform mit passendem Zubeh\u00f6r.","email":"info@elementieu.com","telephone":"017623120610","foundingDate":"2013-09-01","vatID":"DE355807255","taxID":"12257580929","numberOfEmployees":{"@type":"QuantitativeValue","minValue":"1","maxValue":"10"},"publishingPrinciples":"https:\/\/www.elementishop.com\/ueber-uns\/","ownershipFundingInfo":"https:\/\/www.elementishop.com\/impressum\/","correctionsPolicy":"https:\/\/www.elementishop.com\/agb\/","ethicsPolicy":"https:\/\/www.elementishop.com\/ueber-uns\/","hasMerchantReturnPolicy":{"@type":"MerchantReturnPolicy","merchantReturnLink":"https:\/\/www.elementishop.com\/widerrufsrecht\/"}}]}},"_links":{"self":[{"href":"https:\/\/www.elementishop.com\/es\/wp-json\/wp\/v2\/pages\/25573","targetHints":{"allow":["GET"]}}],"collection":[{"href":"https:\/\/www.elementishop.com\/es\/wp-json\/wp\/v2\/pages"}],"about":[{"href":"https:\/\/www.elementishop.com\/es\/wp-json\/wp\/v2\/types\/page"}],"author":[{"embeddable":true,"href":"https:\/\/www.elementishop.com\/es\/wp-json\/wp\/v2\/users\/1"}],"replies":[{"embeddable":true,"href":"https:\/\/www.elementishop.com\/es\/wp-json\/wp\/v2\/comments?post=25573"}],"version-history":[{"count":8,"href":"https:\/\/www.elementishop.com\/es\/wp-json\/wp\/v2\/pages\/25573\/revisions"}],"predecessor-version":[{"id":45346,"href":"https:\/\/www.elementishop.com\/es\/wp-json\/wp\/v2\/pages\/25573\/revisions\/45346"}],"wp:attachment":[{"href":"https:\/\/www.elementishop.com\/es\/wp-json\/wp\/v2\/media?parent=25573"}],"curies":[{"name":"wp","href":"https:\/\/api.w.org\/{rel}","templated":true}]}}